{"id":13479,"date":"2018-07-18T14:31:08","date_gmt":"2018-07-18T12:31:08","guid":{"rendered":"https:\/\/divine-id.site\/CI\/2024\/?page_id=13479"},"modified":"2024-03-20T10:52:09","modified_gmt":"2024-03-20T09:52:09","slug":"speakers","status":"publish","type":"page","link":"https:\/\/divine-id.site\/CI\/2024\/speakers\/","title":{"rendered":"\u00a0Faculty &amp; Committees"},"content":{"rendered":"<p>[et_pb_section fb_built=&#8221;1&#8243; _builder_version=&#8221;4.19.5&#8243; _module_preset=&#8221;default&#8221; global_colors_info=&#8221;{}&#8221;][et_pb_row _builder_version=&#8221;4.19.5&#8243; _module_preset=&#8221;default&#8221; global_colors_info=&#8221;{}&#8221;][et_pb_column type=&#8221;4_4&#8243; _builder_version=&#8221;4.19.5&#8243; _module_preset=&#8221;default&#8221; global_colors_info=&#8221;{}&#8221;][et_pb_text _builder_version=&#8221;4.19.5&#8243; _module_preset=&#8221;default&#8221; global_colors_info=&#8221;{}&#8221;]<\/p>\n<h1 style=\"text-align: center;\">FACULTY<\/h1>\n<p>[\/et_pb_text][et_pb_text _builder_version=&#8221;4.23.4&#8243; _module_preset=&#8221;default&#8221; min_height=&#8221;16.8px&#8221; global_colors_info=&#8221;{}&#8221;]<\/p>\n<p style=\"text-align: center;\"><span>Discover the faculty of CI 2024.<\/span><\/p>\n<p>[\/et_pb_text][\/et_pb_column][\/et_pb_row][et_pb_row column_structure=&#8221;1_2,1_2&#8243; disabled_on=&#8221;off|off|off&#8221; _builder_version=&#8221;4.23.4&#8243; _module_preset=&#8221;default&#8221; width=&#8221;79.2%&#8221; global_colors_info=&#8221;{}&#8221;][et_pb_column type=&#8221;1_2&#8243; _builder_version=&#8221;4.19.5&#8243; _module_preset=&#8221;default&#8221; global_colors_info=&#8221;{}&#8221;][et_pb_text _builder_version=&#8221;4.24.0&#8243; _module_preset=&#8221;default&#8221; global_colors_info=&#8221;{}&#8221;]<\/p>\n<p style=\"text-align: center;\">Michele ANTONELLO I Padova, Italy<br \/>Gintautas BIELIAUSKAS I K\u00f8benhavn\u00f8, Danemark<br \/>Theodosios BISDAS I Athens, Greece<br \/>Katarina BJ\u00d6RSES I Copenhagen, Danemark<br \/>Dittmar B\u00d6CKLER I Heidelberg, Germany<br \/>Daniela BRANZAN I Leipzig, Germany<br \/>Jacob BUDTZ LILLY I Aarhus, Danemark<br \/>Caroline CARADU I Bordeaux, France<br \/>Christopher CHENG I San Francisco, The United States<br \/>Rachel CLOUGH I London, The United Kingdom<br \/>Jean Paul DE VRIES I Groningen, The Netherlands<br \/>Nuno DIAS I Malm\u00f6, Sweden<br \/>Eric DUCASSE I Bordeaux, France<br \/>Salma EL BATTI I Paris, France<br \/>Dominique FABRE I Le Plessis Robinson, France<br \/>J\u00fcrgen FALKENSAMMER I Vienna, Austria<br \/>Mark FARBER I Chapel Hill, The United States<br \/>Enrico GALLITTO I Bologna, Italy<br \/>Mauro GARGIULO I Bologna, Italy<br \/>Philipp GEISB\u00dcSCH I Stuttgart, Germany<br \/>Stefano GENNAI | Modena, Italy<br \/>Stephan HAULON I Le Plessis Robinson, France<br \/>Tomasz JAKIMOWICZ I Warsaw, Poland<br \/>Angelos KARELIS I Malm\u00f6, Sweden<br \/>Athanasios KATSARGYRIS I Nuremberg, Germany<br \/>Tilo K\u00d6LBEL I Hamburg, Germany<br \/>Theodoros KRATIMENOS I Athens, Greece<br \/>Beate LINDBERG I Oslo, Norway<br \/>Vladimir MAKALOSKI I Bern, Switzerland<\/p>\n<p>[\/et_pb_text][\/et_pb_column][et_pb_column type=&#8221;1_2&#8243; _builder_version=&#8221;4.19.5&#8243; _module_preset=&#8221;default&#8221; global_colors_info=&#8221;{}&#8221;][et_pb_text _builder_version=&#8221;4.24.0&#8243; _module_preset=&#8221;default&#8221; global_colors_info=&#8221;{}&#8221;]<\/p>\n<p style=\"text-align: center;\">Kevin, MANI I Upsala, Sweden<br \/>Tara MASTRACCI I London, The United Kingdom<br \/>Blandine MAUREL I Nantes, France<br \/>Barend MEES I Maastricht, The Netherlands<br \/>Katrin MEISENBACHER I Heidelberg, Germany<br \/>Germano MELISSANO I Milano, Italy<br \/>Bernardo MENDES I Rochester, The United States<br \/>Luis MENDES PEDRO I Lisboa, Portugal<br \/>Aleem MIRZA I Houston, The United States<br \/>Bijan MODARAI I London, The United Kingdom<br \/>Petroula NANA I Hamburg, Germany<br \/>Giovanni PRATESI I Genova, Italy<br \/>Timothy RESCH I Copenhagen, Danemark<br \/>Vicente SALA I Valencia, Spain<br \/>Enrique SAN NORBERTO I Valladolid, Spain<br \/>Marc SCHERMERHORN I Boston, The United States<br \/>Giole SIMONTE I Perugia, Italy<br \/>Bj\u00f6rn SONESSON I Malm\u00f6, Sweden<br \/>Carlos TIMARAN I Dallas, The United States<br \/>Santi TRIMARCHI I San Donato, Italy<br \/>Nikolaos TSILIMPARIS I Munich, Germany<br \/>Rao VALLABHANENI I Liverpool, The United Kingdom<br \/>Carla VAN RIJSWIJK I Leiden, The Netherlands<br \/>Eric VERHOEVEN I Nuremberg, Germany<br \/>Frank VERMASSEN I Gent, Belgium<br \/>Kak Khee YEUNG I Baambrugge, The Netherlands<br \/>Sara ZETTERVALL I Seattle, The United States<br \/>Alexander ZIMMERMANN I Zurich, Switzerland<\/p>\n<p>[\/et_pb_text][\/et_pb_column][\/et_pb_row][\/et_pb_section][et_pb_section fb_built=&#8221;1&#8243; admin_label=&#8221;About Us&#8221; _builder_version=&#8221;4.16&#8243; custom_padding=&#8221;0|0px|54px|0px|false|false&#8221; global_module=&#8221;235422&#8243; saved_tabs=&#8221;all&#8221; global_colors_info=&#8221;{}&#8221;][et_pb_row _builder_version=&#8221;4.19.5&#8243; _module_preset=&#8221;default&#8221; global_colors_info=&#8221;{}&#8221;][et_pb_column type=&#8221;4_4&#8243; _builder_version=&#8221;4.19.5&#8243; _module_preset=&#8221;default&#8221; global_colors_info=&#8221;{}&#8221;][et_pb_text _builder_version=&#8221;4.19.5&#8243; _module_preset=&#8221;default&#8221; text_font=&#8221;||||||||&#8221; text_text_color=&#8221;#000000&#8243; text_font_size=&#8221;17px&#8221; global_colors_info=&#8221;{}&#8221;]<\/p>\n<h1 style=\"text-align: center;\"><strong>COURSE LOCAL ORGANIZERS<\/strong><\/h1>\n<p style=\"text-align: center;\">Nuno Dias, <strong>Malm\u00f6, Sweden<\/strong><br \/>Timothy Resch, <strong>Copenhagen, Denmark<\/strong><\/p>\n<p>[\/et_pb_text][\/et_pb_column][\/et_pb_row][et_pb_row disabled_on=&#8221;on|on|on&#8221; _builder_version=&#8221;4.19.5&#8243; _module_preset=&#8221;default&#8221; disabled=&#8221;on&#8221; global_colors_info=&#8221;{}&#8221;][et_pb_column type=&#8221;4_4&#8243; _builder_version=&#8221;4.19.5&#8243; _module_preset=&#8221;default&#8221; global_colors_info=&#8221;{}&#8221;][et_pb_text _builder_version=&#8221;4.19.5&#8243; _module_preset=&#8221;default&#8221; global_colors_info=&#8221;{}&#8221;]<\/p>\n<h1 class=\"x_MsoNormal\" style=\"text-align: center;\"><span lang=\"EN-GB\">ASSOCIATE PROGRAMME FACULTY<\/span><\/h1>\n<p style=\"text-align: center;\">Michele Antonello, <strong>Padova, Italy<\/strong><\/p>\n<p style=\"text-align: center;\">Dittmar B\u00f6ckler, <strong>Heidelberg, Germany<\/strong><\/p>\n<p style=\"text-align: center;\">J\u00fcrgen Falkensammer, <strong>Vienna, Austria<\/strong><\/p>\n<p style=\"text-align: center;\"><span>Kak Khee Yeung<\/span>, <strong>Amsterdam, The Netherlands<\/strong><\/p>\n<p>&nbsp;<\/p>\n<p>[\/et_pb_text][\/et_pb_column][\/et_pb_row][et_pb_row _builder_version=&#8221;4.19.5&#8243; _module_preset=&#8221;default&#8221; global_colors_info=&#8221;{}&#8221;][et_pb_column type=&#8221;4_4&#8243; _builder_version=&#8221;4.19.5&#8243; _module_preset=&#8221;default&#8221; global_colors_info=&#8221;{}&#8221;][et_pb_text _builder_version=&#8221;4.19.5&#8243; _module_preset=&#8221;default&#8221; global_colors_info=&#8221;{}&#8221;]<\/p>\n<h1 style=\"text-align: center;\"><strong>CRITICAL ISSUES STEERING COMMITTEE<\/strong><\/h1>\n<p>[\/et_pb_text][\/et_pb_column][\/et_pb_row][et_pb_row column_structure=&#8221;1_5,1_5,1_5,1_5,1_5&#8243; _builder_version=&#8221;4.19.5&#8243; _module_preset=&#8221;default&#8221; global_colors_info=&#8221;{}&#8221;][et_pb_column type=&#8221;1_5&#8243; _builder_version=&#8221;4.19.5&#8243; _module_preset=&#8221;default&#8221; global_colors_info=&#8221;{}&#8221;][et_pb_team_member name=&#8221;Nuno Dias&#8221; image_url=&#8221;https:\/\/divine-id.site\/CI\/2024\/wp-content\/uploads\/2023\/02\/nunodias.jpg&#8221; _builder_version=&#8221;4.19.5&#8243; _module_preset=&#8221;default&#8221; header_level=&#8221;h1&#8243; header_font_size=&#8221;20px&#8221; text_orientation=&#8221;center&#8221; global_colors_info=&#8221;{}&#8221;]<strong>Malm\u00f6<br \/>\nSweden<\/strong>[\/et_pb_team_member][\/et_pb_column][et_pb_column type=&#8221;1_5&#8243; _builder_version=&#8221;4.19.5&#8243; _module_preset=&#8221;default&#8221; global_colors_info=&#8221;{}&#8221;][et_pb_team_member name=&#8221;Athanasios Katsargyris&#8221; image_url=&#8221;https:\/\/divine-id.site\/CI\/2024\/wp-content\/uploads\/2023\/02\/athos.jpg&#8221; _builder_version=&#8221;4.19.5&#8243; _module_preset=&#8221;default&#8221; header_level=&#8221;h1&#8243; header_font_size=&#8221;20px&#8221; text_orientation=&#8221;center&#8221; global_colors_info=&#8221;{}&#8221;]<strong>Nuremberg<br \/>\nGermany<\/strong>[\/et_pb_team_member][\/et_pb_column][et_pb_column type=&#8221;1_5&#8243; _builder_version=&#8221;4.19.5&#8243; _module_preset=&#8221;default&#8221; global_colors_info=&#8221;{}&#8221;][et_pb_team_member name=&#8221;Stephan Haulon&#8221; image_url=&#8221;https:\/\/didhbgt.com\/news\/ci\/2023\/Haulon.png&#8221; _builder_version=&#8221;4.19.5&#8243; _module_preset=&#8221;default&#8221; header_level=&#8221;h1&#8243; header_font_size=&#8221;20px&#8221; text_orientation=&#8221;center&#8221; global_colors_info=&#8221;{}&#8221;]<strong>Le Plessis-Robinson<br \/>\nFrance<\/strong>[\/et_pb_team_member][\/et_pb_column][et_pb_column type=&#8221;1_5&#8243; _builder_version=&#8221;4.19.5&#8243; _module_preset=&#8221;default&#8221; global_colors_info=&#8221;{}&#8221;][et_pb_team_member name=&#8221;Timothy Resch&#8221; image_url=&#8221;https:\/\/didhbgt.com\/news\/ci\/2023\/RESCH.png&#8221; _builder_version=&#8221;4.19.5&#8243; _module_preset=&#8221;default&#8221; header_level=&#8221;h1&#8243; header_font_size=&#8221;20px&#8221; text_orientation=&#8221;center&#8221; global_colors_info=&#8221;{}&#8221;]<strong>\u00a0Copenhagen<br \/>\nDenmark<\/strong>[\/et_pb_team_member][\/et_pb_column][et_pb_column type=&#8221;1_5&#8243; _builder_version=&#8221;4.19.5&#8243; _module_preset=&#8221;default&#8221; global_colors_info=&#8221;{}&#8221;][et_pb_team_member name=&#8221;Eric Verhoeven&#8221; image_url=&#8221;https:\/\/didhbgt.com\/news\/ci\/2023\/verhoeven.png&#8221; _builder_version=&#8221;4.19.5&#8243; _module_preset=&#8221;default&#8221; header_level=&#8221;h1&#8243; header_font_size=&#8221;20px&#8221; text_orientation=&#8221;center&#8221; global_colors_info=&#8221;{}&#8221;]<strong>Nuremberg<br \/>\nGermany<\/strong>[\/et_pb_team_member][\/et_pb_column][\/et_pb_row][\/et_pb_section]<\/p>\n","protected":false},"excerpt":{"rendered":"<p>FACULTYDiscover the faculty of CI 2024.Michele ANTONELLO I Padova, ItalyGintautas BIELIAUSKAS I K\u00f8benhavn\u00f8, DanemarkTheodosios BISDAS I Athens, GreeceKatarina BJ\u00d6RSES I Copenhagen, DanemarkDittmar B\u00d6CKLER I Heidelberg, GermanyDaniela BRANZAN I Leipzig, GermanyJacob BUDTZ LILLY I Aarhus, DanemarkCaroline CARADU I Bordeaux, FranceChristopher CHENG I San Francisco, The United StatesRachel CLOUGH I London, The United KingdomJean Paul DE VRIES [&hellip;]<\/p>\n","protected":false},"author":1,"featured_media":0,"parent":0,"menu_order":0,"comment_status":"open","ping_status":"open","template":"","meta":{"_et_pb_use_builder":"on","_et_pb_old_content":"[vc_row mo_row_type=\"in_container\" mo_padding=\"custom\" mo_padding_top=\"15\" mo_padding_bottom=\"10\"][vc_column][clearing_space height=\"60\"][vc_column_text]\r\n<h1 style=\"text-align: center;\"><strong><span style=\"color: #000000;\">Faculty<\/span><\/strong><\/h1>\r\n[\/vc_column_text][clearing_space height=\"60\"][\/vc_column][\/vc_row][vc_row mo_row_type=\"in_container\" mo_padding=\"none\"][vc_column][vc_column_text]\r\n<h2 style=\"text-align: center;\"><strong><span style=\"font-size: 18pt;\"><span style=\"color: #e6007e;\">COURSE LOCAL<\/span> ORGANIZERS<\/span><\/strong><\/h2>\r\n[\/vc_column_text][\/vc_column][\/vc_row][vc_row mo_row_type=\"in_container\" mo_padding=\"custom\" mo_padding_top=\"10\" mo_padding_bottom=\"10\"][vc_column][vc_separator][vc_empty_space height=\"20px\"][vc_column_text]\r\n<h3 style=\"text-align: center;\">Eric Verhoeven, Nuremberg, Germany\r\nMartin Bruck, Nuremberg, Germany\r\nAthanasios Katsargyris, Nuremberg, Germany\r\nPablo Marques, Nuremberg, Germany\r\nBernd Moehner, Nuremberg, Germany<\/h3>\r\n[\/vc_column_text][vc_empty_space height=\"10px\"][\/vc_column][\/vc_row][vc_row mo_row_type=\"in_container\" mo_padding=\"custom\" mo_padding_top=\"10\" mo_padding_bottom=\"10\"][vc_column][vc_separator][\/vc_column][\/vc_row][vc_row mo_row_type=\"in_container\" mo_padding=\"none\"][vc_column][vc_column_text]\r\n<h2 style=\"text-align: center;\"><strong><span style=\"font-size: 18pt;\">CRITICAL ISSUES <span style=\"color: #7a1f7f;\">STEERING COMMITTEE<\/span><\/span><\/strong><\/h2>\r\n[\/vc_column_text][\/vc_column][\/vc_row][vc_row mo_row_type=\"in_container\" mo_padding=\"none\"][vc_column width=\"1\/3\"][vc_row_inner content_placement=\"middle\"][vc_column_inner width=\"1\/3\"][vc_single_image image=\"14814\" alignment=\"center\"][\/vc_column_inner][vc_column_inner width=\"2\/3\"][vc_column_text]\r\n<h3>St\u00e9phan HAULON\r\n<i style=\"letter-spacing: 0.6px;\">Le Plessis Robinson,France<\/i><\/h3>\r\n[\/vc_column_text][\/vc_column_inner][\/vc_row_inner][\/vc_column][vc_column width=\"1\/3\"][vc_row_inner content_placement=\"middle\"][vc_column_inner width=\"1\/3\"][vc_single_image image=\"14816\" alignment=\"center\"][\/vc_column_inner][vc_column_inner width=\"2\/3\"][vc_column_text]\r\n<h3>Timothy RESCH\r\n<em>Copenhagen, Denmark<\/em><\/h3>\r\n[\/vc_column_text][\/vc_column_inner][\/vc_row_inner][\/vc_column][vc_column width=\"1\/3\"][vc_row_inner content_placement=\"middle\"][vc_column_inner width=\"1\/3\"][vc_single_image image=\"14813\" alignment=\"center\"][\/vc_column_inner][vc_column_inner width=\"2\/3\"][vc_column_text]\r\n<h3>Eric VERHOEVEN\r\n<em>Nuremberg, Germany<\/em><\/h3>\r\n[\/vc_column_text][\/vc_column_inner][\/vc_row_inner][\/vc_column][\/vc_row][vc_row mo_row_type=\"in_container\" mo_padding=\"custom\" mo_padding_top=\"10\" mo_padding_bottom=\"10\"][vc_column][\/vc_column][\/vc_row]","_et_gb_content_width":"","footnotes":""},"class_list":["post-13479","page","type-page","status-publish","hentry"],"_links":{"self":[{"href":"https:\/\/divine-id.site\/CI\/2024\/wp-json\/wp\/v2\/pages\/13479"}],"collection":[{"href":"https:\/\/divine-id.site\/CI\/2024\/wp-json\/wp\/v2\/pages"}],"about":[{"href":"https:\/\/divine-id.site\/CI\/2024\/wp-json\/wp\/v2\/types\/page"}],"author":[{"embeddable":true,"href":"https:\/\/divine-id.site\/CI\/2024\/wp-json\/wp\/v2\/users\/1"}],"replies":[{"embeddable":true,"href":"https:\/\/divine-id.site\/CI\/2024\/wp-json\/wp\/v2\/comments?post=13479"}],"version-history":[{"count":0,"href":"https:\/\/divine-id.site\/CI\/2024\/wp-json\/wp\/v2\/pages\/13479\/revisions"}],"wp:attachment":[{"href":"https:\/\/divine-id.site\/CI\/2024\/wp-json\/wp\/v2\/media?parent=13479"}],"curies":[{"name":"wp","href":"https:\/\/api.w.org\/{rel}","templated":true}]}}