{"id":5810,"date":"2023-06-27T15:15:57","date_gmt":"2023-06-27T13:15:57","guid":{"rendered":"https:\/\/divine-id.site\/EUROVALVE\/2023\/?page_id=5810"},"modified":"2023-09-27T10:02:03","modified_gmt":"2023-09-27T08:02:03","slug":"acknoledgements","status":"publish","type":"page","link":"https:\/\/divine-id.site\/EUROVALVE\/2023\/acknoledgements\/","title":{"rendered":"Acknowledgements"},"content":{"rendered":"<p>[et_pb_section fb_built=&#8221;1&#8243; _builder_version=&#8221;4.20.2&#8243; _module_preset=&#8221;default&#8221; background_color=&#8221;#77cedc&#8221; global_colors_info=&#8221;{}&#8221;][et_pb_row _builder_version=&#8221;4.20.2&#8243; _module_preset=&#8221;default&#8221; global_colors_info=&#8221;{}&#8221;][et_pb_column type=&#8221;4_4&#8243; _builder_version=&#8221;4.20.2&#8243; _module_preset=&#8221;default&#8221; global_colors_info=&#8221;{}&#8221;][et_pb_text _builder_version=&#8221;4.20.2&#8243; _module_preset=&#8221;default&#8221; text_font=&#8221;|800|||||||&#8221; text_font_size=&#8221;28px&#8221; custom_padding=&#8221;||4px|||&#8221; global_colors_info=&#8221;{}&#8221;]<\/p>\n<p style=\"text-align: center;\"><span style=\"color: #ffffff;\">ACKNOWLEDGEMENTS<\/span><\/p>\n<p>[\/et_pb_text][\/et_pb_column][\/et_pb_row][\/et_pb_section][et_pb_section fb_built=&#8221;1&#8243; _builder_version=&#8221;4.20.2&#8243; background_enable_color=&#8221;off&#8221; custom_padding=&#8221;24px||0px|||&#8221; global_colors_info=&#8221;{}&#8221;][et_pb_row _builder_version=&#8221;4.20.2&#8243; _module_preset=&#8221;default&#8221; global_colors_info=&#8221;{}&#8221;][et_pb_column type=&#8221;4_4&#8243; _builder_version=&#8221;4.20.2&#8243; _module_preset=&#8221;default&#8221; global_colors_info=&#8221;{}&#8221;][et_pb_image src=&#8221;https:\/\/divine-id.site\/EUROVALVE\/2023\/wp-content\/uploads\/2023\/08\/telechargement-1.jpg&#8221; title_text=&#8221;t\u00e9l\u00e9chargement (1)&#8221; align=&#8221;center&#8221; _builder_version=&#8221;4.20.2&#8243; _module_preset=&#8221;default&#8221; width=&#8221;20%&#8221; global_colors_info=&#8221;{}&#8221;][\/et_pb_image][et_pb_image src=&#8221;https:\/\/divine-id.site\/EUROVALVE\/2023\/wp-content\/uploads\/2023\/07\/GE_HealthCare_logo_2023.png&#8221; title_text=&#8221;GE_HealthCare_logo_2023&#8243; align=&#8221;center&#8221; _builder_version=&#8221;4.20.2&#8243; _module_preset=&#8221;default&#8221; width=&#8221;20%&#8221; global_colors_info=&#8221;{}&#8221;][\/et_pb_image][et_pb_image src=&#8221;https:\/\/divine-id.site\/EUROVALVE\/2023\/wp-content\/uploads\/2023\/08\/abbott-logo.png&#8221; title_text=&#8221;abbott-logo&#8221; align=&#8221;center&#8221; _builder_version=&#8221;4.20.2&#8243; _module_preset=&#8221;default&#8221; width=&#8221;20%&#8221; global_colors_info=&#8221;{}&#8221; custom_margin=&#8221;||16px|||&#8221; custom_padding=&#8221;||6px|||&#8221;][\/et_pb_image][et_pb_image src=&#8221;https:\/\/divine-id.site\/EUROVALVE\/2023\/wp-content\/uploads\/2023\/09\/Medtronic_logo.svg_.png&#8221; title_text=&#8221;Medtronic_logo.svg&#8221; align=&#8221;center&#8221; _builder_version=&#8221;4.20.2&#8243; _module_preset=&#8221;default&#8221; width=&#8221;20%&#8221; hover_enabled=&#8221;0&#8243; global_colors_info=&#8221;{}&#8221; sticky_enabled=&#8221;0&#8243;][\/et_pb_image][et_pb_text admin_label=&#8221;Look Inside Title&#8221; _builder_version=&#8221;4.20.2&#8243; text_font=&#8221;||||&#8221; text_text_color=&#8221;#FFFFFF&#8221; header_font=&#8221;Oswald|on||on|&#8221; header_text_align=&#8221;left&#8221; header_text_color=&#8221;#f15f35&#8243; header_font_size=&#8221;60px&#8221; header_line_height=&#8221;1.3em&#8221; max_width=&#8221;450px&#8221; custom_margin=&#8221;|||&#8221; custom_padding=&#8221;|||&#8221; animation_style=&#8221;slide&#8221; animation_direction=&#8221;top&#8221; animation_intensity_slide=&#8221;10%&#8221; locked=&#8221;off&#8221; global_colors_info=&#8221;{}&#8221;]<\/p>\n<h1>EXHIBITION <br \/>HALL<\/h1>\n<p>[\/et_pb_text][et_pb_image src=&#8221;https:\/\/divine-id.site\/EUROVALVE\/2023\/wp-content\/uploads\/2023\/09\/Capture.jpg&#8221; title_text=&#8221;Capture&#8221; align=&#8221;center&#8221; _builder_version=&#8221;4.20.2&#8243; _module_preset=&#8221;default&#8221; width=&#8221;75%&#8221; global_colors_info=&#8221;{}&#8221;][\/et_pb_image][\/et_pb_column][\/et_pb_row][\/et_pb_section][et_pb_section fb_built=&#8221;1&#8243; admin_label=&#8221;Look Inside Section&#8221; _builder_version=&#8221;4.20.2&#8243; background_enable_image=&#8221;off&#8221; parallax=&#8221;on&#8221; custom_padding=&#8221;0px||0px|&#8221; global_colors_info=&#8221;{}&#8221;][\/et_pb_section][et_pb_section fb_built=&#8221;1&#8243; _builder_version=&#8221;4.20.2&#8243; _module_preset=&#8221;default&#8221; global_colors_info=&#8221;{}&#8221;][et_pb_row _builder_version=&#8221;4.20.2&#8243; _module_preset=&#8221;default&#8221; global_colors_info=&#8221;{}&#8221;][et_pb_column type=&#8221;4_4&#8243; _builder_version=&#8221;4.20.2&#8243; _module_preset=&#8221;default&#8221; global_colors_info=&#8221;{}&#8221;][et_pb_text admin_label=&#8221;Look Inside Title&#8221; _builder_version=&#8221;4.20.2&#8243; text_font=&#8221;||||&#8221; text_text_color=&#8221;#FFFFFF&#8221; header_font=&#8221;Oswald|on||on|&#8221; header_text_align=&#8221;left&#8221; header_text_color=&#8221;#f15f35&#8243; header_font_size=&#8221;60px&#8221; header_line_height=&#8221;1.3em&#8221; max_width=&#8221;450px&#8221; custom_margin=&#8221;|||&#8221; custom_padding=&#8221;|||&#8221; animation_style=&#8221;slide&#8221; animation_direction=&#8221;top&#8221; animation_intensity_slide=&#8221;10%&#8221; locked=&#8221;off&#8221; global_colors_info=&#8221;{}&#8221;]<\/p>\n<h1>ORGANISATION<br \/>CONTACT<\/h1>\n<p>[\/et_pb_text][\/et_pb_column][\/et_pb_row][et_pb_row column_structure=&#8221;1_3,1_3,1_3&#8243; _builder_version=&#8221;4.20.2&#8243; _module_preset=&#8221;default&#8221; global_colors_info=&#8221;{}&#8221;][et_pb_column type=&#8221;1_3&#8243; _builder_version=&#8221;4.20.2&#8243; _module_preset=&#8221;default&#8221; global_colors_info=&#8221;{}&#8221;][et_pb_team_member name=&#8221;V\u00e9rane BERGERON&#8221; position=&#8221;Divine id Executive manager&#8221; image_url=&#8221;https:\/\/divine-id.site\/EUROVALVE\/2023\/wp-content\/uploads\/2023\/03\/verane-150&#215;150.png&#8221; _builder_version=&#8221;4.20.2&#8243; _module_preset=&#8221;default&#8221; header_text_color=&#8221;#000000&#8243; header_font_size=&#8221;25px&#8221; text_orientation=&#8221;center&#8221; width=&#8221;80%&#8221; global_colors_info=&#8221;{}&#8221;]<\/p>\n<p>Mob: +33(0) 6 21 78 87 16<br \/>T\u00e9l: +33(0) 4 91 57 19 62<br \/>vbergeron@divine-id.com<\/p>\n<p>[\/et_pb_team_member][\/et_pb_column][et_pb_column type=&#8221;1_3&#8243; _builder_version=&#8221;4.20.2&#8243; _module_preset=&#8221;default&#8221; global_colors_info=&#8221;{}&#8221;][et_pb_team_member name=&#8221;Virginie JABES&#8221; position=&#8221;Project manager&#8221; image_url=&#8221;https:\/\/divine-id.site\/EUROVALVE\/2023\/wp-content\/uploads\/2023\/03\/virginie-150&#215;150.png&#8221; _builder_version=&#8221;4.20.2&#8243; _module_preset=&#8221;default&#8221; header_text_color=&#8221;#000000&#8243; header_font_size=&#8221;25px&#8221; text_orientation=&#8221;center&#8221; width=&#8221;80%&#8221; global_colors_info=&#8221;{}&#8221;]<\/p>\n<p>Mob: +33(0) 6 23 94 82 47<br \/>T\u00e9l: +33(0) 4 91 57 19 64<br \/>onivard@divine-id.com<\/p>\n<p>[\/et_pb_team_member][\/et_pb_column][et_pb_column type=&#8221;1_3&#8243; _builder_version=&#8221;4.20.2&#8243; _module_preset=&#8221;default&#8221; global_colors_info=&#8221;{}&#8221;][et_pb_team_member name=&#8221;Oph\u00e9lie NIVARD&#8221; position=&#8221;Registration, housing and speakers&#8221; image_url=&#8221;https:\/\/divine-id.site\/EUROVALVE\/2023\/wp-content\/uploads\/2023\/06\/ophelie.png&#8221; _builder_version=&#8221;4.20.2&#8243; _module_preset=&#8221;default&#8221; header_text_color=&#8221;#000000&#8243; header_font_size=&#8221;25px&#8221; text_orientation=&#8221;center&#8221; width=&#8221;80%&#8221; global_colors_info=&#8221;{}&#8221;]<\/p>\n<p>Mob: +33(0) 6 13 96 08 70<br \/>T\u00e9l: +33(0) 4 91 01 21 00<br \/>onivard@divine-id.com<\/p>\n<p>[\/et_pb_team_member][\/et_pb_column][\/et_pb_row][\/et_pb_section][et_pb_section fb_built=&#8221;1&#8243; fullwidth=&#8221;on&#8221; _builder_version=&#8221;4.20.2&#8243; _module_preset=&#8221;default&#8221; background_color=&#8221;#f15f35&#8243; global_colors_info=&#8221;{}&#8221;][et_pb_fullwidth_image src=&#8221;https:\/\/divine-id.site\/EUROVALVE\/2023\/wp-content\/uploads\/2023\/03\/footer.png&#8221; title_text=&#8221;footer&#8221; _builder_version=&#8221;4.20.2&#8243; _module_preset=&#8221;default&#8221; background_color=&#8221;#f15f35&#8243; width=&#8221;80%&#8221; module_alignment=&#8221;center&#8221; global_colors_info=&#8221;{}&#8221;][\/et_pb_fullwidth_image][\/et_pb_section]<\/p>\n","protected":false},"excerpt":{"rendered":"<p>ACKNOWLEDGEMENTSEXHIBITION HALLORGANISATIONCONTACTMob: +33(0) 6 21 78 87 16T\u00e9l: +33(0) 4 91 57 19 62vbergeron@divine-id.comMob: +33(0) 6 23 94 82 47T\u00e9l: +33(0) 4 91 57 19 64onivard@divine-id.comMob: +33(0) 6 13 96 08 70T\u00e9l: +33(0) 4 91 01 21 00onivard@divine-id.com<\/p>\n","protected":false},"author":1,"featured_media":0,"parent":0,"menu_order":0,"comment_status":"closed","ping_status":"closed","template":"","meta":{"_et_pb_use_builder":"on","_et_pb_old_content":"","_et_gb_content_width":"","footnotes":""},"_links":{"self":[{"href":"https:\/\/divine-id.site\/EUROVALVE\/2023\/wp-json\/wp\/v2\/pages\/5810"}],"collection":[{"href":"https:\/\/divine-id.site\/EUROVALVE\/2023\/wp-json\/wp\/v2\/pages"}],"about":[{"href":"https:\/\/divine-id.site\/EUROVALVE\/2023\/wp-json\/wp\/v2\/types\/page"}],"author":[{"embeddable":true,"href":"https:\/\/divine-id.site\/EUROVALVE\/2023\/wp-json\/wp\/v2\/users\/1"}],"replies":[{"embeddable":true,"href":"https:\/\/divine-id.site\/EUROVALVE\/2023\/wp-json\/wp\/v2\/comments?post=5810"}],"version-history":[{"count":0,"href":"https:\/\/divine-id.site\/EUROVALVE\/2023\/wp-json\/wp\/v2\/pages\/5810\/revisions"}],"wp:attachment":[{"href":"https:\/\/divine-id.site\/EUROVALVE\/2023\/wp-json\/wp\/v2\/media?parent=5810"}],"curies":[{"name":"wp","href":"https:\/\/api.w.org\/{rel}","templated":true}]}}