{"id":5879,"date":"2023-09-15T12:00:42","date_gmt":"2023-09-15T10:00:42","guid":{"rendered":"https:\/\/divine-id.site\/EUROVALVE\/2023\/?page_id=5879"},"modified":"2023-09-27T16:54:06","modified_gmt":"2023-09-27T14:54:06","slug":"eposters","status":"publish","type":"page","link":"https:\/\/divine-id.site\/EUROVALVE\/2023\/eposters\/","title":{"rendered":"Eposters"},"content":{"rendered":"<p>[et_pb_section fb_built=&#8221;1&#8243; _builder_version=&#8221;4.20.2&#8243; _module_preset=&#8221;default&#8221; background_color=&#8221;#f99303&#8243; global_colors_info=&#8221;{}&#8221;][et_pb_row _builder_version=&#8221;4.20.2&#8243; _module_preset=&#8221;default&#8221; global_colors_info=&#8221;{}&#8221;][et_pb_column type=&#8221;4_4&#8243; _builder_version=&#8221;4.20.2&#8243; _module_preset=&#8221;default&#8221; global_colors_info=&#8221;{}&#8221;][et_pb_text _builder_version=&#8221;4.20.2&#8243; _module_preset=&#8221;default&#8221; text_font=&#8221;|800|||||||&#8221; text_font_size=&#8221;28px&#8221; global_colors_info=&#8221;{}&#8221;]<\/p>\n<p style=\"text-align: center;\"><span style=\"color: #ffffff;\">EPOSTERS<\/span><\/p>\n<p>[\/et_pb_text][\/et_pb_column][\/et_pb_row][\/et_pb_section][et_pb_section fb_built=&#8221;1&#8243; _builder_version=&#8221;4.20.2&#8243; _module_preset=&#8221;default&#8221; global_colors_info=&#8221;{}&#8221;][et_pb_row _builder_version=&#8221;4.20.2&#8243; _module_preset=&#8221;default&#8221; global_colors_info=&#8221;{}&#8221;][et_pb_column type=&#8221;4_4&#8243; _builder_version=&#8221;4.20.2&#8243; _module_preset=&#8221;default&#8221; global_colors_info=&#8221;{}&#8221;][et_pb_text _builder_version=&#8221;4.20.2&#8243; _module_preset=&#8221;default&#8221; global_colors_info=&#8221;{}&#8221;]<\/p>\n<p style=\"text-align: center; font-size: 14pt;\">The abstracts for the upcoming Eurovalve congress are now available for review, offering valuable insights into the cutting-edge research and development.<\/p>\n<p style=\"text-align: center; font-size: 14pt;\">We thank every participant who submitted their researches!<\/p>\n<p>[\/et_pb_text][\/et_pb_column][\/et_pb_row][et_pb_row _builder_version=&#8221;4.20.2&#8243; _module_preset=&#8221;default&#8221; global_colors_info=&#8221;{}&#8221;][et_pb_column type=&#8221;4_4&#8243; _builder_version=&#8221;4.20.2&#8243; _module_preset=&#8221;default&#8221; global_colors_info=&#8221;{}&#8221;][et_pb_text _builder_version=&#8221;4.20.2&#8243; _module_preset=&#8221;default&#8221; text_font=&#8221;||||&#8221; text_text_color=&#8221;#FFFFFF&#8221; header_font=&#8221;Oswald|on||on|&#8221; header_text_align=&#8221;center&#8221; header_text_color=&#8221;#f15f35&#8243; header_font_size=&#8221;28px&#8221; header_line_height=&#8221;1.3em&#8221; max_width=&#8221;450px&#8221; module_alignment=&#8221;center&#8221; custom_margin=&#8221;|||&#8221; custom_padding=&#8221;|||&#8221; animation_style=&#8221;slide&#8221; animation_direction=&#8221;top&#8221; animation_intensity_slide=&#8221;10%&#8221; global_colors_info=&#8221;{}&#8221;]<\/p>\n<h1 style=\"text-align: center;\">WINNERS OF THE BEST EPOSTERS<\/h1>\n<p>[\/et_pb_text][et_pb_text _builder_version=&#8221;4.20.2&#8243; _module_preset=&#8221;default&#8221; global_colors_info=&#8221;{}&#8221;]<\/p>\n<p style=\"font-size: 12pt; text-align: center;\">Here are the winners of the best eposters:<\/p>\n<p>Multiple valve disease and staged interventional management: a high-risk patient with a bioprosthetic aortic valve dysfunction and mitral regurgitation.<br \/><span style=\"color: #f79029;\">Vlatka Reskovic Luksic<\/span><\/p>\n<p>The positive impact of early frailty levels on outcomes of Transcatheter Aortic Valve Replacement. Data from a multidisciplinary pathway according frailty-based management of aortic stenosis in elderly.<br \/><span style=\"color: #f79029;\">Annamaria Mazzone<\/span><\/p>\n<p>Global Longitudinal Strain as a Determinant of Left Atrial Reservoir Strain in Primary Mitral Regurgitation.<br \/><span style=\"color: #f79029;\">M. Barki<\/span><\/p>\n<p>[\/et_pb_text][et_pb_button button_url=&#8221;https:\/\/divine-id.site\/EUROVALVE\/2023\/wp-content\/uploads\/2023\/09\/Poster-EuroValve-2023-VRL.pdf&#8221; url_new_window=&#8221;on&#8221; button_text=&#8221;SEE ABSTRACT&#8221; button_alignment=&#8221;center&#8221; _builder_version=&#8221;4.20.2&#8243; _module_preset=&#8221;default&#8221; custom_button=&#8221;on&#8221; button_text_color=&#8221;#f15e35&#8243; global_colors_info=&#8221;{}&#8221;][\/et_pb_button][et_pb_text _builder_version=&#8221;4.20.2&#8243; _module_preset=&#8221;default&#8221; global_colors_info=&#8221;{}&#8221;]<\/p>\n<p style=\"font-size: 12pt; text-align: center;\">Acute heart failure is an independent risk factor for advanced frailty and poor outcome in elderly patients with severe aortic stenosis, treated by pre-TAVR multidimensional assessment and tailored therapy.<\/p>\n<p style=\"text-align: center;\"><span style=\"color: #f79029;\"><strong>Annamaria Mazzone<\/strong><br \/>Augusto Esposito, Ilenia Foffa, Luca Bastiani, Serena Del Turco, Cecilia Vecoli, Sergio Berti<\/span><\/p>\n<p>[\/et_pb_text][\/et_pb_column][\/et_pb_row][et_pb_row _builder_version=&#8221;4.20.2&#8243; _module_preset=&#8221;default&#8221; global_colors_info=&#8221;{}&#8221;][et_pb_column type=&#8221;4_4&#8243; _builder_version=&#8221;4.20.2&#8243; _module_preset=&#8221;default&#8221; global_colors_info=&#8221;{}&#8221;][et_pb_text _builder_version=&#8221;4.20.2&#8243; _module_preset=&#8221;default&#8221; text_font=&#8221;||||&#8221; text_text_color=&#8221;#FFFFFF&#8221; header_font=&#8221;Oswald|on||on|&#8221; header_text_align=&#8221;center&#8221; header_text_color=&#8221;#f15f35&#8243; header_font_size=&#8221;28px&#8221; header_line_height=&#8221;1.3em&#8221; max_width=&#8221;450px&#8221; module_alignment=&#8221;center&#8221; custom_margin=&#8221;|||&#8221; custom_padding=&#8221;|||&#8221; animation_style=&#8221;slide&#8221; animation_direction=&#8221;top&#8221; animation_intensity_slide=&#8221;10%&#8221; global_colors_info=&#8221;{}&#8221;]<\/p>\n<h1 style=\"text-align: center;\">DISCOVER THE 2023 EPOSTERS<\/h1>\n<p>[\/et_pb_text][et_pb_text _builder_version=&#8221;4.20.2&#8243; _module_preset=&#8221;default&#8221; global_colors_info=&#8221;{}&#8221;]<\/p>\n<p style=\"font-size: 12pt; text-align: center;\">Multiple valve disease and staged interventional management: a high-risk patient with a bioprosthetic aortic valve dysfunction and mitral regurgitation.<\/p>\n<p style=\"text-align: center;\"><span style=\"color: #f79029;\"><strong>Vlatka Reskovic Luksic<\/strong><br \/>Sandra Jaksic Jurinjak, Josko Bulum, Martina Lovric Bencic, Blanka Glavas Konja, Marija Brestovac, Zvonimir Ostojic, Ivica Safradin, Kristina Krzelj, Karlo Gjuras, Hrvoje Gasparovic, Jadranka Separovic Hanzevacki<\/span><\/p>\n<p>[\/et_pb_text][et_pb_button button_url=&#8221;https:\/\/divine-id.site\/EUROVALVE\/2023\/wp-content\/uploads\/2023\/09\/Poster-EuroValve-2023-VRL.pdf&#8221; url_new_window=&#8221;on&#8221; button_text=&#8221;SEE ABSTRACT&#8221; button_alignment=&#8221;center&#8221; _builder_version=&#8221;4.20.2&#8243; _module_preset=&#8221;default&#8221; custom_button=&#8221;on&#8221; button_text_color=&#8221;#f15e35&#8243; global_colors_info=&#8221;{}&#8221;][\/et_pb_button][et_pb_text _builder_version=&#8221;4.20.2&#8243; _module_preset=&#8221;default&#8221; global_colors_info=&#8221;{}&#8221;]<\/p>\n<p style=\"font-size: 12pt; text-align: center;\">Acute heart failure is an independent risk factor for advanced frailty and poor outcome in elderly patients with severe aortic stenosis, treated by pre-TAVR multidimensional assessment and tailored therapy.<\/p>\n<p style=\"text-align: center;\"><span style=\"color: #f79029;\"><strong>Annamaria Mazzone<\/strong><br \/>Augusto Esposito, Ilenia Foffa, Luca Bastiani, Serena Del Turco, Cecilia Vecoli, Sergio Berti<\/span><\/p>\n<p>[\/et_pb_text][et_pb_button button_url=&#8221;https:\/\/divine-id.site\/EUROVALVE\/2023\/wp-content\/uploads\/2023\/09\/Mazzone-AHF-EUROVALVE-2023.pdf&#8221; url_new_window=&#8221;on&#8221; button_text=&#8221;SEE ABSTRACT&#8221; button_alignment=&#8221;center&#8221; _builder_version=&#8221;4.20.2&#8243; _module_preset=&#8221;default&#8221; custom_button=&#8221;on&#8221; button_text_color=&#8221;#f15e35&#8243; global_colors_info=&#8221;{}&#8221;][\/et_pb_button][et_pb_text _builder_version=&#8221;4.20.2&#8243; _module_preset=&#8221;default&#8221; global_colors_info=&#8221;{}&#8221;]<\/p>\n<p style=\"font-size: 12pt; text-align: center;\">The positive impact of early frailty levels on outcomes of Transcatheter Aortic Valve Replacement.<br \/>Data from a multidisciplinary pathway according frailty-based management of aortic stenosis in elderly.<\/p>\n<p style=\"text-align: center;\"><span style=\"color: #f79029;\"><strong>Annamaria Mazzone<\/strong><br \/>Serena Del Turco, Giuseppe Trianni, Paola Quadrelli, Marco Marotta, Luca Bastiani, Tommaso Gasbarri, Andreina D\u2019Agostino, Massimiliano Mariani, Giuseppina Basta, Ilenia Foffa, Silverio Sbrana, Marcello Ravani, Marco Solinas, Sergio Berti<br \/><\/span><\/p>\n<p>[\/et_pb_text][et_pb_button button_url=&#8221;https:\/\/divine-id.site\/EUROVALVE\/2023\/wp-content\/uploads\/2023\/09\/Mazzone-Frailty-EUROVALVE-2023.pdf&#8221; url_new_window=&#8221;on&#8221; button_text=&#8221;SEE ABSTRACT&#8221; button_alignment=&#8221;center&#8221; _builder_version=&#8221;4.20.2&#8243; _module_preset=&#8221;default&#8221; custom_button=&#8221;on&#8221; button_text_color=&#8221;#f15e35&#8243; global_colors_info=&#8221;{}&#8221;][\/et_pb_button][et_pb_text _builder_version=&#8221;4.20.2&#8243; _module_preset=&#8221;default&#8221; global_colors_info=&#8221;{}&#8221;]<\/p>\n<p style=\"font-size: 12pt; text-align: center;\">Predictors of Heart Failure Hospitalization After Mitral Valve Transcatheter Edge-To-Edge Repair (M-TEER).<\/p>\n<p style=\"text-align: center;\"><span style=\"color: #f79029;\"><strong>S. Jim\u00e9nez-Loeches<\/strong><br \/>T. Nogales Romo, C. De Cortina Camarero, E. G\u00f3mez Mariscal, L. Mora Yag\u00fae, D. Vaqueriza Cubillo, M. Sarri\u00f3n Catal\u00e1, S. Briongos Figuero, A. Estevez Paniagua, P. Mart\u00ednez Losas, M. Dom\u00ednguez Mu\u00f1oa, V. Suberviola S\u00e1nchez-Caballero, ML. Giganto Arroyo, S. Mayordomo G\u00f3mez, J. El\u00edzaga Corrales, R. Mu\u00f1oz-Aguilera<br \/><\/span><\/p>\n<p>[\/et_pb_text][et_pb_button button_url=&#8221;https:\/\/divine-id.site\/EUROVALVE\/2023\/wp-content\/uploads\/2023\/09\/SILVIA-JIMENEZ-LOECHES-EPOSTER-EUROVALVE-2023.pdf&#8221; url_new_window=&#8221;on&#8221; button_text=&#8221;SEE ABSTRACT&#8221; button_alignment=&#8221;center&#8221; _builder_version=&#8221;4.20.2&#8243; _module_preset=&#8221;default&#8221; custom_button=&#8221;on&#8221; button_text_color=&#8221;#f15e35&#8243; global_colors_info=&#8221;{}&#8221;][\/et_pb_button][et_pb_text _builder_version=&#8221;4.20.2&#8243; _module_preset=&#8221;default&#8221; global_colors_info=&#8221;{}&#8221;]<\/p>\n<p style=\"font-size: 12pt; text-align: center;\">Right Ventricular to Pulmonary Circulation Uncoupling is Associated with<br \/>Impaired Left Ventricular and Left Atrial Strain in Patients with Degenerative Mitral Regurgitation.<\/p>\n<p style=\"text-align: center;\"><span style=\"color: #f79029;\"><strong>M. Barki<\/strong><br \/>G. Ingallina, G. Paci, D. Margonato, S. Stella, F. Biondi, F. Ancona, M. Morosato, D. Fanti, A. Castiglioni, M. De Bonis, F. Maisano, M. Slavich, E. Agricola<\/span><\/p>\n<p>[\/et_pb_text][et_pb_button button_url=&#8221;https:\/\/divine-id.site\/EUROVALVE\/2023\/wp-content\/uploads\/2023\/09\/Right-ventricular-to-Pulmonary-Circulation-Uncoupling-Associated-with-Impaired-LV-and-LA-strain.pdf&#8221; url_new_window=&#8221;on&#8221; button_text=&#8221;SEE ABSTRACT&#8221; button_alignment=&#8221;center&#8221; _builder_version=&#8221;4.20.2&#8243; _module_preset=&#8221;default&#8221; custom_button=&#8221;on&#8221; button_text_color=&#8221;#f15e35&#8243; global_colors_info=&#8221;{}&#8221;][\/et_pb_button][et_pb_text _builder_version=&#8221;4.20.2&#8243; _module_preset=&#8221;default&#8221; global_colors_info=&#8221;{}&#8221;]<\/p>\n<p style=\"font-size: 12pt; text-align: center;\">Global Longitudinal Strain as a Determinant of Left Atrial Reservoir Strain in Primary Mitral Regurgitation.<\/p>\n<p style=\"text-align: center;\"><span style=\"color: #f79029;\"><strong>M. Barki<\/strong><br \/>G. Ingallina, G. Paci, D. Margonato, S. Stella, F. Biondi, F. Ancona, M. Morosato, D. Fanti, A. Castiglioni, M. De Bonis, F. Maisano, M. Slavich, E. Agricola<\/span><\/p>\n<p>[\/et_pb_text][et_pb_button button_url=&#8221;https:\/\/divine-id.site\/EUROVALVE\/2023\/wp-content\/uploads\/2023\/09\/Global-longitudinal-Strain-as-determinant-of-Left-Atrial-Strain.pdf&#8221; url_new_window=&#8221;on&#8221; button_text=&#8221;SEE ABSTRACT&#8221; button_alignment=&#8221;center&#8221; _builder_version=&#8221;4.20.2&#8243; _module_preset=&#8221;default&#8221; custom_button=&#8221;on&#8221; button_text_color=&#8221;#f15e35&#8243; global_colors_info=&#8221;{}&#8221;][\/et_pb_button][\/et_pb_column][\/et_pb_row][et_pb_row _builder_version=&#8221;4.20.2&#8243; _module_preset=&#8221;default&#8221; custom_padding=&#8221;||94px|||&#8221; global_colors_info=&#8221;{}&#8221;][et_pb_column type=&#8221;4_4&#8243; _builder_version=&#8221;4.20.2&#8243; _module_preset=&#8221;default&#8221; global_colors_info=&#8221;{}&#8221;][\/et_pb_column][\/et_pb_row][et_pb_row _builder_version=&#8221;4.20.2&#8243; _module_preset=&#8221;default&#8221; global_colors_info=&#8221;{}&#8221;][et_pb_column type=&#8221;4_4&#8243; _builder_version=&#8221;4.20.2&#8243; _module_preset=&#8221;default&#8221; global_colors_info=&#8221;{}&#8221;][et_pb_text admin_label=&#8221;Look Inside Title&#8221; _builder_version=&#8221;4.20.2&#8243; text_font=&#8221;||||&#8221; text_text_color=&#8221;#FFFFFF&#8221; header_font=&#8221;Oswald|on||on|&#8221; header_text_align=&#8221;left&#8221; header_text_color=&#8221;#f15f35&#8243; header_font_size=&#8221;28px&#8221; header_line_height=&#8221;1.3em&#8221; max_width=&#8221;450px&#8221; module_alignment=&#8221;center&#8221; custom_margin=&#8221;|||&#8221; custom_padding=&#8221;|||&#8221; animation_style=&#8221;slide&#8221; animation_direction=&#8221;top&#8221; animation_intensity_slide=&#8221;10%&#8221; locked=&#8221;off&#8221; global_colors_info=&#8221;{}&#8221;]<\/p>\n<h1 style=\"text-align: center;\">ANY QUESTION?<\/p>\n<\/h1>\n<p>[\/et_pb_text][\/et_pb_column][\/et_pb_row][et_pb_row column_structure=&#8221;1_3,1_3,1_3&#8243; _builder_version=&#8221;4.20.2&#8243; _module_preset=&#8221;default&#8221; module_alignment=&#8221;center&#8221; custom_margin=&#8221;-17px|auto||auto||&#8221; global_colors_info=&#8221;{}&#8221;][et_pb_column type=&#8221;1_3&#8243; _builder_version=&#8221;4.20.2&#8243; _module_preset=&#8221;default&#8221; global_colors_info=&#8221;{}&#8221;][\/et_pb_column][et_pb_column type=&#8221;1_3&#8243; _builder_version=&#8221;4.20.2&#8243; _module_preset=&#8221;default&#8221; global_colors_info=&#8221;{}&#8221;][et_pb_team_member name=&#8221;Virginie JABES&#8221; position=&#8221;Project manager&#8221; image_url=&#8221;https:\/\/divine-id.site\/EUROVALVE\/2023\/wp-content\/uploads\/2023\/03\/virginie-150&#215;150.png&#8221; _builder_version=&#8221;4.20.2&#8243; _module_preset=&#8221;default&#8221; header_text_align=&#8221;center&#8221; header_text_color=&#8221;#000000&#8243; header_font_size=&#8221;25px&#8221; body_text_align=&#8221;center&#8221; position_text_align=&#8221;center&#8221; text_orientation=&#8221;center&#8221; width=&#8221;80%&#8221; module_alignment=&#8221;center&#8221; global_colors_info=&#8221;{}&#8221;]<\/p>\n<p>Mob: +33(0) 6 23 94 82 47<br \/>T\u00e9l: +33(0) 4 91 57 19 64<br \/>Vjabes@divine-id.com<\/p>\n<p>[\/et_pb_team_member][\/et_pb_column][et_pb_column type=&#8221;1_3&#8243; _builder_version=&#8221;4.20.2&#8243; _module_preset=&#8221;default&#8221; global_colors_info=&#8221;{}&#8221;][\/et_pb_column][\/et_pb_row][\/et_pb_section][et_pb_section fb_built=&#8221;1&#8243; fullwidth=&#8221;on&#8221; _builder_version=&#8221;4.20.2&#8243; _module_preset=&#8221;default&#8221; background_color=&#8221;#f15f35&#8243; global_colors_info=&#8221;{}&#8221;][et_pb_fullwidth_image src=&#8221;https:\/\/divine-id.site\/EUROVALVE\/2023\/wp-content\/uploads\/2023\/03\/footer.png&#8221; title_text=&#8221;footer&#8221; _builder_version=&#8221;4.20.2&#8243; _module_preset=&#8221;default&#8221; background_color=&#8221;#f15f35&#8243; width=&#8221;80%&#8221; module_alignment=&#8221;center&#8221; global_colors_info=&#8221;{}&#8221;][\/et_pb_fullwidth_image][\/et_pb_section]<\/p>\n","protected":false},"excerpt":{"rendered":"<p>EPOSTERSThe abstracts for the upcoming Eurovalve congress are now available for review, offering valuable insights into the cutting-edge research and development. We thank every participant who submitted their researches!WINNERS OF THE BEST EPOSTERSHere are the winners of the best eposters: Multiple valve disease and staged interventional management: a high-risk patient with a bioprosthetic aortic valve [&hellip;]<\/p>\n","protected":false},"author":1,"featured_media":0,"parent":0,"menu_order":0,"comment_status":"closed","ping_status":"closed","template":"","meta":{"_et_pb_use_builder":"on","_et_pb_old_content":"","_et_gb_content_width":"","footnotes":""},"_links":{"self":[{"href":"https:\/\/divine-id.site\/EUROVALVE\/2023\/wp-json\/wp\/v2\/pages\/5879"}],"collection":[{"href":"https:\/\/divine-id.site\/EUROVALVE\/2023\/wp-json\/wp\/v2\/pages"}],"about":[{"href":"https:\/\/divine-id.site\/EUROVALVE\/2023\/wp-json\/wp\/v2\/types\/page"}],"author":[{"embeddable":true,"href":"https:\/\/divine-id.site\/EUROVALVE\/2023\/wp-json\/wp\/v2\/users\/1"}],"replies":[{"embeddable":true,"href":"https:\/\/divine-id.site\/EUROVALVE\/2023\/wp-json\/wp\/v2\/comments?post=5879"}],"version-history":[{"count":0,"href":"https:\/\/divine-id.site\/EUROVALVE\/2023\/wp-json\/wp\/v2\/pages\/5879\/revisions"}],"wp:attachment":[{"href":"https:\/\/divine-id.site\/EUROVALVE\/2023\/wp-json\/wp\/v2\/media?parent=5879"}],"curies":[{"name":"wp","href":"https:\/\/api.w.org\/{rel}","templated":true}]}}