{"id":198,"date":"2023-01-27T11:17:46","date_gmt":"2023-01-27T11:17:46","guid":{"rendered":"https:\/\/divine-id.site\/SFNR\/2024\/?page_id=198"},"modified":"2024-09-11T08:32:17","modified_gmt":"2024-09-11T08:32:17","slug":"les-subventions-educatives","status":"publish","type":"page","link":"https:\/\/divine-id.site\/SFNR\/2024\/les-subventions-educatives\/","title":{"rendered":"Les Subventions Educatives"},"content":{"rendered":"<p>[et_pb_section fb_built=\u00a0\u00bb1&Prime; disabled_on=\u00a0\u00bbon|off|off\u00a0\u00bb admin_label=\u00a0\u00bbHeader\u00a0\u00bb _builder_version=\u00a0\u00bb4.19.4&Prime; _module_preset=\u00a0\u00bbdefault\u00a0\u00bb background_enable_color=\u00a0\u00bboff\u00a0\u00bb background_enable_image=\u00a0\u00bboff\u00a0\u00bb parallax=\u00a0\u00bbon\u00a0\u00bb background_enable_video_mp4=\u00a0\u00bboff\u00a0\u00bb custom_padding=\u00a0\u00bb0px||0px||false|false\u00a0\u00bb border_width_top=\u00a0\u00bb15px\u00a0\u00bb border_color_top=\u00a0\u00bb#B29FC7&Prime; locked=\u00a0\u00bboff\u00a0\u00bb global_colors_info=\u00a0\u00bb{}\u00a0\u00bb][et_pb_row _builder_version=\u00a0\u00bb4.19.4&Prime; _module_preset=\u00a0\u00bbdefault\u00a0\u00bb global_colors_info=\u00a0\u00bb{}\u00a0\u00bb][et_pb_column type=\u00a0\u00bb4_4&Prime; _builder_version=\u00a0\u00bb4.19.4&Prime; _module_preset=\u00a0\u00bbdefault\u00a0\u00bb global_colors_info=\u00a0\u00bb{}\u00a0\u00bb][et_pb_post_title meta=\u00a0\u00bboff\u00a0\u00bb _builder_version=\u00a0\u00bb4.19.4&Prime; _module_preset=\u00a0\u00bbdefault\u00a0\u00bb title_font=\u00a0\u00bbBebas Neue|||on|||||\u00a0\u00bb title_text_align=\u00a0\u00bbcenter\u00a0\u00bb title_text_color=\u00a0\u00bb#B29FC7&Prime; title_font_size=\u00a0\u00bb60px\u00a0\u00bb title_letter_spacing=\u00a0\u00bb8px\u00a0\u00bb animation_style=\u00a0\u00bbslide\u00a0\u00bb animation_direction=\u00a0\u00bbleft\u00a0\u00bb animation_duration=\u00a0\u00bb350ms\u00a0\u00bb animation_intensity_slide=\u00a0\u00bb5%\u00a0\u00bb global_colors_info=\u00a0\u00bb{}\u00a0\u00bb][\/et_pb_post_title][et_pb_text _builder_version=\u00a0\u00bb4.19.4&Prime; _module_preset=\u00a0\u00bbdefault\u00a0\u00bb global_colors_info=\u00a0\u00bb{}\u00a0\u00bb]<\/p>\n<p style=\"text-align: center;\">Plus d&rsquo;informations sur les subventions \u00e9ducatives \u00e0 venir.<\/p>\n<p>[\/et_pb_text][\/et_pb_column][\/et_pb_row][\/et_pb_section][et_pb_section fb_built=\u00a0\u00bb1&Prime; disabled_on=\u00a0\u00bboff|off|off\u00a0\u00bb _builder_version=\u00a0\u00bb4.19.4&Prime; _module_preset=\u00a0\u00bbdefault\u00a0\u00bb global_colors_info=\u00a0\u00bb{}\u00a0\u00bb][et_pb_row _builder_version=\u00a0\u00bb4.19.4&Prime; _module_preset=\u00a0\u00bbdefault\u00a0\u00bb global_colors_info=\u00a0\u00bb{}\u00a0\u00bb][et_pb_column type=\u00a0\u00bb4_4&Prime; _builder_version=\u00a0\u00bb4.19.4&Prime; _module_preset=\u00a0\u00bbdefault\u00a0\u00bb global_colors_info=\u00a0\u00bb{}\u00a0\u00bb][et_pb_text _builder_version=\u00a0\u00bb4.19.4&Prime; _module_preset=\u00a0\u00bbdefault\u00a0\u00bb global_colors_info=\u00a0\u00bb{}\u00a0\u00bb]<\/p>\n<h1 data-fontsize=\"34\" data-lineheight=\"43.86px\" class=\"fusion-responsive-typography-calculated\">LES GRANTS DE L\u2019INDUSTRIE<\/h1>\n<p>[\/et_pb_text][\/et_pb_column][\/et_pb_row][et_pb_row column_structure=\u00a0\u00bb1_4,3_4&Prime; _builder_version=\u00a0\u00bb4.19.4&Prime; _module_preset=\u00a0\u00bbdefault\u00a0\u00bb global_colors_info=\u00a0\u00bb{}\u00a0\u00bb][et_pb_column type=\u00a0\u00bb1_4&Prime; _builder_version=\u00a0\u00bb4.19.4&Prime; _module_preset=\u00a0\u00bbdefault\u00a0\u00bb global_colors_info=\u00a0\u00bb{}\u00a0\u00bb][et_pb_image src=\u00a0\u00bbhttps:\/\/divine-id.site\/SFNR\/2024\/wp-content\/uploads\/2023\/01\/med-tech-partner-200-1.png\u00a0\u00bb title_text=\u00a0\u00bbmed-tech-partner-200&Prime; _builder_version=\u00a0\u00bb4.19.4&Prime; _module_preset=\u00a0\u00bbdefault\u00a0\u00bb global_colors_info=\u00a0\u00bb{}\u00a0\u00bb][\/et_pb_image][\/et_pb_column][et_pb_column type=\u00a0\u00bb3_4&Prime; _builder_version=\u00a0\u00bb4.19.4&Prime; _module_preset=\u00a0\u00bbdefault\u00a0\u00bb global_colors_info=\u00a0\u00bb{}\u00a0\u00bb][et_pb_text _builder_version=\u00a0\u00bb4.19.4&Prime; _module_preset=\u00a0\u00bbdefault\u00a0\u00bb global_colors_info=\u00a0\u00bb{}\u00a0\u00bb]<\/p>\n<div class=\"fusion-layout-column fusion_builder_column fusion-builder-column-5 fusion_builder_column_3_4 3_4 fusion-three-fourth fusion-column-last\">\n<div class=\"fusion-column-wrapper fusion-flex-column-wrapper-legacy\">\n<div class=\"fusion-text fusion-text-3\">\n<p>Depuis janvier 2018, la r\u00e8glementation MedTech Europe interdit aux industries de sponsoriser directement les m\u00e9decins pour leur participation \u00e0 des \u00e9v\u00e8nements \u00e9ducatifs organis\u00e9s par des tiers.<\/p>\n<p>Des subventions \u00e9ducatives restreintes ou Grants peuvent \u00eatre accord\u00e9s aux partenaires industriels du congr\u00e8s, afin de compenser les frais d\u2019inscription, de voyage et d\u2019h\u00f4tel des participants souhaitant assister au congr\u00e8s.<\/p>\n<p><strong><a href=\"https:\/\/www.divine-id.com\/\" target=\"_blank\" rel=\"noopener noreferrer\">Divine id<\/a><span>\u00a0<\/span>est un PCO et, est un partenaire de confiance d\u2019Ethical MedTech<\/strong>, l\u2019initiative de certification lanc\u00e9e par Ethical MedTech (le portail de conformit\u00e9 de MedTech Europe), soulignant<span>\u00a0<\/span><strong>notre engagement \u00e0 respecter les normes \u00e9thiques de l\u2019industrie<\/strong>.<\/p>\n<\/div>\n<div class=\"fusion-sep-clear\"><\/div>\n<div class=\"fusion-separator fusion-full-width-sep\"><\/div>\n<div class=\"fusion-sep-clear\"><\/div>\n<div class=\"fusion-clearfix\"><\/div>\n<\/div>\n<\/div>\n<div class=\"fusion-layout-column fusion_builder_column fusion-builder-column-6 fusion_builder_column_1_1 1_1 fusion-one-full fusion-column-first fusion-column-last\">\n<div class=\"fusion-column-wrapper fusion-column-has-shadow fusion-flex-column-wrapper-legacy\"><\/div>\n<\/div>\n<p>[\/et_pb_text][\/et_pb_column][\/et_pb_row][et_pb_row _builder_version=\u00a0\u00bb4.19.4&Prime; _module_preset=\u00a0\u00bbdefault\u00a0\u00bb global_colors_info=\u00a0\u00bb{}\u00a0\u00bb][et_pb_column type=\u00a0\u00bb4_4&Prime; _builder_version=\u00a0\u00bb4.19.4&Prime; _module_preset=\u00a0\u00bbdefault\u00a0\u00bb global_colors_info=\u00a0\u00bb{}\u00a0\u00bb][et_pb_text _builder_version=\u00a0\u00bb4.19.4&Prime; _module_preset=\u00a0\u00bbdefault\u00a0\u00bb global_colors_info=\u00a0\u00bb{}\u00a0\u00bb]<\/p>\n<div class=\"fusion-fullwidth fullwidth-box fusion-builder-row-3 nonhundred-percent-fullwidth non-hundred-percent-height-scrolling\">\n<div class=\"fusion-builder-row fusion-row\">\n<div class=\"fusion-layout-column fusion_builder_column fusion-builder-column-6 fusion_builder_column_1_1 1_1 fusion-one-full fusion-column-first fusion-column-last\">\n<div class=\"fusion-column-wrapper fusion-column-has-shadow fusion-flex-column-wrapper-legacy\">\n<div class=\"fusion-text fusion-text-4\">\n<p>Les industries peuvent nous accorder une subvention \u00e9ducative, afin que nous, organisateur du congr\u00e8s, s\u00e9lectionnons les b\u00e9n\u00e9ficiaires en fonction des crit\u00e8res \u00e9tablis par nos partenaires industriels. Ainsi, nous pouvons mettre en place un Grant cibl\u00e9 avec nomination des \u00e9tablissements, ou bien un Grant ouvert aux premiers venus avec certains crit\u00e8res d\u2019\u00e9ligibilit\u00e9 (pays, sp\u00e9cialit\u00e9, etc.).<\/p>\n<p><strong>Les subventions \u00e9ducatives couvriront les frais d\u2019inscription, les frais d\u2019h\u00e9bergement pendant le congr\u00e8s et les frais de voyage.<\/strong><\/p>\n<p>Les subventions \u00e9ducatives sont rendues publiques, garantissant une plus grande transparence des fonds allou\u00e9s \u00e0 l\u2019enseignement m\u00e9dical.<\/p>\n<p>&nbsp;<\/p>\n<\/div>\n<\/div>\n<\/div>\n<\/div>\n<\/div>\n<div class=\"fusion-fullwidth fullwidth-box fusion-builder-row-4 nonhundred-percent-fullwidth non-hundred-percent-height-scrolling\">\n<div class=\"fusion-builder-row fusion-row\">\n<div class=\"fusion-layout-column fusion_builder_column fusion-builder-column-7 fusion_builder_column_1_1 1_1 fusion-one-full fusion-column-first fusion-column-last\">\n<div class=\"fusion-column-wrapper fusion-column-has-shadow fusion-flex-column-wrapper-legacy\">\n<div class=\"fusion-text fusion-text-5\">\n<h2 data-fontsize=\"34\" data-lineheight=\"43.86px\" class=\"fusion-responsive-typography-calculated\">NOS PARTENAIRES<\/h2>\n<\/div>\n<div class=\"fusion-text fusion-text-6\">\n<p>Nous travaillons avec nos partenaires de l\u2019industrie afin de mettre en place des subventions \u00e9ducatives pour le congr\u00e8s de la SFNR 2023, et nous publierons une liste de partenaires au fur et \u00e0 mesure que nous recevrons des engagements.<\/p>\n<p>&nbsp;<\/p>\n<\/div>\n<\/div>\n<\/div>\n<\/div>\n<\/div>\n<div class=\"fusion-fullwidth fullwidth-box fusion-builder-row-5 nonhundred-percent-fullwidth non-hundred-percent-height-scrolling\">\n<div class=\"fusion-builder-row fusion-row\">\n<div class=\"fusion-layout-column fusion_builder_column fusion-builder-column-8 fusion_builder_column_1_1 1_1 fusion-one-full fusion-column-first fusion-column-last\">\n<div class=\"fusion-column-wrapper fusion-column-has-shadow fusion-flex-column-wrapper-legacy\">\n<div class=\"fusion-text fusion-text-7\">\n<h2 data-fontsize=\"34\" data-lineheight=\"43.86px\" class=\"fusion-responsive-typography-calculated\">QUE COUVRE LE GRANT ?<\/h2>\n<\/div>\n<div class=\"fusion-text fusion-text-8\">\n<ul>\n<li>Une inscription compl\u00e8te<\/li>\n<li>Jusqu\u2019\u00e0 trois nuits d\u2019h\u00f4tel (en chambre simple, petit d\u00e9jeuner compris)<\/li>\n<li>Un voyage aller\/retour (train en premi\u00e8re classe \/ vol en classe \u00e9conomique)<\/li>\n<\/ul>\n<p>&nbsp;<\/p>\n<\/div>\n<\/div>\n<\/div>\n<\/div>\n<\/div>\n<div class=\"fusion-fullwidth fullwidth-box fusion-builder-row-6 nonhundred-percent-fullwidth non-hundred-percent-height-scrolling\">\n<div class=\"fusion-builder-row fusion-row\">\n<div class=\"fusion-layout-column fusion_builder_column fusion-builder-column-9 fusion_builder_column_1_1 1_1 fusion-one-full fusion-column-first fusion-column-last\">\n<div class=\"fusion-column-wrapper fusion-column-has-shadow fusion-flex-column-wrapper-legacy\">\n<div class=\"fusion-text fusion-text-9\">\n<h2 data-fontsize=\"34\" data-lineheight=\"43.86px\" class=\"fusion-responsive-typography-calculated\">COMMENT FAIRE POUR BENEFICIER D\u2019UNE PRISE EN CHARGE PAR UN GRANT DE L\u2019INDUSTRIE ?<\/h2>\n<\/div>\n<div class=\"fusion-text fusion-text-10\">\n<p>Si des Grants sont disponibles pour financer votre participation au congr\u00e8s, vous pouvez vous inscrire en ligne.<\/p>\n<\/div>\n<\/div>\n<\/div>\n<\/div>\n<\/div>\n<p>[\/et_pb_text][et_pb_button button_url=\u00a0\u00bbhttp:\/\/www.event.divine-id.com\/fr\/congres-de-la-sfnr-2023&Prime; url_new_window=\u00a0\u00bbon\u00a0\u00bb button_text=\u00a0\u00bbINSCRIPTION EN LIGNE\u00a0\u00bb _builder_version=\u00a0\u00bb4.19.4&Prime; _module_preset=\u00a0\u00bbdefault\u00a0\u00bb custom_button=\u00a0\u00bbon\u00a0\u00bb button_text_size=\u00a0\u00bb20px\u00a0\u00bb button_text_color=\u00a0\u00bb#FFFFFF\u00a0\u00bb button_bg_color=\u00a0\u00bb#B29FC7&Prime; button_border_width=\u00a0\u00bb0px\u00a0\u00bb button_border_radius=\u00a0\u00bb0px\u00a0\u00bb button_use_icon=\u00a0\u00bboff\u00a0\u00bb hover_enabled=\u00a0\u00bb0&Prime; global_colors_info=\u00a0\u00bb{}\u00a0\u00bb disabled_on=\u00a0\u00bbon|on|on\u00a0\u00bb disabled=\u00a0\u00bbon\u00a0\u00bb sticky_enabled=\u00a0\u00bb0&Prime;][\/et_pb_button][\/et_pb_column][\/et_pb_row][et_pb_row _builder_version=\u00a0\u00bb4.19.4&Prime; _module_preset=\u00a0\u00bbdefault\u00a0\u00bb global_colors_info=\u00a0\u00bb{}\u00a0\u00bb][et_pb_column type=\u00a0\u00bb4_4&Prime; _builder_version=\u00a0\u00bb4.19.4&Prime; _module_preset=\u00a0\u00bbdefault\u00a0\u00bb global_colors_info=\u00a0\u00bb{}\u00a0\u00bb][et_pb_text _builder_version=\u00a0\u00bb4.19.4&Prime; _module_preset=\u00a0\u00bbdefault\u00a0\u00bb text_text_color=\u00a0\u00bb#000000&Prime; global_colors_info=\u00a0\u00bb{}\u00a0\u00bb]<\/p>\n<p>S\u00e9lectionnez \u00ab inscription individuelle \u00bb et d\u00e9couvrez si vous pouvez b\u00e9n\u00e9ficier d\u2019une prise en charge par un Grant de l\u2019industrie.<\/p>\n<p>&nbsp;<\/p>\n<h2>Vous \u00eates \u00e9ligible :<\/h2>\n<p>Tout d\u2019abord, si vous \u00eates m\u00e9decin, une caution de 300\u20ac vous sera demand\u00e9e. Cette caution vous sera int\u00e9gralement rembours\u00e9e apr\u00e8s le congr\u00e8s, sauf en cas d\u2019absence ou d\u2019annulation tardive moins de 50 jours avant l\u2019\u00e9v\u00e8nement.<\/p>\n<p>Apr\u00e8s r\u00e9ception de votre paiement, vous pourrez choisir votre inscription, faire une demande pour un h\u00e9bergement ainsi que nous transmettre vos modalit\u00e9s de voyage.<\/p>\n<p>Vous ne pourrez choisir un droit d\u2019inscription au congr\u00e8s, une chambre d\u2019h\u00f4tel et vos modalit\u00e9s de voyage qu\u2019apr\u00e8s r\u00e9ception de votre paiement int\u00e9gral.<\/p>\n<h2>H\u00e9bergement :<\/h2>\n<p>Vous ne pourrez pas b\u00e9n\u00e9ficier d\u2019une prise en charge de votre h\u00e9bergement si vous habitez \u00e0 moins de 50km du lieu du congr\u00e8s.<br \/>Le Grant peut couvrir jusqu\u2019\u00e0 trois nuits d\u2019h\u00f4tel. Si vous devez r\u00e9server des nuits suppl\u00e9mentaires ou si vous souhaitez r\u00e9server une chambre double, les frais suppl\u00e9mentaires seront \u00e0 votre charge.<\/p>\n<p>Au-del\u00e0 de 60 jours avant l\u2019\u00e9v\u00e9nement, il sera possible de modifier votre h\u00e9bergement dans la mesure des disponibilit\u00e9s. Ces frais seront \u00e0 votre charge.<\/p>\n<h2>Transport :<\/h2>\n<p>Nous pouvons organiser votre voyage. Un coordinateur vous contactera afin de r\u00e9server votre voyage, au plus tard 30 jours avant l\u2019\u00e9v\u00e9nement.<\/p>\n<p>Si votre voyage n\u2019a pas \u00e9t\u00e9 organis\u00e9 30 jours avant l\u2019\u00e9v\u00e9nement, vous serez rembours\u00e9 sur la base d\u2019un montant maximum de 500\u20ac (classe \u00e9conomique pour les vols, premi\u00e8re classe pour les voyages en train).<\/p>\n<p>Vous pouvez \u00e9galement vous rendre sur le lieu du congr\u00e8s avec votre propre v\u00e9hicule, vous serez alors rembours\u00e9 (sur la base de la puissance imposable fran\u00e7aise pour un v\u00e9hicule ne d\u00e9passant pas 7 CV), le montant maximum rembours\u00e9 sera de 300 \u20ac.<\/p>\n<p>Seules les raisons professionnelles seront accept\u00e9es pour les modifications de transport ou d\u2019h\u00e9bergement.<\/p>\n<p>[\/et_pb_text][\/et_pb_column][\/et_pb_row][\/et_pb_section][et_pb_section fb_built=\u00a0\u00bb1&Prime; _builder_version=\u00a0\u00bb4.19.4&Prime; _module_preset=\u00a0\u00bbdefault\u00a0\u00bb global_colors_info=\u00a0\u00bb{}\u00a0\u00bb][et_pb_row column_structure=\u00a0\u00bb3_4,1_4&Prime; _builder_version=\u00a0\u00bb4.19.4&Prime; _module_preset=\u00a0\u00bbdefault\u00a0\u00bb background_color=\u00a0\u00bb#B29FC7&Prime; custom_padding=\u00a0\u00bb20px|20px|20px|20px|false|false\u00a0\u00bb border_radii=\u00a0\u00bbon|1px|1px|1px|1px\u00a0\u00bb border_color_all=\u00a0\u00bb#000000&Prime; global_colors_info=\u00a0\u00bb{}\u00a0\u00bb][et_pb_column type=\u00a0\u00bb3_4&Prime; _builder_version=\u00a0\u00bb4.19.4&Prime; _module_preset=\u00a0\u00bbdefault\u00a0\u00bb global_colors_info=\u00a0\u00bb{}\u00a0\u00bb][et_pb_image src=\u00a0\u00bbhttps:\/\/divine-id.site\/SFNR\/2024\/wp-content\/uploads\/2023\/07\/picto-partenaire.png\u00a0\u00bb title_text=\u00a0\u00bbpicto-partenaire\u00a0\u00bb align=\u00a0\u00bbcenter\u00a0\u00bb _builder_version=\u00a0\u00bb4.19.4&Prime; _module_preset=\u00a0\u00bbdefault\u00a0\u00bb global_colors_info=\u00a0\u00bb{}\u00a0\u00bb][\/et_pb_image][et_pb_text _builder_version=\u00a0\u00bb4.19.4&Prime; _module_preset=\u00a0\u00bbdefault\u00a0\u00bb text_text_color=\u00a0\u00bb#000000&Prime; global_colors_info=\u00a0\u00bb{}\u00a0\u00bb]<\/p>\n<h2 data-fontsize=\"34\" data-lineheight=\"43.86px\" class=\"fusion-responsive-typography-calculated\"><span style=\"color: #ffffff;\">JE SUIS UN PARTENAIRE DE L\u2019INDUSTRIE ET JE SOUHAITE METTRE EN PLACE DES GRANTS\u00a0<\/span><\/h2>\n<p><span style=\"color: #ffffff;\"><\/span><\/p>\n<p><span style=\"color: #ffffff;\"><\/span><\/p>\n<p><span style=\"color: #ffffff;\">Nous proposons des offres pr\u00e9f\u00e9rentielles pour nos partenaires de l\u2019industrie, permettant de mettre en place des Grants pour un nombre choisi de m\u00e9decins Europ\u00e9ens.<\/span><\/p>\n<p><span style=\"color: #ffffff;\">Veuillez noter que\u00a0<strong>nous ne pourrons plus accepter de subvention pour le congr\u00e8s SFNR 2023 apr\u00e8s le 20 d\u00e9cembre 2022<\/strong>.<\/span><\/p>\n<p><span style=\"color: #ffffff;\">Pour plus d\u2019information, merci de contacter Marine BALANDRAS.<\/span><\/p>\n<p>[\/et_pb_text][\/et_pb_column][et_pb_column type=\u00a0\u00bb1_4&Prime; _builder_version=\u00a0\u00bb4.19.4&Prime; _module_preset=\u00a0\u00bbdefault\u00a0\u00bb global_colors_info=\u00a0\u00bb{}\u00a0\u00bb][et_pb_team_member _builder_version=\u00a0\u00bb4.19.4&Prime; _module_preset=\u00a0\u00bbdefault\u00a0\u00bb width=\u00a0\u00bb100%\u00a0\u00bb child_mix_blend_mode=\u00a0\u00bboverlay\u00a0\u00bb global_colors_info=\u00a0\u00bb{}\u00a0\u00bb]<\/p>\n<h4 data-fontsize=\"22\" data-lineheight=\"31.9px\" class=\"fusion-responsive-typography-calculated\" style=\"text-align: center;\"><img loading=\"lazy\" decoding=\"async\" src=\"https:\/\/divine-id.site\/SFNR\/2024\/wp-content\/uploads\/2023\/07\/marine.png\" alt=\"\" class=\"wp-image-707 alignnone size-full\" width=\"150\" height=\"150\" \/><\/h4>\n<p data-fontsize=\"22\" data-lineheight=\"31.9px\" class=\"fusion-responsive-typography-calculated\" style=\"text-align: center;\"><span style=\"color: #ffffff;\"><strong>Marine BALANDRAS<\/strong><\/span><br \/><span style=\"color: #ffffff;\">Charg\u00e9e des subventions<\/span><\/p>\n<p style=\"text-align: center;\"><span style=\"color: #ffffff;\">T\u00e9l: +33 (0)4 91 57 19 65<\/span><br \/><span style=\"color: #ffffff;\"><a href=\"maito:mbalandras@divine-id.com\" style=\"color: #ffffff;\">mbalandras@divine-id.com<\/a><\/span><\/p>\n<p>[\/et_pb_team_member][\/et_pb_column][\/et_pb_row][\/et_pb_section]<\/p>\n","protected":false},"excerpt":{"rendered":"<p>Plus d&rsquo;informations sur les subventions \u00e9ducatives \u00e0 venir.LES GRANTS DE L\u2019INDUSTRIE Depuis janvier 2018, la r\u00e8glementation MedTech Europe interdit aux industries de sponsoriser directement les m\u00e9decins pour leur participation \u00e0 des \u00e9v\u00e8nements \u00e9ducatifs organis\u00e9s par des tiers. Des subventions \u00e9ducatives restreintes ou Grants peuvent \u00eatre accord\u00e9s aux partenaires industriels du congr\u00e8s, afin de compenser les [&hellip;]<\/p>\n","protected":false},"author":3,"featured_media":0,"parent":0,"menu_order":0,"comment_status":"closed","ping_status":"closed","template":"","meta":{"_et_pb_use_builder":"on","_et_pb_old_content":"","_et_gb_content_width":"","footnotes":""},"class_list":["post-198","page","type-page","status-publish","hentry"],"_links":{"self":[{"href":"https:\/\/divine-id.site\/SFNR\/2024\/wp-json\/wp\/v2\/pages\/198","targetHints":{"allow":["GET"]}}],"collection":[{"href":"https:\/\/divine-id.site\/SFNR\/2024\/wp-json\/wp\/v2\/pages"}],"about":[{"href":"https:\/\/divine-id.site\/SFNR\/2024\/wp-json\/wp\/v2\/types\/page"}],"author":[{"embeddable":true,"href":"https:\/\/divine-id.site\/SFNR\/2024\/wp-json\/wp\/v2\/users\/3"}],"replies":[{"embeddable":true,"href":"https:\/\/divine-id.site\/SFNR\/2024\/wp-json\/wp\/v2\/comments?post=198"}],"version-history":[{"count":0,"href":"https:\/\/divine-id.site\/SFNR\/2024\/wp-json\/wp\/v2\/pages\/198\/revisions"}],"wp:attachment":[{"href":"https:\/\/divine-id.site\/SFNR\/2024\/wp-json\/wp\/v2\/media?parent=198"}],"curies":[{"name":"wp","href":"https:\/\/api.w.org\/{rel}","templated":true}]}}