{"id":238,"date":"2023-01-27T13:33:51","date_gmt":"2023-01-27T13:33:51","guid":{"rendered":"https:\/\/divine-id.site\/SFNR\/2024\/?page_id=238"},"modified":"2024-09-11T09:31:18","modified_gmt":"2024-09-11T09:31:18","slug":"appel-a-resumes","status":"publish","type":"page","link":"https:\/\/divine-id.site\/SFNR\/2024\/appel-a-resumes\/","title":{"rendered":"Appel \u00e0 r\u00e9sum\u00e9s"},"content":{"rendered":"<p>[et_pb_section fb_built=\u00a0\u00bb1&Prime; disabled_on=\u00a0\u00bbon|off|off\u00a0\u00bb admin_label=\u00a0\u00bbHeader\u00a0\u00bb _builder_version=\u00a0\u00bb4.19.4&Prime; _module_preset=\u00a0\u00bbdefault\u00a0\u00bb background_enable_color=\u00a0\u00bboff\u00a0\u00bb background_enable_image=\u00a0\u00bboff\u00a0\u00bb parallax=\u00a0\u00bbon\u00a0\u00bb background_enable_video_mp4=\u00a0\u00bboff\u00a0\u00bb custom_padding=\u00a0\u00bb0px||0px||false|false\u00a0\u00bb border_width_top=\u00a0\u00bb15px\u00a0\u00bb border_color_top=\u00a0\u00bb#F3AEB8&Prime; locked=\u00a0\u00bboff\u00a0\u00bb global_colors_info=\u00a0\u00bb{}\u00a0\u00bb][et_pb_row _builder_version=\u00a0\u00bb4.19.4&Prime; _module_preset=\u00a0\u00bbdefault\u00a0\u00bb global_colors_info=\u00a0\u00bb{}\u00a0\u00bb][et_pb_column type=\u00a0\u00bb4_4&Prime; _builder_version=\u00a0\u00bb4.19.4&Prime; _module_preset=\u00a0\u00bbdefault\u00a0\u00bb global_colors_info=\u00a0\u00bb{}\u00a0\u00bb][et_pb_post_title meta=\u00a0\u00bboff\u00a0\u00bb _builder_version=\u00a0\u00bb4.19.4&Prime; _module_preset=\u00a0\u00bbdefault\u00a0\u00bb title_font=\u00a0\u00bbBebas Neue|||on|||||\u00a0\u00bb title_text_align=\u00a0\u00bbcenter\u00a0\u00bb title_text_color=\u00a0\u00bb#F3AEB8&Prime; title_font_size=\u00a0\u00bb60px\u00a0\u00bb title_letter_spacing=\u00a0\u00bb8px\u00a0\u00bb animation_style=\u00a0\u00bbslide\u00a0\u00bb animation_direction=\u00a0\u00bbleft\u00a0\u00bb animation_duration=\u00a0\u00bb350ms\u00a0\u00bb animation_intensity_slide=\u00a0\u00bb5%\u00a0\u00bb global_colors_info=\u00a0\u00bb{}\u00a0\u00bb][\/et_pb_post_title][et_pb_text disabled_on=\u00a0\u00bboff|off|off\u00a0\u00bb _builder_version=\u00a0\u00bb4.22.1&Prime; _module_preset=\u00a0\u00bbdefault\u00a0\u00bb global_colors_info=\u00a0\u00bb{}\u00a0\u00bb]<\/p>\n<p style=\"text-align: center;\">La Soci\u00e9t\u00e9 Fran\u00e7aise de Neuroradiologie (SFNR) a le plaisir de vous inviter \u00e0 contribuer au programme scientifique de son 51\u00e8me congr\u00e8s annuel.<\/p>\n<p style=\"text-align: center;\"><strong>Tous les r\u00e9sum\u00e9s s\u00e9lectionn\u00e9s seront \u00e9galement diffus\u00e9s dans le Journal de Neuroradiologie d\u00e9di\u00e9 au congr\u00e8s<\/strong>.<\/p>\n<p style=\"text-align: center;\">La soumission des r\u00e9sum\u00e9s en interventionnel, diagnostique et des eposters est ouverte.<\/p>\n<p>[\/et_pb_text][\/et_pb_column][\/et_pb_row][\/et_pb_section][et_pb_section fb_built=\u00a0\u00bb1&Prime; disabled_on=\u00a0\u00bboff|off|off\u00a0\u00bb _builder_version=\u00a0\u00bb4.22.1&Prime; _module_preset=\u00a0\u00bbdefault\u00a0\u00bb custom_margin=\u00a0\u00bb17px|||||\u00a0\u00bb custom_padding=\u00a0\u00bb2px|||||\u00a0\u00bb global_colors_info=\u00a0\u00bb{}\u00a0\u00bb][et_pb_row column_structure=\u00a0\u00bb1_2,1_2&Prime; _builder_version=\u00a0\u00bb4.19.4&Prime; _module_preset=\u00a0\u00bbdefault\u00a0\u00bb global_colors_info=\u00a0\u00bb{}\u00a0\u00bb][et_pb_column type=\u00a0\u00bb1_2&Prime; _builder_version=\u00a0\u00bb4.19.4&Prime; _module_preset=\u00a0\u00bbdefault\u00a0\u00bb global_colors_info=\u00a0\u00bb{}\u00a0\u00bb][et_pb_text _builder_version=\u00a0\u00bb4.27.0&Prime; _module_preset=\u00a0\u00bbdefault\u00a0\u00bb hover_enabled=\u00a0\u00bb0&Prime; global_colors_info=\u00a0\u00bb{}\u00a0\u00bb sticky_enabled=\u00a0\u00bb0&Prime;]<\/p>\n<h2 style=\"color: #5dc2d9;\">PRIX DES COMMUNICATIONS SFNR<\/h2>\n<p>[\/et_pb_text][et_pb_text _builder_version=\u00a0\u00bb4.27.0&Prime; _module_preset=\u00a0\u00bbdefault\u00a0\u00bb hover_enabled=\u00a0\u00bb0&Prime; global_colors_info=\u00a0\u00bb{}\u00a0\u00bb sticky_enabled=\u00a0\u00bb0&Prime;]<\/p>\n<p><span>F\u00e9licitation aux grands gagnants de cette \u00e9dition.<\/span><\/p>\n<p><strong>Communication orale interventionnelle :<\/strong><span><\/span><br \/><span>Traitement endovasculaire des an\u00e9vrismes sacciformes du segment A1 proximal : particularit\u00e9s techniques et r\u00e9sultats \u00e0 long terme.<\/span><br \/><em>Liang Liao<\/em><\/p>\n<p><strong>Communication orale diagnostique :<\/strong><span><\/span><br \/><span>Recalage et fusion TOF \/ DSA en arteriographie cerebrale lors des thrombectomies cerebrales, methodologie et preuve de concept.<\/span><br \/><em>Thomas Cl\u00e9ment<\/em><\/p>\n<p><strong>Eposter :<\/strong><span><\/span><br \/><span>Imagerie c\u00e9r\u00e9brale \u00e0 la phase aig\u00fce de l\u2019isch\u00e9mie c\u00e9r\u00e9brale.<\/span><br \/><em>Victor Kilani<\/em><\/p>\n<p>[\/et_pb_text][\/et_pb_column][et_pb_column type=\u00a0\u00bb1_2&Prime; _builder_version=\u00a0\u00bb4.19.4&Prime; _module_preset=\u00a0\u00bbdefault\u00a0\u00bb global_colors_info=\u00a0\u00bb{}\u00a0\u00bb][et_pb_text _builder_version=\u00a0\u00bb4.27.0&Prime; _module_preset=\u00a0\u00bbdefault\u00a0\u00bb hover_enabled=\u00a0\u00bb0&Prime; global_colors_info=\u00a0\u00bb{}\u00a0\u00bb sticky_enabled=\u00a0\u00bb0&Prime;]<\/p>\n<h2 style=\"color: #5dc2d9;\">PRIX DE LA MEILLEURE COMMUNICATION AFPPE<\/h2>\n<p>[\/et_pb_text][et_pb_text _builder_version=\u00a0\u00bb4.27.0&Prime; _module_preset=\u00a0\u00bbdefault\u00a0\u00bb hover_enabled=\u00a0\u00bb0&Prime; global_colors_info=\u00a0\u00bb{}\u00a0\u00bb sticky_enabled=\u00a0\u00bb0&Prime; custom_margin=\u00a0\u00bb||53px|||\u00a0\u00bb]<\/p>\n<p><span>IRM interventionnelle : nouveau traitement HIFU.<\/span><br \/><em>Rory Haddad et Hugo Canas<\/em><\/p>\n<p>[\/et_pb_text][et_pb_text _builder_version=\u00a0\u00bb4.27.0&Prime; _module_preset=\u00a0\u00bbdefault\u00a0\u00bb hover_enabled=\u00a0\u00bb0&Prime; global_colors_info=\u00a0\u00bb{}\u00a0\u00bb sticky_enabled=\u00a0\u00bb0&Prime;]<\/p>\n<h2 style=\"color: #5dc2d9;\">PRIX DE LA MEILLEURE COMMUNICATION AFPPE\/SFNR<\/h2>\n<p>[\/et_pb_text][et_pb_text _builder_version=\u00a0\u00bb4.27.0&Prime; _module_preset=\u00a0\u00bbdefault\u00a0\u00bb hover_enabled=\u00a0\u00bb0&Prime; global_colors_info=\u00a0\u00bb{}\u00a0\u00bb sticky_enabled=\u00a0\u00bb0&Prime;]<\/p>\n<p><span>ETF, fen\u00eatre sur le cerveau de l\u2019enfant.<\/span><br \/><em>Gr\u00e9gory Planchette et Chung Veng Lim<\/em><\/p>\n<p>[\/et_pb_text][\/et_pb_column][\/et_pb_row][\/et_pb_section][et_pb_section fb_built=\u00a0\u00bb1&Prime; disabled_on=\u00a0\u00bbon|on|on\u00a0\u00bb _builder_version=\u00a0\u00bb4.27.0&Prime; _module_preset=\u00a0\u00bbdefault\u00a0\u00bb custom_margin=\u00a0\u00bb17px|||||\u00a0\u00bb custom_padding=\u00a0\u00bb2px|||||\u00a0\u00bb hover_enabled=\u00a0\u00bb0&Prime; global_colors_info=\u00a0\u00bb{}\u00a0\u00bb disabled=\u00a0\u00bbon\u00a0\u00bb sticky_enabled=\u00a0\u00bb0&Prime;][et_pb_row column_structure=\u00a0\u00bb1_2,1_2&Prime; _builder_version=\u00a0\u00bb4.19.4&Prime; _module_preset=\u00a0\u00bbdefault\u00a0\u00bb global_colors_info=\u00a0\u00bb{}\u00a0\u00bb][et_pb_column type=\u00a0\u00bb1_2&Prime; _builder_version=\u00a0\u00bb4.19.4&Prime; _module_preset=\u00a0\u00bbdefault\u00a0\u00bb global_colors_info=\u00a0\u00bb{}\u00a0\u00bb][et_pb_text _builder_version=\u00a0\u00bb4.22.1&Prime; _module_preset=\u00a0\u00bbdefault\u00a0\u00bb global_colors_info=\u00a0\u00bb{}\u00a0\u00bb]<\/p>\n<h2 style=\"color: #5dc2d9;\">APPEL \u00c0 COMMUNICATIONS 2024<\/h2>\n<p>[\/et_pb_text][et_pb_text _builder_version=\u00a0\u00bb4.22.1&Prime; _module_preset=\u00a0\u00bbdefault\u00a0\u00bb global_colors_info=\u00a0\u00bb{}\u00a0\u00bb]<\/p>\n<p><strong>Date limite de soumission :<\/strong><span>\u00a0<\/span>1er d\u00e9cembre 2023<\/p>\n<p><strong>Instructions :<\/strong><\/p>\n<ul>\n<li>300 mots maximum<\/li>\n<li>R\u00e9sum\u00e9s en fran\u00e7ais<\/li>\n<li>Une seule adresse mail est suffisante (celle de l\u2019auteur correspondant)<\/li>\n<li>Chaque abstract est limit\u00e9 \u00e0 deux figures\/deux tableaux maximum<\/li>\n<li>La liste de r\u00e9f\u00e9rences doit \u00eatre limit\u00e9e (moins de 5)<\/li>\n<\/ul>\n<p><strong>ATTENTION :<\/strong><\/p>\n<ul>\n<li>Tous les r\u00e9sum\u00e9s s\u00e9lectionn\u00e9s seront diffus\u00e9s dans le Journal de Neuroradiologie d\u00e9di\u00e9 au congr\u00e8s<\/li>\n<li>Uniquement les r\u00e9sum\u00e9s m\u00e9decins neuroradiologues, les manipulateurs radio doivent soumettre leur r\u00e9sum\u00e9 aupr\u00e8s de l\u2019AFPPE<\/li>\n<\/ul>\n<p>[\/et_pb_text][\/et_pb_column][et_pb_column type=\u00a0\u00bb1_2&Prime; _builder_version=\u00a0\u00bb4.19.4&Prime; _module_preset=\u00a0\u00bbdefault\u00a0\u00bb global_colors_info=\u00a0\u00bb{}\u00a0\u00bb][et_pb_text _builder_version=\u00a0\u00bb4.22.1&Prime; _module_preset=\u00a0\u00bbdefault\u00a0\u00bb global_colors_info=\u00a0\u00bb{}\u00a0\u00bb]<\/p>\n<h2 style=\"color: #5dc2d9;\">SOUMISSION DES R\u00c9SUMES<\/h2>\n<p>[\/et_pb_text][et_pb_text _builder_version=\u00a0\u00bb4.19.4&Prime; _module_preset=\u00a0\u00bbdefault\u00a0\u00bb global_colors_info=\u00a0\u00bb{}\u00a0\u00bb]<\/p>\n<p><strong>Merci de respecter le process ci-apr\u00e8s :<\/strong><\/p>\n<ul>\n<li>Connectez-vous ici :\u00a0<a href=\"http:\/\/www.event.divine-id.com\/abstract\/index.php\" target=\"_blank\" rel=\"noopener noreferrer\">sfnrcongres.net\/abstract<\/a><\/li>\n<li>Si vous avez d\u00e9j\u00e0 un compte (pour les r\u00e9sum\u00e9s), indiquez vos identifiants, sinon vous devez cr\u00e9er un compte en rentrant vos coordonn\u00e9es<\/li>\n<li>Vous devez cliquer sur \u00ab Submit an abstract as competitor \u00bb<\/li>\n<li>Rentrez vos coordonn\u00e9es<\/li>\n<li>Program section : choisissez \u00ab R\u00e9sum\u00e9s \u00bb<\/li>\n<li>Session : choisissez soit \u00ab communication \u00bb soit \u00ab eposters \u00bb<\/li>\n<li>Abstract Title : le titre est libre<\/li>\n<\/ul>\n<p>[\/et_pb_text][et_pb_button button_url=\u00a0\u00bbhttps:\/\/event.divine-id.com\/abstract\/index.php\u00a0\u00bb button_text=\u00a0\u00bb SOUMETTRE UN R\u00c9SUM\u00c9\u00a0\u00bb button_alignment=\u00a0\u00bbleft\u00a0\u00bb _builder_version=\u00a0\u00bb4.22.1&Prime; _module_preset=\u00a0\u00bbdefault\u00a0\u00bb custom_button=\u00a0\u00bbon\u00a0\u00bb button_text_size=\u00a0\u00bb25px\u00a0\u00bb button_text_color=\u00a0\u00bb#FFFFFF\u00a0\u00bb button_bg_color=\u00a0\u00bb#B29FC7&Prime; button_border_width=\u00a0\u00bb0px\u00a0\u00bb button_border_radius=\u00a0\u00bb0px\u00a0\u00bb button_use_icon=\u00a0\u00bboff\u00a0\u00bb locked=\u00a0\u00bboff\u00a0\u00bb global_colors_info=\u00a0\u00bb{}\u00a0\u00bb][\/et_pb_button][\/et_pb_column][\/et_pb_row][\/et_pb_section][et_pb_section fb_built=\u00a0\u00bb1&Prime; disabled_on=\u00a0\u00bboff|off|off\u00a0\u00bb admin_label=\u00a0\u00bbAbout\u00a0\u00bb _builder_version=\u00a0\u00bb4.22.1&Prime; _module_preset=\u00a0\u00bbdefault\u00a0\u00bb background_color=\u00a0\u00bb#fdfef7&Prime; custom_padding=\u00a0\u00bb||||false|false\u00a0\u00bb locked=\u00a0\u00bboff\u00a0\u00bb global_colors_info=\u00a0\u00bb{}\u00a0\u00bb][et_pb_row _builder_version=\u00a0\u00bb4.19.4&Prime; _module_preset=\u00a0\u00bbdefault\u00a0\u00bb global_colors_info=\u00a0\u00bb{}\u00a0\u00bb][et_pb_column type=\u00a0\u00bb4_4&Prime; _builder_version=\u00a0\u00bb4.19.4&Prime; _module_preset=\u00a0\u00bbdefault\u00a0\u00bb global_colors_info=\u00a0\u00bb{}\u00a0\u00bb][et_pb_text _builder_version=\u00a0\u00bb4.22.1&Prime; _module_preset=\u00a0\u00bbdefault\u00a0\u00bb global_colors_info=\u00a0\u00bb{}\u00a0\u00bb]<\/p>\n<h1 data-fontsize=\"34\" data-lineheight=\"43.86px\" class=\"fusion-responsive-typography-calculated\" style=\"color: #5dc2d9; text-align: center;\"><strong>VOS CONTACTS :<\/strong><\/h1>\n<p>[\/et_pb_text][\/et_pb_column][\/et_pb_row][et_pb_row column_structure=\u00a0\u00bb1_3,1_3,1_3&Prime; _builder_version=\u00a0\u00bb4.19.4&Prime; _module_preset=\u00a0\u00bbdefault\u00a0\u00bb locked=\u00a0\u00bboff\u00a0\u00bb global_colors_info=\u00a0\u00bb{}\u00a0\u00bb][et_pb_column type=\u00a0\u00bb1_3&Prime; _builder_version=\u00a0\u00bb4.19.4&Prime; _module_preset=\u00a0\u00bbdefault\u00a0\u00bb global_colors_info=\u00a0\u00bb{}\u00a0\u00bb][et_pb_image src=\u00a0\u00bbhttps:\/\/divine-id.site\/SFNR\/2024\/wp-content\/uploads\/2023\/09\/SFNR-manon.jpg\u00a0\u00bb title_text=\u00a0\u00bbSFNR-manon\u00a0\u00bb _builder_version=\u00a0\u00bb4.22.1&Prime; _module_preset=\u00a0\u00bbdefault\u00a0\u00bb global_colors_info=\u00a0\u00bb{}\u00a0\u00bb][\/et_pb_image][et_pb_text _builder_version=\u00a0\u00bb4.22.1&Prime; _module_preset=\u00a0\u00bbdefault\u00a0\u00bb global_colors_info=\u00a0\u00bb{}\u00a0\u00bb]<\/p>\n<p style=\"text-align: center;\"><strong>Manon HENOCQ<\/strong><br \/>\nInscriptions &amp; h\u00e9bergements<br \/>\nmhenocq@divine-id.com<br \/>\n+33 (0)4 91 01 21 00<\/p>\n<p>[\/et_pb_text][\/et_pb_column][et_pb_column type=\u00a0\u00bb1_3&Prime; _builder_version=\u00a0\u00bb4.19.4&Prime; _module_preset=\u00a0\u00bbdefault\u00a0\u00bb global_colors_info=\u00a0\u00bb{}\u00a0\u00bb][et_pb_image src=\u00a0\u00bbhttps:\/\/divine-id.site\/SFNR\/2024\/wp-content\/uploads\/2023\/07\/SFNR-ophelie.png\u00a0\u00bb title_text=\u00a0\u00bbSFNR-ophelie\u00a0\u00bb align=\u00a0\u00bbcenter\u00a0\u00bb _builder_version=\u00a0\u00bb4.19.4&Prime; _module_preset=\u00a0\u00bbdefault\u00a0\u00bb global_colors_info=\u00a0\u00bb{}\u00a0\u00bb][\/et_pb_image][et_pb_text _builder_version=\u00a0\u00bb4.22.1&Prime; _module_preset=\u00a0\u00bbdefault\u00a0\u00bb global_colors_info=\u00a0\u00bb{}\u00a0\u00bb]<\/p>\n<p style=\"text-align: center;\"><strong>Oph\u00e9lie NIVARD<\/strong><br \/>Inscriptions &amp; h\u00e9bergements<br \/>onivard@divine-id.com<br \/>+33 (0)6 13 96 08 70<br \/>+33 (0)4 91 57 19 66<\/p>\n<p>[\/et_pb_text][\/et_pb_column][et_pb_column type=\u00a0\u00bb1_3&Prime; _builder_version=\u00a0\u00bb4.19.4&Prime; _module_preset=\u00a0\u00bbdefault\u00a0\u00bb global_colors_info=\u00a0\u00bb{}\u00a0\u00bb][et_pb_image src=\u00a0\u00bbhttps:\/\/divine-id.site\/SFNR\/2024\/wp-content\/uploads\/2023\/07\/SFNR-claire.png\u00a0\u00bb title_text=\u00a0\u00bbSFNR-claire\u00a0\u00bb align=\u00a0\u00bbcenter\u00a0\u00bb _builder_version=\u00a0\u00bb4.19.4&Prime; _module_preset=\u00a0\u00bbdefault\u00a0\u00bb global_colors_info=\u00a0\u00bb{}\u00a0\u00bb][\/et_pb_image][et_pb_text _builder_version=\u00a0\u00bb4.19.4&Prime; _module_preset=\u00a0\u00bbdefault\u00a0\u00bb global_colors_info=\u00a0\u00bb{}\u00a0\u00bb]<\/p>\n<p style=\"text-align: center;\"><strong>Claire BARBIER<\/strong><br \/>\nChef de projet<br \/>\ncbarbier@divine-id.com<br \/>\n+33 (0)6 20 90 60 72<br \/>\n+33 (0)4 91 57 19 63<\/p>\n<p>[\/et_pb_text][\/et_pb_column][\/et_pb_row][\/et_pb_section]<\/p>\n","protected":false},"excerpt":{"rendered":"<p>La Soci\u00e9t\u00e9 Fran\u00e7aise de Neuroradiologie (SFNR) a le plaisir de vous inviter \u00e0 contribuer au programme scientifique de son 51\u00e8me congr\u00e8s annuel. Tous les r\u00e9sum\u00e9s s\u00e9lectionn\u00e9s seront \u00e9galement diffus\u00e9s dans le Journal de Neuroradiologie d\u00e9di\u00e9 au congr\u00e8s. La soumission des r\u00e9sum\u00e9s en interventionnel, diagnostique et des eposters est ouverte.PRIX DES COMMUNICATIONS SFNRF\u00e9licitation aux grands gagnants [&hellip;]<\/p>\n","protected":false},"author":3,"featured_media":0,"parent":0,"menu_order":0,"comment_status":"closed","ping_status":"closed","template":"","meta":{"_et_pb_use_builder":"on","_et_pb_old_content":"","_et_gb_content_width":"","footnotes":""},"class_list":["post-238","page","type-page","status-publish","hentry"],"_links":{"self":[{"href":"https:\/\/divine-id.site\/SFNR\/2024\/wp-json\/wp\/v2\/pages\/238","targetHints":{"allow":["GET"]}}],"collection":[{"href":"https:\/\/divine-id.site\/SFNR\/2024\/wp-json\/wp\/v2\/pages"}],"about":[{"href":"https:\/\/divine-id.site\/SFNR\/2024\/wp-json\/wp\/v2\/types\/page"}],"author":[{"embeddable":true,"href":"https:\/\/divine-id.site\/SFNR\/2024\/wp-json\/wp\/v2\/users\/3"}],"replies":[{"embeddable":true,"href":"https:\/\/divine-id.site\/SFNR\/2024\/wp-json\/wp\/v2\/comments?post=238"}],"version-history":[{"count":1,"href":"https:\/\/divine-id.site\/SFNR\/2024\/wp-json\/wp\/v2\/pages\/238\/revisions"}],"predecessor-version":[{"id":1217,"href":"https:\/\/divine-id.site\/SFNR\/2024\/wp-json\/wp\/v2\/pages\/238\/revisions\/1217"}],"wp:attachment":[{"href":"https:\/\/divine-id.site\/SFNR\/2024\/wp-json\/wp\/v2\/media?parent=238"}],"curies":[{"name":"wp","href":"https:\/\/api.w.org\/{rel}","templated":true}]}}