{"id":309,"date":"2023-01-30T08:41:33","date_gmt":"2023-01-30T08:41:33","guid":{"rendered":"https:\/\/divine-id.site\/SFNR\/2024\/?page_id=309"},"modified":"2024-09-11T08:32:17","modified_gmt":"2024-09-11T08:32:17","slug":"contact","status":"publish","type":"page","link":"https:\/\/divine-id.site\/SFNR\/2024\/contact\/","title":{"rendered":"Contact"},"content":{"rendered":"<p>[et_pb_section fb_built=\u00a0\u00bb1&Prime; disabled_on=\u00a0\u00bbon|off|off\u00a0\u00bb admin_label=\u00a0\u00bbHeader\u00a0\u00bb _builder_version=\u00a0\u00bb4.19.4&Prime; _module_preset=\u00a0\u00bbdefault\u00a0\u00bb background_enable_color=\u00a0\u00bboff\u00a0\u00bb background_enable_image=\u00a0\u00bboff\u00a0\u00bb parallax=\u00a0\u00bbon\u00a0\u00bb background_enable_video_mp4=\u00a0\u00bboff\u00a0\u00bb custom_padding=\u00a0\u00bb0px||0px||false|false\u00a0\u00bb border_width_top=\u00a0\u00bb15px\u00a0\u00bb border_color_top=\u00a0\u00bb#5DC2D9&Prime; locked=\u00a0\u00bboff\u00a0\u00bb global_colors_info=\u00a0\u00bb{}\u00a0\u00bb][et_pb_row _builder_version=\u00a0\u00bb4.19.4&Prime; _module_preset=\u00a0\u00bbdefault\u00a0\u00bb global_colors_info=\u00a0\u00bb{}\u00a0\u00bb][et_pb_column type=\u00a0\u00bb4_4&Prime; _builder_version=\u00a0\u00bb4.19.4&Prime; _module_preset=\u00a0\u00bbdefault\u00a0\u00bb global_colors_info=\u00a0\u00bb{}\u00a0\u00bb][et_pb_post_title meta=\u00a0\u00bboff\u00a0\u00bb _builder_version=\u00a0\u00bb4.19.4&Prime; _module_preset=\u00a0\u00bbdefault\u00a0\u00bb title_font=\u00a0\u00bbBebas Neue|||on|||||\u00a0\u00bb title_text_align=\u00a0\u00bbcenter\u00a0\u00bb title_text_color=\u00a0\u00bb#5DC2D9&Prime; title_font_size=\u00a0\u00bb60px\u00a0\u00bb title_letter_spacing=\u00a0\u00bb8px\u00a0\u00bb animation_style=\u00a0\u00bbslide\u00a0\u00bb animation_direction=\u00a0\u00bbleft\u00a0\u00bb animation_duration=\u00a0\u00bb350ms\u00a0\u00bb animation_intensity_slide=\u00a0\u00bb5%\u00a0\u00bb global_colors_info=\u00a0\u00bb{}\u00a0\u00bb][\/et_pb_post_title][\/et_pb_column][\/et_pb_row][\/et_pb_section][et_pb_section fb_built=\u00a0\u00bb1&Prime; _builder_version=\u00a0\u00bb4.19.4&Prime; _module_preset=\u00a0\u00bbdefault\u00a0\u00bb background_color=\u00a0\u00bb#FFFFFF\u00a0\u00bb global_colors_info=\u00a0\u00bb{}\u00a0\u00bb][et_pb_row column_structure=\u00a0\u00bb1_3,1_3,1_3&Prime; _builder_version=\u00a0\u00bb4.19.4&Prime; _module_preset=\u00a0\u00bbdefault\u00a0\u00bb global_colors_info=\u00a0\u00bb{}\u00a0\u00bb][et_pb_column type=\u00a0\u00bb1_3&Prime; _builder_version=\u00a0\u00bb4.19.4&Prime; _module_preset=\u00a0\u00bbdefault\u00a0\u00bb global_colors_info=\u00a0\u00bb{}\u00a0\u00bb][et_pb_image src=\u00a0\u00bbhttps:\/\/divine-id.site\/SFNR\/2024\/wp-content\/uploads\/2023\/07\/SFNR-claire.png\u00a0\u00bb title_text=\u00a0\u00bbSFNR-claire\u00a0\u00bb align=\u00a0\u00bbcenter\u00a0\u00bb _builder_version=\u00a0\u00bb4.19.4&Prime; _module_preset=\u00a0\u00bbdefault\u00a0\u00bb global_colors_info=\u00a0\u00bb{}\u00a0\u00bb][\/et_pb_image][et_pb_text _builder_version=\u00a0\u00bb4.22.1&Prime; _module_preset=\u00a0\u00bbdefault\u00a0\u00bb global_colors_info=\u00a0\u00bb{}\u00a0\u00bb]<\/p>\n<p style=\"text-align: center;\"><strong>Claire BARBIER<\/strong><br \/>Chef de projet<br \/><a href=\"mailto:cbarbier@divine-id.com\">cbarbier@divine-id.com<\/a><br \/>+33 (0)6 20 90 60 72<br \/>+33 (0)4 91 57 19 63<\/p>\n<p>[\/et_pb_text][\/et_pb_column][et_pb_column type=\u00a0\u00bb1_3&Prime; _builder_version=\u00a0\u00bb4.19.4&Prime; _module_preset=\u00a0\u00bbdefault\u00a0\u00bb global_colors_info=\u00a0\u00bb{}\u00a0\u00bb][et_pb_image src=\u00a0\u00bbhttps:\/\/divine-id.site\/SFNR\/2024\/wp-content\/uploads\/2023\/09\/SFNR-manon.jpg\u00a0\u00bb title_text=\u00a0\u00bbSFNR-manon\u00a0\u00bb align=\u00a0\u00bbcenter\u00a0\u00bb _builder_version=\u00a0\u00bb4.22.1&Prime; _module_preset=\u00a0\u00bbdefault\u00a0\u00bb global_colors_info=\u00a0\u00bb{}\u00a0\u00bb][\/et_pb_image][et_pb_text _builder_version=\u00a0\u00bb4.22.1&Prime; _module_preset=\u00a0\u00bbdefault\u00a0\u00bb hover_enabled=\u00a0\u00bb0&Prime; global_colors_info=\u00a0\u00bb{}\u00a0\u00bb sticky_enabled=\u00a0\u00bb0&Prime;]<\/p>\n<p style=\"text-align: center;\"><strong>Manon HENOCQ<\/strong><br \/>Inscriptions industriels<br \/><a href=\"mailto:mhenocq@divine-id.com\">mhenocq@divine-id.com<\/a><br \/>+33(0)4 91 01 21 00<\/p>\n<p>[\/et_pb_text][\/et_pb_column][et_pb_column type=\u00a0\u00bb1_3&Prime; _builder_version=\u00a0\u00bb4.19.4&Prime; _module_preset=\u00a0\u00bbdefault\u00a0\u00bb global_colors_info=\u00a0\u00bb{}\u00a0\u00bb][et_pb_image src=\u00a0\u00bbhttps:\/\/divine-id.site\/SFNR\/2024\/wp-content\/uploads\/2023\/07\/SFNR-ophelie.png\u00a0\u00bb title_text=\u00a0\u00bbSFNR-ophelie\u00a0\u00bb align=\u00a0\u00bbcenter\u00a0\u00bb _builder_version=\u00a0\u00bb4.19.4&Prime; _module_preset=\u00a0\u00bbdefault\u00a0\u00bb global_colors_info=\u00a0\u00bb{}\u00a0\u00bb][\/et_pb_image][et_pb_text _builder_version=\u00a0\u00bb4.22.1&Prime; _module_preset=\u00a0\u00bbdefault\u00a0\u00bb global_colors_info=\u00a0\u00bb{}\u00a0\u00bb]<\/p>\n<p style=\"text-align: center;\"><strong>Oph\u00e9lie NIVARD<\/strong><br \/>Inscriptions &amp; h\u00e9bergements<br \/><a href=\"mailto:onivard@divine-id.com\">onivard@divine-id.com<\/a><br \/>+33 (0)6 13 96 08 70<br \/>+33 (0)4 91 01 21 00<\/p>\n<p>[\/et_pb_text][\/et_pb_column][\/et_pb_row][et_pb_row column_structure=\u00a0\u00bb1_4,1_4,1_4,1_4&Prime; _builder_version=\u00a0\u00bb4.19.4&Prime; _module_preset=\u00a0\u00bbdefault\u00a0\u00bb global_colors_info=\u00a0\u00bb{}\u00a0\u00bb][et_pb_column type=\u00a0\u00bb1_4&Prime; _builder_version=\u00a0\u00bb4.19.4&Prime; _module_preset=\u00a0\u00bbdefault\u00a0\u00bb global_colors_info=\u00a0\u00bb{}\u00a0\u00bb][\/et_pb_column][et_pb_column type=\u00a0\u00bb1_4&Prime; _builder_version=\u00a0\u00bb4.19.4&Prime; _module_preset=\u00a0\u00bbdefault\u00a0\u00bb global_colors_info=\u00a0\u00bb{}\u00a0\u00bb][et_pb_image src=\u00a0\u00bbhttps:\/\/divine-id.site\/SFNR\/2024\/wp-content\/uploads\/2023\/07\/SFNR-marine.png\u00a0\u00bb title_text=\u00a0\u00bbSFNR-marine\u00a0\u00bb _builder_version=\u00a0\u00bb4.19.4&Prime; _module_preset=\u00a0\u00bbdefault\u00a0\u00bb global_colors_info=\u00a0\u00bb{}\u00a0\u00bb][\/et_pb_image][et_pb_text _builder_version=\u00a0\u00bb4.22.1&Prime; _module_preset=\u00a0\u00bbdefault\u00a0\u00bb global_colors_info=\u00a0\u00bb{}\u00a0\u00bb]<\/p>\n<p style=\"text-align: center;\"><strong>Marine BALANDRAS<\/strong><br \/>Charg\u00e9e des subventions \u00e9ducatives<br \/><a href=\"mailto:mbalandras@divine-id.com\">mbalandras@divine-id.com<\/a><br \/>+33 (0)7 88 69 48 72<br \/>+33 (0)4 91 57 19 65<\/p>\n<p>[\/et_pb_text][\/et_pb_column][et_pb_column type=\u00a0\u00bb1_4&Prime; _builder_version=\u00a0\u00bb4.19.4&Prime; _module_preset=\u00a0\u00bbdefault\u00a0\u00bb global_colors_info=\u00a0\u00bb{}\u00a0\u00bb][et_pb_image src=\u00a0\u00bbhttps:\/\/divine-id.site\/SFNR\/2024\/wp-content\/uploads\/2023\/07\/SFNR-verane.png\u00a0\u00bb title_text=\u00a0\u00bbSFNR-verane\u00a0\u00bb align=\u00a0\u00bbcenter\u00a0\u00bb _builder_version=\u00a0\u00bb4.19.4&Prime; _module_preset=\u00a0\u00bbdefault\u00a0\u00bb global_colors_info=\u00a0\u00bb{}\u00a0\u00bb][\/et_pb_image][et_pb_text _builder_version=\u00a0\u00bb4.22.1&Prime; _module_preset=\u00a0\u00bbdefault\u00a0\u00bb global_colors_info=\u00a0\u00bb{}\u00a0\u00bb]<\/p>\n<p style=\"text-align: center;\"><strong>V\u00e9rane BERGERON<\/strong><br \/>Directrice Ex\u00e9cutive<br \/><a href=\"mailto:vbergeron@divine-id.com\">vbergeron@divine-id.com<\/a><br \/>+33 (0)6 21 78 87 16<br \/>+33 (0)4 91 57 19 62<\/p>\n<p>[\/et_pb_text][\/et_pb_column][et_pb_column type=\u00a0\u00bb1_4&Prime; _builder_version=\u00a0\u00bb4.19.4&Prime; _module_preset=\u00a0\u00bbdefault\u00a0\u00bb global_colors_info=\u00a0\u00bb{}\u00a0\u00bb][\/et_pb_column][\/et_pb_row][et_pb_row column_structure=\u00a0\u00bb1_2,1_2&Prime; _builder_version=\u00a0\u00bb4.19.4&Prime; _module_preset=\u00a0\u00bbdefault\u00a0\u00bb global_colors_info=\u00a0\u00bb{}\u00a0\u00bb][et_pb_column type=\u00a0\u00bb1_2&Prime; _builder_version=\u00a0\u00bb4.19.4&Prime; _module_preset=\u00a0\u00bbdefault\u00a0\u00bb global_colors_info=\u00a0\u00bb{}\u00a0\u00bb][et_pb_text _builder_version=\u00a0\u00bb4.19.4&Prime; _module_preset=\u00a0\u00bbdefault\u00a0\u00bb global_colors_info=\u00a0\u00bb{}\u00a0\u00bb]<\/p>\n<h2 data-fontsize=\"34\" data-lineheight=\"43.86px\" class=\"fusion-responsive-typography-calculated\" style=\"color: #5dc2d9;\">ORGANISATION :<\/h2>\n<p><img loading=\"lazy\" decoding=\"async\" src=\"https:\/\/divine-id.site\/SFNR\/2024\/wp-content\/uploads\/2023\/01\/DID-1-150x150.png\" alt=\"\" class=\"wp-image-338 alignnone size-thumbnail\" width=\"150\" height=\"150\" \/><\/p>\n<p><span>17, rue Venture, 13001 Marseille (France)<\/span><br \/><span>T\u00e9l\u00e9phone : +33(0) 4 91 57 19 60<\/span><br \/><span>Site internet :\u00a0<\/span><a href=\"https:\/\/www.divine-id.com\/\" target=\"_blank\" rel=\"noopener noreferrer\">www.divine-id.com<\/a><\/p>\n<p>[\/et_pb_text][\/et_pb_column][et_pb_column type=\u00a0\u00bb1_2&Prime; _builder_version=\u00a0\u00bb4.19.4&Prime; _module_preset=\u00a0\u00bbdefault\u00a0\u00bb global_colors_info=\u00a0\u00bb{}\u00a0\u00bb][et_pb_code _builder_version=\u00a0\u00bb4.19.4&Prime; _module_preset=\u00a0\u00bbdefault\u00a0\u00bb global_colors_info=\u00a0\u00bb{}\u00a0\u00bb]<iframe src=\"https:\/\/www.google.com\/maps\/embed?pb=!1m18!1m12!1m3!1d2904.0232073296497!2d5.375428815486111!3d43.29283567913531!2m3!1f0!2f0!3f0!3m2!1i1024!2i768!4f13.1!3m3!1m2!1s0x12c9c0b979f94ceb%3A0x3bbd0d3c5cdbb950!2s17%20Rue%20Venture%2C%2013001%20Marseille!5e0!3m2!1sfr!2sfr!4v1638198419069!5m2!1sfr!2sfr\" width=\"600\" height=\"350\" style=\"border:0;\" allowfullscreen=\"\" loading=\"lazy\"><\/iframe>[\/et_pb_code][\/et_pb_column][\/et_pb_row][et_pb_row column_structure=\u00a0\u00bb1_2,1_2&Prime; disabled_on=\u00a0\u00bbon|on|on\u00a0\u00bb _builder_version=\u00a0\u00bb4.19.4&Prime; _module_preset=\u00a0\u00bbdefault\u00a0\u00bb disabled=\u00a0\u00bbon\u00a0\u00bb global_colors_info=\u00a0\u00bb{}\u00a0\u00bb][et_pb_column type=\u00a0\u00bb1_2&Prime; _builder_version=\u00a0\u00bb4.19.4&Prime; _module_preset=\u00a0\u00bbdefault\u00a0\u00bb global_colors_info=\u00a0\u00bb{}\u00a0\u00bb][et_pb_text _builder_version=\u00a0\u00bb4.19.4&Prime; _module_preset=\u00a0\u00bbdefault\u00a0\u00bb text_text_color=\u00a0\u00bb#000000&Prime; global_colors_info=\u00a0\u00bb{}\u00a0\u00bb]<\/p>\n<p style=\"text-align: center;\"><img loading=\"lazy\" decoding=\"async\" src=\"https:\/\/divine-id.site\/SFNR\/2024\/wp-content\/uploads\/2023\/01\/med-tech-cvs-200.png\" width=\"120\" height=\"111\" alt=\"\" class=\"wp-image-76 alignnone size-full\" style=\"display: block; margin-left: auto; margin-right: auto;\" \/><br \/><span>Le 50\u00e8me congr\u00e8s de la SFNR est conforme avec le code Ethical Medtech.<\/span><\/p>\n<p>[\/et_pb_text][\/et_pb_column][et_pb_column type=\u00a0\u00bb1_2&Prime; _builder_version=\u00a0\u00bb4.19.4&Prime; _module_preset=\u00a0\u00bbdefault\u00a0\u00bb global_colors_info=\u00a0\u00bb{}\u00a0\u00bb][et_pb_text _builder_version=\u00a0\u00bb4.19.4&Prime; _module_preset=\u00a0\u00bbdefault\u00a0\u00bb text_text_color=\u00a0\u00bb#000000&Prime; global_colors_info=\u00a0\u00bb{}\u00a0\u00bb]<\/p>\n<p style=\"text-align: center;\"><span><img loading=\"lazy\" decoding=\"async\" src=\"https:\/\/divine-id.site\/SFNR\/2024\/wp-content\/uploads\/2023\/01\/med-tech-partner-200.png\" alt=\"\" class=\"wp-image-78 alignnone size-full\" width=\"121\" height=\"121\" srcset=\"https:\/\/divine-id.site\/SFNR\/2024\/wp-content\/uploads\/2023\/01\/med-tech-partner-200.png 200w, https:\/\/divine-id.site\/SFNR\/2024\/wp-content\/uploads\/2023\/01\/med-tech-partner-200-150x150.png 150w\" sizes=\"auto, (max-width: 121px) 100vw, 121px\" \/><\/span><\/p>\n<p style=\"text-align: center;\"><strong><a href=\"https:\/\/www.divine-id.com\/\" target=\"_blank\" rel=\"noopener noreferrer\">divine id<\/a><\/strong><span>\u00a0a re\u00e7u la certification\u00a0<\/span><strong>MedTech Europe Ethical Charter<\/strong><\/p>\n<p>[\/et_pb_text][\/et_pb_column][\/et_pb_row][\/et_pb_section][et_pb_section fb_built=\u00a0\u00bb1&Prime; fullwidth=\u00a0\u00bbon\u00a0\u00bb _builder_version=\u00a0\u00bb4.19.4&Prime; _module_preset=\u00a0\u00bbdefault\u00a0\u00bb global_colors_info=\u00a0\u00bb{}\u00a0\u00bb][et_pb_fullwidth_image src=\u00a0\u00bbhttps:\/\/divine-id.site\/SFNR\/2024\/wp-content\/uploads\/2023\/01\/separator-1.png\u00a0\u00bb title_text=\u00a0\u00bbseparator\u00a0\u00bb _builder_version=\u00a0\u00bb4.19.4&Prime; _module_preset=\u00a0\u00bbdefault\u00a0\u00bb animation_style=\u00a0\u00bbslide\u00a0\u00bb animation_direction=\u00a0\u00bbright\u00a0\u00bb global_colors_info=\u00a0\u00bb{}\u00a0\u00bb][\/et_pb_fullwidth_image][\/et_pb_section]<\/p>\n","protected":false},"excerpt":{"rendered":"<p>Claire BARBIERChef de projetcbarbier@divine-id.com+33 (0)6 20 90 60 72+33 (0)4 91 57 19 63Manon HENOCQInscriptions industrielsmhenocq@divine-id.com+33(0)4 91 01 21 00Oph\u00e9lie NIVARDInscriptions &amp; h\u00e9bergementsonivard@divine-id.com+33 (0)6 13 96 08 70+33 (0)4 91 01 21 00Marine BALANDRASCharg\u00e9e des subventions \u00e9ducativesmbalandras@divine-id.com+33 (0)7 88 69 48 72+33 (0)4 91 57 19 65V\u00e9rane BERGERONDirectrice Ex\u00e9cutivevbergeron@divine-id.com+33 (0)6 21 78 87 16+33 (0)4 [&hellip;]<\/p>\n","protected":false},"author":3,"featured_media":0,"parent":0,"menu_order":0,"comment_status":"closed","ping_status":"closed","template":"","meta":{"_et_pb_use_builder":"on","_et_pb_old_content":"","_et_gb_content_width":"","footnotes":""},"class_list":["post-309","page","type-page","status-publish","hentry"],"_links":{"self":[{"href":"https:\/\/divine-id.site\/SFNR\/2024\/wp-json\/wp\/v2\/pages\/309","targetHints":{"allow":["GET"]}}],"collection":[{"href":"https:\/\/divine-id.site\/SFNR\/2024\/wp-json\/wp\/v2\/pages"}],"about":[{"href":"https:\/\/divine-id.site\/SFNR\/2024\/wp-json\/wp\/v2\/types\/page"}],"author":[{"embeddable":true,"href":"https:\/\/divine-id.site\/SFNR\/2024\/wp-json\/wp\/v2\/users\/3"}],"replies":[{"embeddable":true,"href":"https:\/\/divine-id.site\/SFNR\/2024\/wp-json\/wp\/v2\/comments?post=309"}],"version-history":[{"count":0,"href":"https:\/\/divine-id.site\/SFNR\/2024\/wp-json\/wp\/v2\/pages\/309\/revisions"}],"wp:attachment":[{"href":"https:\/\/divine-id.site\/SFNR\/2024\/wp-json\/wp\/v2\/media?parent=309"}],"curies":[{"name":"wp","href":"https:\/\/api.w.org\/{rel}","templated":true}]}}