{"id":418,"date":"2023-01-30T14:38:49","date_gmt":"2023-01-30T14:38:49","guid":{"rendered":"https:\/\/divine-id.site\/SFNR\/2024\/?page_id=418"},"modified":"2024-09-11T08:32:17","modified_gmt":"2024-09-11T08:32:17","slug":"faculte","status":"publish","type":"page","link":"https:\/\/divine-id.site\/SFNR\/2024\/faculte\/","title":{"rendered":"Facult\u00e9"},"content":{"rendered":"<p>[et_pb_section fb_built=\u00a0\u00bb1&Prime; disabled_on=\u00a0\u00bbon|off|off\u00a0\u00bb admin_label=\u00a0\u00bbHeader\u00a0\u00bb _builder_version=\u00a0\u00bb4.19.4&Prime; _module_preset=\u00a0\u00bbdefault\u00a0\u00bb background_color=\u00a0\u00bbRGBA(255,255,255,0)\u00a0\u00bb background_enable_image=\u00a0\u00bboff\u00a0\u00bb parallax=\u00a0\u00bbon\u00a0\u00bb background_enable_video_mp4=\u00a0\u00bboff\u00a0\u00bb custom_padding=\u00a0\u00bb0px||0px||false|false\u00a0\u00bb border_width_top=\u00a0\u00bb15px\u00a0\u00bb border_color_top=\u00a0\u00bb#F6B12B\u00a0\u00bb locked=\u00a0\u00bboff\u00a0\u00bb global_colors_info=\u00a0\u00bb{}\u00a0\u00bb][et_pb_row _builder_version=\u00a0\u00bb4.19.4&Prime; _module_preset=\u00a0\u00bbdefault\u00a0\u00bb global_colors_info=\u00a0\u00bb{}\u00a0\u00bb][et_pb_column type=\u00a0\u00bb4_4&Prime; _builder_version=\u00a0\u00bb4.19.4&Prime; _module_preset=\u00a0\u00bbdefault\u00a0\u00bb global_colors_info=\u00a0\u00bb{}\u00a0\u00bb][et_pb_post_title meta=\u00a0\u00bboff\u00a0\u00bb _builder_version=\u00a0\u00bb4.19.4&Prime; _module_preset=\u00a0\u00bbdefault\u00a0\u00bb title_font=\u00a0\u00bbBebas Neue|||on|||||\u00a0\u00bb title_text_align=\u00a0\u00bbcenter\u00a0\u00bb title_text_color=\u00a0\u00bb#F6B12B\u00a0\u00bb title_font_size=\u00a0\u00bb60px\u00a0\u00bb title_letter_spacing=\u00a0\u00bb8px\u00a0\u00bb animation_style=\u00a0\u00bbslide\u00a0\u00bb animation_direction=\u00a0\u00bbleft\u00a0\u00bb animation_duration=\u00a0\u00bb350ms\u00a0\u00bb animation_intensity_slide=\u00a0\u00bb5%\u00a0\u00bb global_colors_info=\u00a0\u00bb{}\u00a0\u00bb][\/et_pb_post_title][et_pb_text _builder_version=\u00a0\u00bb4.22.1&Prime; _module_preset=\u00a0\u00bbdefault\u00a0\u00bb global_colors_info=\u00a0\u00bb{}\u00a0\u00bb]<\/p>\n<p style=\"text-align: center;\">D\u00e9couvrez la facult\u00e9 2024 :<\/p>\n<p>[\/et_pb_text][\/et_pb_column][\/et_pb_row][\/et_pb_section][et_pb_section fb_built=\u00a0\u00bb1&Prime; disabled_on=\u00a0\u00bboff|off|off\u00a0\u00bb _builder_version=\u00a0\u00bb4.22.1&Prime; _module_preset=\u00a0\u00bbdefault\u00a0\u00bb global_colors_info=\u00a0\u00bb{}\u00a0\u00bb][et_pb_row column_structure=\u00a0\u00bb1_2,1_2&Prime; _builder_version=\u00a0\u00bb4.19.4&Prime; _module_preset=\u00a0\u00bbdefault\u00a0\u00bb global_colors_info=\u00a0\u00bb{}\u00a0\u00bb][et_pb_column type=\u00a0\u00bb1_2&Prime; _builder_version=\u00a0\u00bb4.19.4&Prime; _module_preset=\u00a0\u00bbdefault\u00a0\u00bb global_colors_info=\u00a0\u00bb{}\u00a0\u00bb][et_pb_text _builder_version=\u00a0\u00bb4.22.1&Prime; _module_preset=\u00a0\u00bbdefault\u00a0\u00bb global_colors_info=\u00a0\u00bb{}\u00a0\u00bb]<\/p>\n<p>Thibault AGRIPNIDIS, Marseille<br \/>Z\u00e9lie ALERTE, Brest<br \/>Roxana AMELI, Lyon<br \/>Ren\u00e9 ANXIONNAT, Nancy<br \/>Jennifer ATTALI, Fontenay-sous-Bois<br \/>Arnaud ATTYE, Grenoble<br \/>St\u00e9phanie ARRABAL, Paris<br \/>Christian AUBLANT, Boulogne Billancourt<br \/>Alexandra BANI-SADR, Bron<br \/>Blanche BAPST, Creteil<br \/>Charlotte BARBIER, Caen<br \/>Xavier BARREAU, Bordeaux<br \/>R\u00e9my BEAUJEUX, Strasbourg<br \/>Guillaume BELLANGER, Toulouse<br \/>Farida BENOUDIBA, Paris<br \/>Douraied BEN SALEM, Brest<br \/>Joseph BENZAKOUN, Paris<br \/>J\u00e9r\u00f4me BERGE, Bordeaux<br \/>Alessandra BIONDI, Besan\u00e7on<br \/>Annouk BISDORFF-BRESSON, Paris<br \/>Raphael BLANC, Paris<br \/>Anne-Laure BOCQUET, Paris<br \/>Julien BOINET, Caen<br \/>Fabrice BONNEVILLE, Toulouse<br \/>Anne BOULIN, Suresnes<br \/>Gr\u00e9goire BOULOUIS, Tours<br \/>Romain BOURCIER, Nantes<br \/>Claire BOUTET, Saint-Etienne<br \/>Vanessa BRUN, Rennes<br \/>Julien BUREL, Rouen<br \/>Federico CAGNAZZO, Montpellier<br \/>Hugo CANAS, Paris<br \/>Ludovic CAILLON, Poitiers<br \/>Charly CARREDA, Lyon<br \/>Jildaz CAROFF, Paris<br \/>Emmanuel CHABERT, Clermont-Ferrand<br \/>Fr\u00e9d\u00e9ric CLAREN\u00c7ON, Paris<br \/>Johann CLOUET, Nantes<br \/>Christophe COGNARD, Toulouse<br \/>Clara COHEN, Orl\u00e9ans<br \/>Vincent COSTALAT, Montpellier<br \/>Jean-Philippe COTTIER, Tours<br \/>Francois COTTON, Lyon<br \/>Volodia DANGOULOFF-ROS, Paris<br \/>Anne-Isabelle DE PARCEVAUX, Dijon<br \/>Victor DELEMAR, Lille<br \/>Hubert DESAL, Nantes<br \/>Jean-Luc DIAMARCQ, Strasbourg<br \/>Federico DI MARIA, Suresnes<br \/>Didier DORMONT, Paris<br \/>Hubert DUCOU LE POINTE, Paris<br \/>Myriam EDJLALI-GOUJON, Paris<br \/>Omer EKER, Lyon<br \/>Jean-Christophe FERR\u00c9, Rennes<br \/>G\u00e9raud FORESTIER, Clermont-Ferrand<br \/>Damien GALANAUD, Paris<br \/>Sophie GALLAS, Paris<br \/>Alina GAULTIER, Nantes<br \/>Jean-Christophe GENTRIC, Brest<br \/>Emmannuel GERARDIN, Rouen<br \/>Olivier GOEAU-BRISSONNIERE, Garches<br \/>R\u00e9my GUILLEVIN, Poitiers<br \/>Rory HADDAD, Paris<br \/>Olivier HECK, Grenoble<br \/>Fran\u00e7oise HERAN-DREYFUS, Paris<br \/>Denis HERBRETEAU, Tours<\/p>\n<p>[\/et_pb_text][\/et_pb_column][et_pb_column type=\u00a0\u00bb1_2&Prime; _builder_version=\u00a0\u00bb4.19.4&Prime; _module_preset=\u00a0\u00bbdefault\u00a0\u00bb global_colors_info=\u00a0\u00bb{}\u00a0\u00bb][et_pb_text _builder_version=\u00a0\u00bb4.22.1&Prime; _module_preset=\u00a0\u00bbdefault\u00a0\u00bb global_colors_info=\u00a0\u00bb{}\u00a0\u00bb]<\/p>\n<p>H\u00e9lo\u00efse IFERGAN, Tours<br \/>Betty JEAN, Paris<br \/>Amy JULIANO, Boston, Etats-Unis<br \/>Laurine JULLIEN, Clamart<br \/>Basile KERLEROUX, Marseille<br \/>Alexandre KRAINIK, Grenoble<br \/>St\u00e9phane KREMER Strasbourg<br \/>Sidney KRYSTAL, Paris<br \/>Gr\u00e9gory KUCHCINSKI, Lille<br \/>Marc-Antoine LABEYRIE, Paris<br \/>M\u00e9lanie LAGIERE, Paris<br \/>Vincent L&rsquo;ALLINEC, Angers<br \/>Denis LE BIHAN, Paris<br \/>Thibaud LEBOUVIER, Lille<br \/>Augustin LECLER, Paris<br \/>St\u00e9phanie LENCK, Paris<br \/>Raphael LEVY, Paris<br \/>Liang LIAO, Nancy<br \/>Benjamin LONGERE, Lille<br \/>Marielle MAILHES, Paris<br \/>Patrick MALLEA, Paris<br \/>In\u00e8s MANNES, Paris<br \/>Gaultier MARNAT, Bordeaux<br \/>Charles MELLERIO, Saint-Denis<br \/>Nicolas MENJOT DE CHAMPFLEUR, Montpellier<br \/>Justine MERIADEC, Montpellier<br \/>Lydiane MONDOT, Nice<br \/>Bruno MUTET, Strasbourg<br \/>Olivier NAGGARA, Paris<br \/>Lucia NICHELLI, Paris<br \/>Alexis OLLITRAULT, Paris<br \/>Morgan OLLIVIER, Paris<br \/>Augustin OZANNE, Paris<br \/>Chrysanthi PAPAGIANNAKI, Rouen<br \/>Jonathan PIERRON, Nancy<br \/>Laurent PIEROT, Reims<br \/>Joris PIFFRE, Nancy<br \/>Gregory PLANCHETTE, Paris<br \/>Letterio POLITI, Milan, Italie<br \/>Julien POOR, Essey-Les-Nancy<br \/>Jean-Pierre PRUVO, Lille<br \/>Nadya PYATIGORSKAYA, Paris<br \/>Charles-Joris ROUX, Montpellier<br \/>Aymeric ROUCHAUD, Limoges<br \/>Maurice RUDEL, Paris<br \/>Cecile SABOURDY, Tain-l&rsquo;Hermitage<br \/>Suzana SALEME, Limoges<br \/>Thomas SAMOYEAU, Paris<br \/>Aude SERRAND, Nantes<br \/>Andriy SMOLANKA, Ukraine<br \/>Sebastien SOIZE, Reims<br \/>Laurent SPELLE, Paris<br \/>Jacques THERON, Paris<br \/>Thomas TOURDIAS, Bordeaux<br \/>Alexia TRAN, Paris<br \/>Jean-No\u00ebl VALL\u00c9E, Paris<br \/>Johan VAN GOETHEM, Anvers, Belgique<br \/>Quentin VARNIER, Montpellier<br \/>Lim-Chun VEN, Paris<br \/>Mathieu VIEIRA, Paris<br \/>Fabien VOIX, Poitiers<br \/>Emilie WOLFF, Mulhouse<br \/>Tarek YOUSRI, Londres<br \/>Fran\u00e7ois ZHU, Nancy<\/p>\n<p>[\/et_pb_text][\/et_pb_column][\/et_pb_row][\/et_pb_section]<\/p>\n","protected":false},"excerpt":{"rendered":"<p>D\u00e9couvrez la facult\u00e9 2024 :Thibault AGRIPNIDIS, MarseilleZ\u00e9lie ALERTE, BrestRoxana AMELI, LyonRen\u00e9 ANXIONNAT, NancyJennifer ATTALI, Fontenay-sous-BoisArnaud ATTYE, GrenobleSt\u00e9phanie ARRABAL, ParisChristian AUBLANT, Boulogne BillancourtAlexandra BANI-SADR, BronBlanche BAPST, CreteilCharlotte BARBIER, CaenXavier BARREAU, BordeauxR\u00e9my BEAUJEUX, StrasbourgGuillaume BELLANGER, ToulouseFarida BENOUDIBA, ParisDouraied BEN SALEM, BrestJoseph BENZAKOUN, ParisJ\u00e9r\u00f4me BERGE, BordeauxAlessandra BIONDI, Besan\u00e7onAnnouk BISDORFF-BRESSON, ParisRaphael BLANC, ParisAnne-Laure BOCQUET, ParisJulien BOINET, CaenFabrice BONNEVILLE, ToulouseAnne [&hellip;]<\/p>\n","protected":false},"author":3,"featured_media":0,"parent":0,"menu_order":0,"comment_status":"closed","ping_status":"closed","template":"","meta":{"_et_pb_use_builder":"on","_et_pb_old_content":"","_et_gb_content_width":"","footnotes":""},"class_list":["post-418","page","type-page","status-publish","hentry"],"_links":{"self":[{"href":"https:\/\/divine-id.site\/SFNR\/2024\/wp-json\/wp\/v2\/pages\/418","targetHints":{"allow":["GET"]}}],"collection":[{"href":"https:\/\/divine-id.site\/SFNR\/2024\/wp-json\/wp\/v2\/pages"}],"about":[{"href":"https:\/\/divine-id.site\/SFNR\/2024\/wp-json\/wp\/v2\/types\/page"}],"author":[{"embeddable":true,"href":"https:\/\/divine-id.site\/SFNR\/2024\/wp-json\/wp\/v2\/users\/3"}],"replies":[{"embeddable":true,"href":"https:\/\/divine-id.site\/SFNR\/2024\/wp-json\/wp\/v2\/comments?post=418"}],"version-history":[{"count":0,"href":"https:\/\/divine-id.site\/SFNR\/2024\/wp-json\/wp\/v2\/pages\/418\/revisions"}],"wp:attachment":[{"href":"https:\/\/divine-id.site\/SFNR\/2024\/wp-json\/wp\/v2\/media?parent=418"}],"curies":[{"name":"wp","href":"https:\/\/api.w.org\/{rel}","templated":true}]}}