{"id":1304,"date":"2024-11-05T09:23:07","date_gmt":"2024-11-05T09:23:07","guid":{"rendered":"https:\/\/divine-id.site\/SFNR\/2025\/?page_id=1304"},"modified":"2025-04-15T08:21:24","modified_gmt":"2025-04-15T08:21:24","slug":"certification-qualiopi","status":"publish","type":"page","link":"https:\/\/divine-id.site\/SFNR\/2025\/certification-qualiopi\/","title":{"rendered":"La certification Qualiopi"},"content":{"rendered":"<p>[et_pb_section fb_built=\u00a0\u00bb1&Prime; disabled_on=\u00a0\u00bbon|off|off\u00a0\u00bb admin_label=\u00a0\u00bbHeader\u00a0\u00bb _builder_version=\u00a0\u00bb4.19.4&Prime; _module_preset=\u00a0\u00bbdefault\u00a0\u00bb background_enable_color=\u00a0\u00bboff\u00a0\u00bb background_enable_image=\u00a0\u00bboff\u00a0\u00bb parallax=\u00a0\u00bbon\u00a0\u00bb background_enable_video_mp4=\u00a0\u00bboff\u00a0\u00bb custom_padding=\u00a0\u00bb0px||0px||false|false\u00a0\u00bb border_width_top=\u00a0\u00bb15px\u00a0\u00bb border_color_top=\u00a0\u00bb#F3AEB8&Prime; locked=\u00a0\u00bboff\u00a0\u00bb global_colors_info=\u00a0\u00bb{}\u00a0\u00bb][et_pb_row _builder_version=\u00a0\u00bb4.19.4&Prime; _module_preset=\u00a0\u00bbdefault\u00a0\u00bb global_colors_info=\u00a0\u00bb{}\u00a0\u00bb][et_pb_column type=\u00a0\u00bb4_4&Prime; _builder_version=\u00a0\u00bb4.19.4&Prime; _module_preset=\u00a0\u00bbdefault\u00a0\u00bb global_colors_info=\u00a0\u00bb{}\u00a0\u00bb][et_pb_post_title meta=\u00a0\u00bboff\u00a0\u00bb _builder_version=\u00a0\u00bb4.19.4&Prime; _module_preset=\u00a0\u00bbdefault\u00a0\u00bb title_font=\u00a0\u00bbBebas Neue|||on|||||\u00a0\u00bb title_text_align=\u00a0\u00bbcenter\u00a0\u00bb title_text_color=\u00a0\u00bb#F3AEB8&Prime; title_font_size=\u00a0\u00bb60px\u00a0\u00bb title_letter_spacing=\u00a0\u00bb8px\u00a0\u00bb animation_style=\u00a0\u00bbslide\u00a0\u00bb animation_direction=\u00a0\u00bbleft\u00a0\u00bb animation_duration=\u00a0\u00bb350ms\u00a0\u00bb animation_intensity_slide=\u00a0\u00bb5%\u00a0\u00bb global_colors_info=\u00a0\u00bb{}\u00a0\u00bb][\/et_pb_post_title][et_pb_text _builder_version=\u00a0\u00bb4.27.0&Prime; _module_preset=\u00a0\u00bbdefault\u00a0\u00bb global_colors_info=\u00a0\u00bb{}\u00a0\u00bb]<\/p>\n<p style=\"text-align: center;\">Le congr\u00e8s annuel de la SFNR 2025 fait partie des actions de formations de l\u2019agence divine id.<\/p>\n<p>[\/et_pb_text][et_pb_image src=\u00a0\u00bbhttps:\/\/divine-id.site\/SFNR\/2025\/wp-content\/uploads\/2024\/11\/qualiopi.png\u00a0\u00bb align=\u00a0\u00bbcenter\u00a0\u00bb _builder_version=\u00a0\u00bb4.27.0&Prime; _module_preset=\u00a0\u00bbdefault\u00a0\u00bb global_colors_info=\u00a0\u00bb{}\u00a0\u00bb][\/et_pb_image][et_pb_button button_url=\u00a0\u00bbhttps:\/\/didhbgt.com\/pdf\/SFNR-2025-Programme-Qualiopi.pdf\u00a0\u00bb url_new_window=\u00a0\u00bbon\u00a0\u00bb button_text=\u00a0\u00bbVoir le programme de la formation\u00a0\u00bb button_alignment=\u00a0\u00bbcenter\u00a0\u00bb _builder_version=\u00a0\u00bb4.27.0&Prime; _module_preset=\u00a0\u00bbdefault\u00a0\u00bb custom_button=\u00a0\u00bbon\u00a0\u00bb button_text_size=\u00a0\u00bb25px\u00a0\u00bb button_text_color=\u00a0\u00bb#FFFFFF\u00a0\u00bb button_bg_color=\u00a0\u00bb#B29FC7&Prime; button_border_width=\u00a0\u00bb0px\u00a0\u00bb button_border_radius=\u00a0\u00bb0px\u00a0\u00bb button_use_icon=\u00a0\u00bboff\u00a0\u00bb locked=\u00a0\u00bboff\u00a0\u00bb global_colors_info=\u00a0\u00bb{}\u00a0\u00bb][\/et_pb_button][\/et_pb_column][\/et_pb_row][\/et_pb_section][et_pb_section fb_built=\u00a0\u00bb1&Prime; _builder_version=\u00a0\u00bb4.19.4&Prime; _module_preset=\u00a0\u00bbdefault\u00a0\u00bb custom_margin=\u00a0\u00bb-2px|||||\u00a0\u00bb custom_padding=\u00a0\u00bb||0px|||\u00a0\u00bb global_colors_info=\u00a0\u00bb{}\u00a0\u00bb][et_pb_row column_structure=\u00a0\u00bb2_3,1_3&Prime; _builder_version=\u00a0\u00bb4.19.4&Prime; _module_preset=\u00a0\u00bbdefault\u00a0\u00bb animation_style=\u00a0\u00bbslide\u00a0\u00bb animation_direction=\u00a0\u00bbleft\u00a0\u00bb animation_intensity_slide=\u00a0\u00bb4%\u00a0\u00bb global_colors_info=\u00a0\u00bb{}\u00a0\u00bb][et_pb_column type=\u00a0\u00bb2_3&Prime; _builder_version=\u00a0\u00bb4.19.4&Prime; _module_preset=\u00a0\u00bbdefault\u00a0\u00bb global_colors_info=\u00a0\u00bb{}\u00a0\u00bb][et_pb_text _builder_version=\u00a0\u00bb4.27.0&Prime; _module_preset=\u00a0\u00bbdefault\u00a0\u00bb global_colors_info=\u00a0\u00bb{}\u00a0\u00bb]<\/p>\n<h1 data-fontsize=\"34\" style=\"text-align: left; color: #5dc2d9;\">Pr\u00e9-requis et cible<\/h1>\n<p>[\/et_pb_text][et_pb_text _builder_version=\u00a0\u00bb4.27.0&Prime; _module_preset=\u00a0\u00bbdefault\u00a0\u00bb global_colors_info=\u00a0\u00bb{}\u00a0\u00bb]<\/p>\n<p>Ce programme de formation s\u2019adresse aux radiologues diagnostiques et interventionnels, en formation ou en exercice, aux internes en radiologie, aux neurologues, neurop\u00e9diatres et neurochirurgiens, ainsi qu\u2019aux manipulateurs radio et \u00e0 l\u2019ensemble des professionnels concern\u00e9s par la neuroradiologie, qu\u2019ils soient membres ou non membres de la SFNR.<\/p>\n<p>[\/et_pb_text][et_pb_text _builder_version=\u00a0\u00bb4.27.0&Prime; _module_preset=\u00a0\u00bbdefault\u00a0\u00bb global_colors_info=\u00a0\u00bb{}\u00a0\u00bb]<\/p>\n<h1 data-fontsize=\"34\" style=\"text-align: left; color: #5dc2d9;\">Objectifs et contenu de la formation<\/h1>\n<p>[\/et_pb_text][et_pb_text _builder_version=\u00a0\u00bb4.27.0&Prime; _module_preset=\u00a0\u00bbdefault\u00a0\u00bb global_colors_info=\u00a0\u00bb{}\u00a0\u00bb]<\/p>\n<ul>\n<li>\n<p>Savoir orienter son diagnostic face \u00e0 une masse ou pseudo-masse m\u00e9dullaire chez l\u2019adulte et l\u2019enfant.\u00a0<\/p>\n<\/li>\n<li>\n<p>Analyser et discuter des crit\u00e8res de traitement pr\u00e9ventif des l\u00e9sions carotidiennes asymptomatiques en 2025, afin d&rsquo;identifier les meilleures approches bas\u00e9es sur les derni\u00e8res recherches et recommandations.<\/p>\n<\/li>\n<li>\n<p>Partager des astuces et des strat\u00e9gies pratiques dans la gestion des Web carotidiens.<\/p>\n<\/li>\n<li>\n<p>Discuter la gestion des cas d&rsquo;occlusion totale chronique de l\u2019art\u00e8re carotide interne, en se concentrant sur l&rsquo;identification des patients appropri\u00e9s pour un traitement et les meilleures techniques \u00e0 utiliser, afin d&rsquo;optimiser les r\u00e9sultats cliniques.<\/p>\n<\/li>\n<li>\n<p>Diff\u00e9rencier les profils d\u2019atteinte de la substance blanche de l\u2019enfant.\u00a0<\/p>\n<\/li>\n<li>\n<p>Construire un raisonnement diagnostique devant une atteinte de la substance blanche chez l\u2019enfant.<\/p>\n<\/li>\n<li>\n<p>Organiser la prise en charge imagerie d\u2019une \u00e9pilepsie de l\u2019enfant.<\/p>\n<\/li>\n<li>\n<p>Pouvoir citer le nom d&rsquo;au moins une s\u00e9quence avanc\u00e9e reposant sur le T1 pour la neuro-imagerie, et conna\u00eetre trois de ses principales applications en pratique clinique.\u00a0<\/p>\n<\/li>\n<li>\n<p>Connaitre la s\u00e9miologie sur l&rsquo;imagerie de susceptibilit\u00e9 magn\u00e9tique des maladies neurod\u00e9g\u00e9n\u00e9ratives.<\/p>\n<\/li>\n<li>\n<p>Expliciter les sp\u00e9cificit\u00e9s actuelles de la prise en charge de l\u2019accident vasculaire c\u00e9r\u00e9bral isch\u00e9mique en p\u00e9diatrie.<\/p>\n<\/li>\n<li>\n<p>Rappeler les profils d\u2019expression ph\u00e9notypique d\u2019une atteinte de la lign\u00e9e mammalian target of rapamycin (mTOR).<\/p>\n<\/li>\n<li>\n<p>Concevoir un protocole d\u2019acquisition en IRM devant une atteinte orbitaire de l\u2019enfant.<\/p>\n<\/li>\n<\/ul>\n<p>[\/et_pb_text][et_pb_text disabled_on=\u00a0\u00bbon|on|on\u00a0\u00bb _builder_version=\u00a0\u00bb4.27.0&Prime; _module_preset=\u00a0\u00bbdefault\u00a0\u00bb disabled=\u00a0\u00bbon\u00a0\u00bb global_colors_info=\u00a0\u00bb{}\u00a0\u00bb]<\/p>\n<ul>\n<li>Rappeler les profils d&rsquo;expression ph\u00e9notypique d&rsquo;une atteinte de la lign\u00e9e mammalian target<br \/>of rapamycin (mTOR).<\/li>\n<li>Diff\u00e9rencier les profils d&rsquo;atteinte de la fosse cr\u00e2nienne post\u00e9rieure devant une ataxie de<br \/>l&rsquo;enfant.<\/li>\n<li>Construire un raisonnement diagnostique devant une masse intracr\u00e2nienne de l&rsquo;enfant.<\/li>\n<li>Diff\u00e9rencier les profils d&rsquo;atteinte de la substance blanche de l&rsquo;enfant.<\/li>\n<li>Construire un raisonnement diagnostique devant une atteinte de la substance blanche<br \/>chez l&rsquo;enfant.<\/li>\n<li>Rappeler le profil d\u00e9veloppemental du connectome chez l&rsquo;enfant \u00e0 l&rsquo;aide des outils<br \/>d&rsquo;imagerie fonctionnelle.<\/li>\n<li>Concevoir un protocole d&rsquo;acquisition en IRM devant une atteinte orbitaire de l&rsquo;enfant.<\/li>\n<li>Expliciter les sp\u00e9cificit\u00e9s actuelles de la prise en charge de l\u2019accident vasculaire c\u00e9r\u00e9bral<br \/>isch\u00e9mique en p\u00e9diatrie.<\/li>\n<li>Organiser la prise en charge d&rsquo;un syndrome d&rsquo;hypertension intracr\u00e2nienne.<\/li>\n<li>Rappeler la physiologie du syst\u00e8me glymphatique.<\/li>\n<li>Reconnaitre les applications en p\u00e9diatrie de l&rsquo;\u00e9tude en imagerie du syst\u00e8me glymphatique.<\/li>\n<li>Organiser la prise en charge des malformations art\u00e9rioveineuses spinom\u00e9dullaires<br \/>de l&rsquo;enfant.<\/li>\n<li>Construire un raisonnement diagnostique devant une masse intra canalaire rachidienne<br \/>de l&rsquo;enfant.<\/li>\n<li>Organiser la prise en charge imagerie d&rsquo;une \u00e9pilepsie de l&rsquo;enfant.<\/li>\n<li>Organiser la prise en charge des malformations vasculaires superficielles de l&rsquo;enfant.<\/li>\n<\/ul>\n<p>[\/et_pb_text][et_pb_text _builder_version=\u00a0\u00bb4.27.0&Prime; _module_preset=\u00a0\u00bbdefault\u00a0\u00bb global_colors_info=\u00a0\u00bb{}\u00a0\u00bb]<\/p>\n<h1 data-fontsize=\"34\" data-lineheight=\"43.86px\" style=\"text-align: left; color: #5dc2d9;\">M\u00e9thodes p\u00e9dagogiques et modalit\u00e9s d\u2019\u00e9valuation<\/h1>\n<p>[\/et_pb_text][et_pb_text _builder_version=\u00a0\u00bb4.27.0&Prime; _module_preset=\u00a0\u00bbdefault\u00a0\u00bb hover_enabled=\u00a0\u00bb0&Prime; global_colors_info=\u00a0\u00bb{}\u00a0\u00bb sticky_enabled=\u00a0\u00bb0&Prime;]<\/p>\n<ul>\n<li>Le comit\u00e9 scientifique est \u00e0 la charge de la s\u00e9lection des intervenants<\/li>\n<li>S\u00e9ances pl\u00e9ni\u00e8res, \u00e9changes et discussions<\/li>\n<li>Pr\u00e9 &amp; post test de formation<\/li>\n<li>\u00c9valuation de satisfaction<\/li>\n<\/ul>\n<p>[\/et_pb_text][et_pb_text _builder_version=\u00a0\u00bb4.27.0&Prime; _module_preset=\u00a0\u00bbdefault\u00a0\u00bb global_colors_info=\u00a0\u00bb{}\u00a0\u00bb]<\/p>\n<h1 data-fontsize=\"34\" data-lineheight=\"43.86px\" style=\"text-align: left; color: #5dc2d9;\">Inscriptions<\/h1>\n<p>[\/et_pb_text][et_pb_text _builder_version=\u00a0\u00bb4.27.0&Prime; _module_preset=\u00a0\u00bbdefault\u00a0\u00bb locked=\u00a0\u00bboff\u00a0\u00bb global_colors_info=\u00a0\u00bb{}\u00a0\u00bb]<\/p>\n<p><span>Vous pouvez demander une <strong>prise en charge par la formation continue.\u00a0<\/strong><\/span><br \/><span>L\u2019agence divine id \u00e9tant\u00a0<strong>certifi\u00e9e Qualiopi<\/strong>, votre\u00a0<strong>participation peut \u00eatre prise en charge<\/strong>.<\/span><\/p>\n<p><strong>L\u2019h\u00e9bergement et le transport peuvent \u00e9galement \u00eatre pris en charge<\/strong><span>. Les modalit\u00e9s diff\u00e8rent selon les h\u00f4pitaux. Nous vous invitons \u00e0 vous renseigner aupr\u00e8s de votre h\u00f4pital.<\/span><em><\/em><\/p>\n<p><span>Si vous \u00eates m\u00e9decin lib\u00e9ral vous pouvez faire une demande aupr\u00e8s du FAF-PM :\u00a0<a href=\"https:\/\/www.fafpm.org\/medecins-liberaux\/actions-de-formations-financees-a-titre-individuel\/\"><strong>https:\/\/www.fafpm.org\/medecins-liberaux\/actions-de-formations-financees-a-titre-individuel\/<\/strong><\/a>.<\/span><\/p>\n<p>[\/et_pb_text][et_pb_button button_url=\u00a0\u00bbhttps:\/\/www.event.divine-id.com\/fr\/congres-annuel-de-la-sfnr-2025&Prime; url_new_window=\u00a0\u00bbon\u00a0\u00bb button_text=\u00a0\u00bbS&rsquo;inscrire\u00a0\u00bb button_alignment=\u00a0\u00bbleft\u00a0\u00bb _builder_version=\u00a0\u00bb4.27.0&Prime; _module_preset=\u00a0\u00bbdefault\u00a0\u00bb custom_button=\u00a0\u00bbon\u00a0\u00bb button_text_size=\u00a0\u00bb25px\u00a0\u00bb button_text_color=\u00a0\u00bb#FFFFFF\u00a0\u00bb button_bg_color=\u00a0\u00bb#B29FC7&Prime; button_border_width=\u00a0\u00bb0px\u00a0\u00bb button_border_radius=\u00a0\u00bb0px\u00a0\u00bb button_use_icon=\u00a0\u00bboff\u00a0\u00bb locked=\u00a0\u00bboff\u00a0\u00bb global_colors_info=\u00a0\u00bb{}\u00a0\u00bb][\/et_pb_button][et_pb_text _builder_version=\u00a0\u00bb4.27.0&Prime; _module_preset=\u00a0\u00bbdefault\u00a0\u00bb global_colors_info=\u00a0\u00bb{}\u00a0\u00bb]<\/p>\n<h1 data-fontsize=\"34\" data-lineheight=\"43.86px\" style=\"text-align: left; color: #5dc2d9;\">N\u00b0 Organisme Formateur <\/h1>\n<p>[\/et_pb_text][et_pb_text _builder_version=\u00a0\u00bb4.27.0&Prime; _module_preset=\u00a0\u00bbdefault\u00a0\u00bb global_colors_info=\u00a0\u00bb{}\u00a0\u00bb]<\/p>\n<ul>\n<li>\n<p>N\u00b0 Organisme Formateur \u00e0 fournir \u00e0 votre service Formation : 93132336213<\/p>\n<\/li>\n<\/ul>\n<p>[\/et_pb_text][\/et_pb_column][et_pb_column type=\u00a0\u00bb1_3&Prime; _builder_version=\u00a0\u00bb4.19.4&Prime; _module_preset=\u00a0\u00bbdefault\u00a0\u00bb background_color=\u00a0\u00bb#F3AEB8&Prime; global_colors_info=\u00a0\u00bb{}\u00a0\u00bb][et_pb_text _builder_version=\u00a0\u00bb4.27.0&Prime; _module_preset=\u00a0\u00bbdefault\u00a0\u00bb min_height=\u00a0\u00bb41px\u00a0\u00bb global_colors_info=\u00a0\u00bb{}\u00a0\u00bb]<\/p>\n<h1 data-fontsize=\"34\" data-lineheight=\"43.86px\" class=\"fusion-responsive-typography-calculated\" style=\"text-align: center;\"><strong><\/strong><\/h1>\n<h1 data-fontsize=\"34\" data-lineheight=\"43.86px\" class=\"fusion-responsive-typography-calculated\" style=\"text-align: center;\"><strong><\/strong><\/h1>\n<h1 data-fontsize=\"34\" data-lineheight=\"43.86px\" class=\"fusion-responsive-typography-calculated\" style=\"text-align: center;\"><strong><\/strong><\/h1>\n<h1 data-fontsize=\"34\" data-lineheight=\"43.86px\" class=\"fusion-responsive-typography-calculated\" style=\"text-align: center;\"><strong><\/strong><\/h1>\n<h1 data-fontsize=\"34\" data-lineheight=\"43.86px\" class=\"fusion-responsive-typography-calculated\" style=\"text-align: center;\"><strong><\/strong><\/h1>\n<h1 data-fontsize=\"34\" data-lineheight=\"43.86px\" class=\"fusion-responsive-typography-calculated\" style=\"text-align: center; color: #ffffff;\">CONTACTS<\/h1>\n<p>[\/et_pb_text][et_pb_text _builder_version=\u00a0\u00bb4.27.0&Prime; _module_preset=\u00a0\u00bbdefault\u00a0\u00bb locked=\u00a0\u00bboff\u00a0\u00bb global_colors_info=\u00a0\u00bb{}\u00a0\u00bb]<\/p>\n<p style=\"text-align: center;\"><span style=\"color: #ffffff;\"><strong>Juliette BASECQ<\/strong><\/span><br \/>\n<span style=\"color: #ffffff;\"> Cheffe de projet<br \/>\nResponsable commercial, technique<br \/>\n&amp; p\u00e9dagogique<\/span><br \/>\n<span style=\"color: #ffffff;\"> jbasecq@divine-id.com<\/span><br \/>\n<span style=\"color: #ffffff;\"> +33 (0)6 20 90 60 72<\/span><br \/>\n<span style=\"color: #ffffff;\"> +33 (0)4 91 57 19 63<\/span><\/p>\n<p style=\"text-align: center;\"><span style=\"color: #ffffff;\"><strong>Oph\u00e9lie NIVARD<\/strong><br \/>\nCoordinatrice du congr\u00e8s<br \/>\nInscriptions &amp; h\u00e9bergements<br \/>\nResponsable social<\/span><br \/>\n<span style=\"color: #ffffff;\"> onivard@divine-id.com<\/span><br \/>\n<span style=\"color: #ffffff;\"> +33 (0)6 13 96 08 70<\/span><br \/>\n<span style=\"color: #ffffff;\"> +33 (0)4 91 01 21 00<\/span><\/p>\n<p style=\"text-align: center;\"><span style=\"color: #ffffff;\"><strong>Manon HENOCQ<\/strong><br \/>\nResponsable handicap<\/span><br \/>\n<span style=\"color: #ffffff;\"> mhenocq@divine-id.com<\/span><br \/>\n<span style=\"color: #ffffff;\"> +33 (0)4 91 01 21 00<\/span>[\/et_pb_text][et_pb_text _builder_version=\u00a0\u00bb4.19.4&Prime; _module_preset=\u00a0\u00bbdefault\u00a0\u00bb locked=\u00a0\u00bboff\u00a0\u00bb global_colors_info=\u00a0\u00bb{}\u00a0\u00bb][\/et_pb_text][\/et_pb_column][\/et_pb_row][\/et_pb_section][et_pb_section fb_built=\u00a0\u00bb1&Prime; _builder_version=\u00a0\u00bb4.27.0&Prime; _module_preset=\u00a0\u00bbdefault\u00a0\u00bb global_colors_info=\u00a0\u00bb{}\u00a0\u00bb][et_pb_row _builder_version=\u00a0\u00bb4.27.0&Prime; _module_preset=\u00a0\u00bbdefault\u00a0\u00bb background_color=\u00a0\u00bb#5DC2D9&Prime; custom_margin=\u00a0\u00bb||||false|false\u00a0\u00bb custom_padding=\u00a0\u00bb50px|50px|50px|50px|false|false\u00a0\u00bb global_colors_info=\u00a0\u00bb{}\u00a0\u00bb][et_pb_column type=\u00a0\u00bb4_4&Prime; _builder_version=\u00a0\u00bb4.27.0&Prime; _module_preset=\u00a0\u00bbdefault\u00a0\u00bb background_color=\u00a0\u00bb#5DC2D9&Prime; global_colors_info=\u00a0\u00bb{}\u00a0\u00bb][et_pb_text _builder_version=\u00a0\u00bb4.27.0&Prime; _module_preset=\u00a0\u00bbdefault\u00a0\u00bb header_text_align=\u00a0\u00bbcenter\u00a0\u00bb text_orientation=\u00a0\u00bbcenter\u00a0\u00bb module_alignment=\u00a0\u00bbcenter\u00a0\u00bb global_colors_info=\u00a0\u00bb{}\u00a0\u00bb]<\/p>\n<h1 data-fontsize=\"34\" data-lineheight=\"43.86px\" style=\"color: #ffffff; text-align: center;\">INSCRIVEZ-VOUS AU CONGR\u00c8S DE LA SFNR 2025<\/h1>\n<p>[\/et_pb_text][et_pb_text _builder_version=\u00a0\u00bb4.27.0&Prime; _module_preset=\u00a0\u00bbdefault\u00a0\u00bb background_color=\u00a0\u00bbRGBA(255,255,255,0)\u00a0\u00bb global_colors_info=\u00a0\u00bb{}\u00a0\u00bb]<\/p>\n<p style=\"margin-top: 11.25pt; text-align: center;\"><span style=\"color: #ffffff;\"><strong>Rendez-vous du 12 au 14 mars 2025<\/strong><\/span><br \/><span style=\"color: #ffffff;\">au Novotel Paris Tour Eiffel.<\/span><\/p>\n<p style=\"text-align: center;\"><span style=\"color: #ffffff;\">Vous pouvez d\u00e8s \u00e0 pr\u00e9sent vous inscrire en ligne :<\/span><\/p>\n<p><!-- Button : BEGIN --><\/p>\n<p>[\/et_pb_text][et_pb_button button_url=\u00a0\u00bbhttps:\/\/divine-id.site\/SFNR\/2025\/inscription\/\u00a0\u00bb url_new_window=\u00a0\u00bbon\u00a0\u00bb button_text=\u00a0\u00bbPlus d&rsquo;informations\u00a0\u00bb button_alignment=\u00a0\u00bbcenter\u00a0\u00bb _builder_version=\u00a0\u00bb4.27.0&Prime; _module_preset=\u00a0\u00bbdefault\u00a0\u00bb custom_button=\u00a0\u00bbon\u00a0\u00bb button_text_size=\u00a0\u00bb25px\u00a0\u00bb button_text_color=\u00a0\u00bb#FFFFFF\u00a0\u00bb button_bg_color=\u00a0\u00bb#B29FC7&Prime; button_border_width=\u00a0\u00bb0px\u00a0\u00bb button_border_radius=\u00a0\u00bb0px\u00a0\u00bb button_use_icon=\u00a0\u00bboff\u00a0\u00bb locked=\u00a0\u00bboff\u00a0\u00bb global_colors_info=\u00a0\u00bb{}\u00a0\u00bb][\/et_pb_button][\/et_pb_column][\/et_pb_row][\/et_pb_section]<\/p>\n","protected":false},"excerpt":{"rendered":"<p>Le congr\u00e8s annuel de la SFNR 2025 fait partie des actions de formations de l\u2019agence divine id.Pr\u00e9-requis et cibleCe programme de formation s\u2019adresse aux radiologues diagnostiques et interventionnels, en formation ou en exercice, aux internes en radiologie, aux neurologues, neurop\u00e9diatres et neurochirurgiens, ainsi qu\u2019aux manipulateurs radio et \u00e0 l\u2019ensemble des professionnels concern\u00e9s par la neuroradiologie, [&hellip;]<\/p>\n","protected":false},"author":3,"featured_media":0,"parent":0,"menu_order":0,"comment_status":"closed","ping_status":"closed","template":"","meta":{"_et_pb_use_builder":"on","_et_pb_old_content":"","_et_gb_content_width":"","footnotes":""},"class_list":["post-1304","page","type-page","status-publish","hentry"],"_links":{"self":[{"href":"https:\/\/divine-id.site\/SFNR\/2025\/wp-json\/wp\/v2\/pages\/1304","targetHints":{"allow":["GET"]}}],"collection":[{"href":"https:\/\/divine-id.site\/SFNR\/2025\/wp-json\/wp\/v2\/pages"}],"about":[{"href":"https:\/\/divine-id.site\/SFNR\/2025\/wp-json\/wp\/v2\/types\/page"}],"author":[{"embeddable":true,"href":"https:\/\/divine-id.site\/SFNR\/2025\/wp-json\/wp\/v2\/users\/3"}],"replies":[{"embeddable":true,"href":"https:\/\/divine-id.site\/SFNR\/2025\/wp-json\/wp\/v2\/comments?post=1304"}],"version-history":[{"count":0,"href":"https:\/\/divine-id.site\/SFNR\/2025\/wp-json\/wp\/v2\/pages\/1304\/revisions"}],"wp:attachment":[{"href":"https:\/\/divine-id.site\/SFNR\/2025\/wp-json\/wp\/v2\/media?parent=1304"}],"curies":[{"name":"wp","href":"https:\/\/api.w.org\/{rel}","templated":true}]}}