{"id":1425,"date":"2025-02-04T11:19:26","date_gmt":"2025-02-04T11:19:26","guid":{"rendered":"https:\/\/divine-id.site\/SFNR\/2025\/?page_id=1425"},"modified":"2025-03-13T10:07:38","modified_gmt":"2025-03-13T10:07:38","slug":"jour-3","status":"publish","type":"page","link":"https:\/\/divine-id.site\/SFNR\/2025\/programme\/jour-3\/","title":{"rendered":"Vendredi 14 mars"},"content":{"rendered":"<p>[et_pb_section fb_built=\u00a0\u00bb1&Prime; disabled_on=\u00a0\u00bbon|off|off\u00a0\u00bb admin_label=\u00a0\u00bbHeader\u00a0\u00bb _builder_version=\u00a0\u00bb4.22.1&Prime; _module_preset=\u00a0\u00bbdefault\u00a0\u00bb background_color=\u00a0\u00bbRGBA(255,255,255,0)\u00a0\u00bb background_enable_image=\u00a0\u00bboff\u00a0\u00bb parallax=\u00a0\u00bbon\u00a0\u00bb background_enable_video_mp4=\u00a0\u00bboff\u00a0\u00bb custom_padding=\u00a0\u00bb0px||0px||false|false\u00a0\u00bb border_width_top=\u00a0\u00bb15px\u00a0\u00bb border_color_top=\u00a0\u00bb#5DC2D9&Prime; locked=\u00a0\u00bboff\u00a0\u00bb global_colors_info=\u00a0\u00bb{}\u00a0\u00bb][et_pb_row _builder_version=\u00a0\u00bb4.19.4&Prime; _module_preset=\u00a0\u00bbdefault\u00a0\u00bb global_colors_info=\u00a0\u00bb{}\u00a0\u00bb][et_pb_column type=\u00a0\u00bb4_4&Prime; _builder_version=\u00a0\u00bb4.19.4&Prime; _module_preset=\u00a0\u00bbdefault\u00a0\u00bb global_colors_info=\u00a0\u00bb{}\u00a0\u00bb][et_pb_post_title meta=\u00a0\u00bboff\u00a0\u00bb _builder_version=\u00a0\u00bb4.19.4&Prime; _module_preset=\u00a0\u00bbdefault\u00a0\u00bb title_font=\u00a0\u00bbBebas Neue|||on|||||\u00a0\u00bb title_text_align=\u00a0\u00bbcenter\u00a0\u00bb title_text_color=\u00a0\u00bb#5DC2D9&Prime; title_font_size=\u00a0\u00bb60px\u00a0\u00bb title_letter_spacing=\u00a0\u00bb8px\u00a0\u00bb animation_style=\u00a0\u00bbslide\u00a0\u00bb animation_direction=\u00a0\u00bbleft\u00a0\u00bb animation_duration=\u00a0\u00bb350ms\u00a0\u00bb animation_intensity_slide=\u00a0\u00bb5%\u00a0\u00bb global_colors_info=\u00a0\u00bb{}\u00a0\u00bb][\/et_pb_post_title][et_pb_button button_url=\u00a0\u00bbhttps:\/\/didhbgt.com\/pdf\/SFNR-2025-Programme-PP.pdf\u00a0\u00bb url_new_window=\u00a0\u00bbon\u00a0\u00bb button_text=\u00a0\u00bbT\u00e9l\u00e9charger le programme\u00a0\u00bb button_alignment=\u00a0\u00bbcenter\u00a0\u00bb _builder_version=\u00a0\u00bb4.27.0&Prime; _module_preset=\u00a0\u00bbdefault\u00a0\u00bb custom_button=\u00a0\u00bbon\u00a0\u00bb button_text_size=\u00a0\u00bb25px\u00a0\u00bb button_text_color=\u00a0\u00bb#FFFFFF\u00a0\u00bb button_bg_color=\u00a0\u00bb#B29FC7&Prime; button_border_width=\u00a0\u00bb0px\u00a0\u00bb button_border_radius=\u00a0\u00bb0px\u00a0\u00bb button_use_icon=\u00a0\u00bboff\u00a0\u00bb locked=\u00a0\u00bboff\u00a0\u00bb global_colors_info=\u00a0\u00bb{}\u00a0\u00bb][\/et_pb_button][\/et_pb_column][\/et_pb_row][\/et_pb_section][et_pb_section fb_built=\u00a0\u00bb1&Prime; _builder_version=\u00a0\u00bb4.22.1&Prime; _module_preset=\u00a0\u00bbdefault\u00a0\u00bb global_colors_info=\u00a0\u00bb{}\u00a0\u00bb][et_pb_row column_structure=\u00a0\u00bb1_2,1_2&Prime; _builder_version=\u00a0\u00bb4.22.1&Prime; _module_preset=\u00a0\u00bbdefault\u00a0\u00bb max_width=\u00a0\u00bb1440px\u00a0\u00bb global_colors_info=\u00a0\u00bb{}\u00a0\u00bb][et_pb_column type=\u00a0\u00bb1_2&Prime; _builder_version=\u00a0\u00bb4.19.4&Prime; _module_preset=\u00a0\u00bbdefault\u00a0\u00bb global_colors_info=\u00a0\u00bb{}\u00a0\u00bb][et_pb_text _builder_version=\u00a0\u00bb4.27.0&Prime; _module_preset=\u00a0\u00bbdefault\u00a0\u00bb header_text_color=\u00a0\u00bb#5DC2D9&Prime; animation_style=\u00a0\u00bbslide\u00a0\u00bb animation_direction=\u00a0\u00bbleft\u00a0\u00bb global_colors_info=\u00a0\u00bb{}\u00a0\u00bb]<\/p>\n<h1 style=\"text-align: center;\">Auditorium<\/h1>\n<p>[\/et_pb_text][et_pb_text _builder_version=\u00a0\u00bb4.22.1&Prime; _module_preset=\u00a0\u00bbdefault\u00a0\u00bb text_font=\u00a0\u00bb|700|||||||\u00a0\u00bb text_text_color=\u00a0\u00bb#FFFFFF\u00a0\u00bb custom_padding=\u00a0\u00bb5px|5px|5px|5px|false|false\u00a0\u00bb border_width_all=\u00a0\u00bb1px\u00a0\u00bb border_color_all=\u00a0\u00bb#FFFFFF\u00a0\u00bb box_shadow_style=\u00a0\u00bbpreset6&Prime; box_shadow_blur=\u00a0\u00bb80px\u00a0\u00bb box_shadow_spread=\u00a0\u00bb80px\u00a0\u00bb box_shadow_color=\u00a0\u00bb#5DC2D9&Prime; global_colors_info=\u00a0\u00bb{}\u00a0\u00bb]<\/p>\n<p>08:00 Accueil caf\u00e9 sur les halls d\u2019exposition et visites des stands<\/p>\n<p>[\/et_pb_text][et_pb_text _builder_version=\u00a0\u00bb4.27.0&Prime; _module_preset=\u00a0\u00bbdefault\u00a0\u00bb global_colors_info=\u00a0\u00bb{}\u00a0\u00bb]<\/p>\n<p><strong>08:30 Pathologie de la substance blanche<\/strong><br \/><span style=\"color: #5dc2d9;\"><strong>Mod\u00e9rateurs :<\/strong> Alexandra Ntorkou, Charles Joris Roux, Natalia Shor<\/span><\/p>\n<p><strong>08:30<\/strong> Imagerie des maladies inflammatoires p\u00e9diatriques. <span style=\"color: #5dc2d9;\">Kumaran Deiva, In\u00e8s Mannes<\/span><br \/><strong>09:00<\/strong> Imagerie des leucodystrophies de l\u2019enfant. <span style=\"color: #5dc2d9;\">Charles-Joris Roux<\/span><br \/><strong>09:30<\/strong> Les nouveaux crit\u00e8res diagnostiques de SEP Mc Donald 2024.<br \/><span style=\"color: #5dc2d9;\">Christine Lebrun-Frenay, Lydiane Mondot<\/span><br \/><strong>10:00<\/strong> Quel suivi pour les leukodystrophies de l\u2019adulte ? <span style=\"color: #5dc2d9;\">Damien Galanaud, Fanny Mochel<\/span><\/p>\n<p>[\/et_pb_text][et_pb_text _builder_version=\u00a0\u00bb4.22.1&Prime; _module_preset=\u00a0\u00bbdefault\u00a0\u00bb text_font=\u00a0\u00bb|700|||||||\u00a0\u00bb text_text_color=\u00a0\u00bb#FFFFFF\u00a0\u00bb custom_padding=\u00a0\u00bb5px|5px|5px|5px|false|false\u00a0\u00bb border_width_all=\u00a0\u00bb1px\u00a0\u00bb border_color_all=\u00a0\u00bb#FFFFFF\u00a0\u00bb box_shadow_style=\u00a0\u00bbpreset6&Prime; box_shadow_blur=\u00a0\u00bb80px\u00a0\u00bb box_shadow_spread=\u00a0\u00bb80px\u00a0\u00bb box_shadow_color=\u00a0\u00bb#5DC2D9&Prime; global_colors_info=\u00a0\u00bb{}\u00a0\u00bb]<\/p>\n<p><strong>10:30 Pause-caf\u00e9 sur les halls d\u2019exposition et visites des stands<\/strong><\/p>\n<p>[\/et_pb_text][et_pb_text _builder_version=\u00a0\u00bb4.27.0&Prime; _module_preset=\u00a0\u00bbdefault\u00a0\u00bb global_colors_info=\u00a0\u00bb{}\u00a0\u00bb]<\/p>\n<p><strong>11:00 La carotide est de retour en NRI !<\/strong><br \/><span style=\"color: #5dc2d9;\"><strong>Mod\u00e9rateurs :<\/strong> Alain Bonaf\u00e9, Vincent Costalat, Gaultier Marnat<\/span><\/p>\n<p><span style=\"color: #5dc2d9;\"><strong>11:00 Symposium industriel &#8211; <span style=\"text-decoration: underline;\"><a href=\"https:\/\/divine-id.site\/SFNR\/2025\/sessions-industrie\/\" target=\"_blank\" rel=\"noopener\">En savoir plus<\/a><\/span><\/strong><\/span><\/p>\n<p><strong>11:10<\/strong>\u00a0Retour vers le futur EVA 3S \u2013 2. <span style=\"color: #5dc2d9;\">Benjamin Gory<\/span><br \/><strong>11:22<\/strong>\u00a0WEB carotidien, mes tips&amp;trick pour ne pas les rater, pour bien les traiter. <span style=\"color: #5dc2d9;\">Gaultier Marnat<\/span><br \/><strong>11:34<\/strong>\u00a0Occlusion totale chronique, qui traiter et comment. <span style=\"color: #5dc2d9;\">Vincent Costalat<\/span><br \/><strong>11:46<\/strong>\u00a0Discussion<\/p>\n<p><span style=\"color: #5dc2d9;\"><strong>11:50 Symposium industriel &#8211; <span style=\"text-decoration: underline;\"><a href=\"https:\/\/divine-id.site\/SFNR\/2025\/sessions-industrie\/\" target=\"_blank\" rel=\"noopener\">En savoir plus<\/a><\/span> <\/strong><\/span><\/p>\n<p><strong>12:00 Tumeurs m\u00e9dullaires<\/strong><br \/><span style=\"color: #5dc2d9;\"><strong>Mod\u00e9rateurs :<\/strong> Fabrice Bonneville, Volodia Dangouloff-Ros<\/span><\/p>\n<p><strong>12:00<\/strong> Imagerie des tumeurs m\u00e9dullaires. <span style=\"color: #5dc2d9;\">Volodia Dangouloff-Ros<\/span><br \/><strong>12:13<\/strong> Discussion<br \/><strong>12:15<\/strong> Tumeurs m\u00e9dullaires : trucs et pi\u00e8ges. <span style=\"color: #5dc2d9;\">Fabrice Bonneville<\/span><br \/><strong>12:28<\/strong> Discussion<\/p>\n<p>[\/et_pb_text][et_pb_text _builder_version=\u00a0\u00bb4.22.1&Prime; _module_preset=\u00a0\u00bbdefault\u00a0\u00bb text_font=\u00a0\u00bb|700|||||||\u00a0\u00bb text_text_color=\u00a0\u00bb#FFFFFF\u00a0\u00bb custom_padding=\u00a0\u00bb5px|5px|5px|5px|false|false\u00a0\u00bb border_width_all=\u00a0\u00bb1px\u00a0\u00bb border_color_all=\u00a0\u00bb#FFFFFF\u00a0\u00bb box_shadow_style=\u00a0\u00bbpreset6&Prime; box_shadow_blur=\u00a0\u00bb80px\u00a0\u00bb box_shadow_spread=\u00a0\u00bb80px\u00a0\u00bb box_shadow_color=\u00a0\u00bb#5DC2D9&Prime; global_colors_info=\u00a0\u00bb{}\u00a0\u00bb]<\/p>\n<p><strong>12:30 D\u00e9jeuner buffet sur les halls d\u2019exposition et visites des stands<\/strong><\/p>\n<p>[\/et_pb_text][et_pb_text _builder_version=\u00a0\u00bb4.27.0&Prime; _module_preset=\u00a0\u00bbdefault\u00a0\u00bb global_colors_info=\u00a0\u00bb{}\u00a0\u00bb]<\/p>\n<p><strong>De l\u2019exploit \u00e0 l\u2019\u00e9chec en NRI, succ\u00e8s spectaculaires et complications marquantes\u202f<\/strong><br \/><span style=\"color: #5dc2d9;\"><strong>13:30 Mod\u00e9rateurs :<\/strong> Jean-Christophe Gentric, Jean-Fran\u00e7ois Hak<\/span><\/p>\n<p><strong>13:30<\/strong> Pr\u00e9sentation de deux cas : un succ\u00e8s et une complication. <span style=\"color: #5dc2d9;\">Jean- Christophe Gentric<\/span><br \/><strong>13:40<\/strong> Discussion<br \/><strong>13:45<\/strong> Pr\u00e9sentation de deux cas. <span style=\"color: #5dc2d9;\">Jean-Fran\u00e7ois Hak<\/span><br \/><strong>13:55<\/strong> Discussion<br \/><strong>14:00<\/strong> Pr\u00e9sentation de deux cas. <span style=\"color: #5dc2d9;\">Xavier Barreau<\/span><br \/><strong>14:10<\/strong> Discussion<br \/><strong>14:15<\/strong> Pr\u00e9sentation de deux cas. <span style=\"color: #5dc2d9;\">Liang Liao<\/span><br \/><strong>14:25<\/strong> Discussion<br \/><strong>14:30<\/strong> Pr\u00e9sentation de deux cas. <span style=\"color: #5dc2d9;\">Denis Herbreteau<\/span><br \/><strong>14:40<\/strong> Discussion<br \/><strong>14:45<\/strong> Pr\u00e9sentation de deux cas. <span style=\"color: #5dc2d9;\">Fr\u00e9d\u00e9ric Claren\u00e7on<\/span><br \/><strong>14:55<\/strong> Discussion<\/p>\n<p>[\/et_pb_text][et_pb_text _builder_version=\u00a0\u00bb4.27.0&Prime; _module_preset=\u00a0\u00bbdefault\u00a0\u00bb text_font=\u00a0\u00bb|700|||||||\u00a0\u00bb text_text_color=\u00a0\u00bb#FFFFFF\u00a0\u00bb custom_padding=\u00a0\u00bb5px|5px|5px|5px|false|false\u00a0\u00bb border_width_all=\u00a0\u00bb1px\u00a0\u00bb border_color_all=\u00a0\u00bb#FFFFFF\u00a0\u00bb box_shadow_style=\u00a0\u00bbpreset6&Prime; box_shadow_blur=\u00a0\u00bb80px\u00a0\u00bb box_shadow_spread=\u00a0\u00bb80px\u00a0\u00bb box_shadow_color=\u00a0\u00bb#5DC2D9&Prime; global_colors_info=\u00a0\u00bb{}\u00a0\u00bb]<\/p>\n<p><strong>15:00 Cl\u00f4ture du congr\u00e8s<\/strong><\/p>\n<p>[\/et_pb_text][\/et_pb_column][et_pb_column type=\u00a0\u00bb1_2&Prime; _builder_version=\u00a0\u00bb4.19.4&Prime; _module_preset=\u00a0\u00bbdefault\u00a0\u00bb global_colors_info=\u00a0\u00bb{}\u00a0\u00bb][et_pb_text _builder_version=\u00a0\u00bb4.27.0&Prime; _module_preset=\u00a0\u00bbdefault\u00a0\u00bb header_text_color=\u00a0\u00bb#B29FC7&Prime; animation_style=\u00a0\u00bbslide\u00a0\u00bb animation_direction=\u00a0\u00bbright\u00a0\u00bb global_colors_info=\u00a0\u00bb{}\u00a0\u00bb]<\/p>\n<h1 style=\"text-align: center;\">Salle Eiffel<\/h1>\n<p>[\/et_pb_text][et_pb_text _builder_version=\u00a0\u00bb4.27.0&Prime; _module_preset=\u00a0\u00bbdefault\u00a0\u00bb text_font=\u00a0\u00bb|700|||||||\u00a0\u00bb text_text_color=\u00a0\u00bb#FFFFFF\u00a0\u00bb custom_padding=\u00a0\u00bb5px|5px|5px|5px|false|false\u00a0\u00bb border_width_all=\u00a0\u00bb1px\u00a0\u00bb border_color_all=\u00a0\u00bb#FFFFFF\u00a0\u00bb box_shadow_style=\u00a0\u00bbpreset6&Prime; box_shadow_blur=\u00a0\u00bb80px\u00a0\u00bb box_shadow_spread=\u00a0\u00bb80px\u00a0\u00bb box_shadow_color=\u00a0\u00bb#B29FC7&Prime; global_colors_info=\u00a0\u00bb{}\u00a0\u00bb]<\/p>\n<p>08:00 Accueil caf\u00e9 sur les halls d\u2019exposition et visite des stands<\/p>\n<p>[\/et_pb_text][et_pb_text _builder_version=\u00a0\u00bb4.27.0&Prime; _module_preset=\u00a0\u00bbdefault\u00a0\u00bb hover_enabled=\u00a0\u00bb0&Prime; global_colors_info=\u00a0\u00bb{}\u00a0\u00bb sticky_enabled=\u00a0\u00bb0&Prime;]<\/p>\n<p><strong>08:30 Malformations vasculaires superficielles<\/strong><br \/><span style=\"color: #b29fc7;\"><strong>Mod\u00e9rateurs :<\/strong> Annouk Bisdorff, Vincent Costalat, Denis Herbreteau<\/span><\/p>\n<p><strong>08:30<\/strong> Malformation \u00e0 flux lent : Do\u2019s et Don\u2019t dans les malformations \u00e0 flux lent. <span style=\"color: #b29fc7;\">Gr\u00e9goire Boulouis, Cyrille Kuntz<\/span><br \/><strong>08:42<\/strong> Discussion<br \/><strong>08:45<\/strong> Quand faire des biopsies liquides, comment les faire et \u00e0 qui les envoyer ? <span style=\"color: #b29fc7;\">Annouk Bisdorff<\/span><br \/><strong>08:57<\/strong> Discussion<br \/><strong>09:00<\/strong> Nouvelles techniques d&#8217;embolisation pour MAV A-V et r\u00e9sultats cliniques. <span style=\"color: #b29fc7;\">Gr\u00e9gory Gascou<\/span><br \/><strong>09:12<\/strong> Discussion<br \/><strong>09:15<\/strong> Avanc\u00e9es pharmacologiques avec des illustrations de cas sur la voie KRAS ! <span style=\"color: #b29fc7;\">Guillaume Canaud<\/span><br \/><strong>09:27<\/strong> Discussion<\/p>\n<p><strong>09:30 NRI avanc\u00e9es : interface homme &#8211; machine<\/strong><br \/><span style=\"color: #b29fc7;\"><strong>Mod\u00e9rateurs :<\/strong> Bertrand Mathon, Eimad Shotar<\/span><\/p>\n<p><strong>09:30<\/strong> C\u00e9phal\u00e9es, migraine et NRI. <span style=\"color: #b29fc7;\">Quentin Varnier <\/span><br \/><strong>09:45<\/strong> Analyse du signal \u00e9lectrique c\u00e9r\u00e9bral \/ Interface cerveau-machine. . <span style=\"color: #b29fc7;\">Thomas Checkouri, Adnan Siddiqui<\/span><br \/><strong>10:00<\/strong> Oncologie percutan\u00e9e. <span style=\"color: #b29fc7;\">Roberto Cazzato<\/span><br \/><strong>10:15<\/strong> Discussion<\/p>\n<p><span style=\"color: #b29fc7;\"><strong>10:20 Symposium industriel<span style=\"color: #5dc2d9;\"> &#8211; <span style=\"text-decoration: underline;\"><a href=\"https:\/\/divine-id.site\/SFNR\/2025\/sessions-industrie\/\" target=\"_blank\" rel=\"noopener\">En savoir plus<\/a><\/span><\/span><\/strong><\/span><\/p>\n<p>[\/et_pb_text][et_pb_text _builder_version=\u00a0\u00bb4.22.1&Prime; _module_preset=\u00a0\u00bbdefault\u00a0\u00bb text_font=\u00a0\u00bb|700|||||||\u00a0\u00bb text_text_color=\u00a0\u00bb#FFFFFF\u00a0\u00bb custom_padding=\u00a0\u00bb5px|5px|5px|5px|false|false\u00a0\u00bb border_width_all=\u00a0\u00bb1px\u00a0\u00bb border_color_all=\u00a0\u00bb#FFFFFF\u00a0\u00bb box_shadow_style=\u00a0\u00bbpreset6&Prime; box_shadow_blur=\u00a0\u00bb80px\u00a0\u00bb box_shadow_spread=\u00a0\u00bb80px\u00a0\u00bb box_shadow_color=\u00a0\u00bb#B29FC7&Prime; global_colors_info=\u00a0\u00bb{}\u00a0\u00bb]<\/p>\n<p>10:30 Pause-caf\u00e9 sur les halls d\u2019exposition et visite des stands<\/p>\n<p>[\/et_pb_text][et_pb_text _builder_version=\u00a0\u00bb4.27.0&Prime; _module_preset=\u00a0\u00bbdefault\u00a0\u00bb global_colors_info=\u00a0\u00bb{}\u00a0\u00bb]<\/p>\n<p><strong>11:00 L\u2019apport des techniques avanc\u00e9es en neuro-oncologie de l\u2019enfant et de l\u2019adulte<\/strong><br \/><span style=\"color: #b29fc7;\"><strong>Mod\u00e9rateurs :<\/strong> Jacques Grill, Nadya Pyatigorskaya<\/span><\/p>\n<p><strong>11:00<\/strong> Techniques d\u2019anatomopathologie \u00ab avanc\u00e9es \u00bb : m\u00e9thylation, transcrits\u2026 de quoi parle-t-on ? <span style=\"color: #b29fc7;\">Pascale Varlet<\/span><br \/><strong>11:15<\/strong> Qu&rsquo;attend l&rsquo;oncologie des techniques d&rsquo;imagerie avanc\u00e9es ? <span style=\"color: #b29fc7;\">Jacques Grill<\/span><br \/><strong>11:30<\/strong> Apport des techniques d\u2019IRM avanc\u00e9es en neuro-oncologie p\u00e9diatrique. <span style=\"color: #b29fc7;\">Benoit Testud<\/span><br \/><strong>11:50<\/strong> Apport des techniques d\u2019IRM avanc\u00e9es en neuro-oncologie de l\u2019adulte. <span style=\"color: #b29fc7;\">Nadya Pyatigorskaya<\/span><br \/><strong>12:10<\/strong> Discussion g\u00e9n\u00e9rale : IRM avanc\u00e9e en neuro-oncologie, quelles application cliniques en 2025 et dans le futur ?<\/p>\n<p>[\/et_pb_text][et_pb_text _builder_version=\u00a0\u00bb4.22.1&Prime; _module_preset=\u00a0\u00bbdefault\u00a0\u00bb text_font=\u00a0\u00bb|700|||||||\u00a0\u00bb text_text_color=\u00a0\u00bb#FFFFFF\u00a0\u00bb custom_padding=\u00a0\u00bb5px|5px|5px|5px|false|false\u00a0\u00bb border_width_all=\u00a0\u00bb1px\u00a0\u00bb border_color_all=\u00a0\u00bb#FFFFFF\u00a0\u00bb box_shadow_style=\u00a0\u00bbpreset6&Prime; box_shadow_blur=\u00a0\u00bb80px\u00a0\u00bb box_shadow_spread=\u00a0\u00bb80px\u00a0\u00bb box_shadow_color=\u00a0\u00bb#B29FC7&Prime; global_colors_info=\u00a0\u00bb{}\u00a0\u00bb]<\/p>\n<p>12:30 D\u00e9jeuner buffet sur les halls d\u2019exposition et visite des stands<\/p>\n<p>[\/et_pb_text][et_pb_text _builder_version=\u00a0\u00bb4.27.0&Prime; _module_preset=\u00a0\u00bbdefault\u00a0\u00bb text_font=\u00a0\u00bb|700|||||||\u00a0\u00bb text_text_color=\u00a0\u00bb#FFFFFF\u00a0\u00bb custom_padding=\u00a0\u00bb5px|5px|5px|5px|false|false\u00a0\u00bb border_width_all=\u00a0\u00bb1px\u00a0\u00bb border_color_all=\u00a0\u00bb#FFFFFF\u00a0\u00bb box_shadow_style=\u00a0\u00bbpreset6&Prime; box_shadow_blur=\u00a0\u00bb80px\u00a0\u00bb box_shadow_spread=\u00a0\u00bb80px\u00a0\u00bb box_shadow_color=\u00a0\u00bb#B29FC7&Prime; global_colors_info=\u00a0\u00bb{}\u00a0\u00bb]<\/p>\n<p><strong>15:00 Cl\u00f4ture du congr\u00e8s<\/strong><\/p>\n<p>[\/et_pb_text][\/et_pb_column][\/et_pb_row][\/et_pb_section][et_pb_section fb_built=\u00a0\u00bb1&Prime; fullwidth=\u00a0\u00bbon\u00a0\u00bb _builder_version=\u00a0\u00bb4.19.4&Prime; _module_preset=\u00a0\u00bbdefault\u00a0\u00bb global_module=\u00a0\u00bb270&Prime; saved_tabs=\u00a0\u00bball\u00a0\u00bb global_colors_info=\u00a0\u00bb{}\u00a0\u00bb][\/et_pb_section][et_pb_section fb_built=\u00a0\u00bb1&Prime; disabled_on=\u00a0\u00bbon|on|on\u00a0\u00bb admin_label=\u00a0\u00bbService Section\u00a0\u00bb _builder_version=\u00a0\u00bb4.19.4&Prime; min_height=\u00a0\u00bb806px\u00a0\u00bb custom_margin=\u00a0\u00bb|||\u00a0\u00bb custom_padding=\u00a0\u00bb58px||110px|||\u00a0\u00bb top_divider_style=\u00a0\u00bbarrow3&Prime; top_divider_color=\u00a0\u00bbrgba(187,103,160,0.14)\u00a0\u00bb animation_style=\u00a0\u00bbfade\u00a0\u00bb disabled=\u00a0\u00bbon\u00a0\u00bb saved_tabs=\u00a0\u00bball\u00a0\u00bb global_colors_info=\u00a0\u00bb{}\u00a0\u00bb][et_pb_row _builder_version=\u00a0\u00bb4.19.4&Prime; _module_preset=\u00a0\u00bbdefault\u00a0\u00bb custom_padding=\u00a0\u00bb27px|||||\u00a0\u00bb global_colors_info=\u00a0\u00bb{}\u00a0\u00bb][et_pb_column type=\u00a0\u00bb4_4&Prime; _builder_version=\u00a0\u00bb4.19.4&Prime; _module_preset=\u00a0\u00bbdefault\u00a0\u00bb global_colors_info=\u00a0\u00bb{}\u00a0\u00bb][et_pb_text _builder_version=\u00a0\u00bb4.19.4&Prime; text_font=\u00a0\u00bbBebas Neue||||||||\u00a0\u00bb text_text_color=\u00a0\u00bb#000000&Prime; header_font=\u00a0\u00bbBebas Neue|700||on|||||\u00a0\u00bb header_text_color=\u00a0\u00bb#000000&Prime; header_font_size=\u00a0\u00bb38px\u00a0\u00bb header_line_height=\u00a0\u00bb1.3em\u00a0\u00bb custom_margin=\u00a0\u00bb||40px|\u00a0\u00bb animation_style=\u00a0\u00bbfade\u00a0\u00bb header_font_size_last_edited=\u00a0\u00bboff|desktop\u00a0\u00bb locked=\u00a0\u00bboff\u00a0\u00bb global_colors_info=\u00a0\u00bb{}\u00a0\u00bb]<\/p>\n<h1 style=\"text-align: center;\"><strong>Vos contacts<\/strong><\/h1>\n<p>[\/et_pb_text][\/et_pb_column][\/et_pb_row][et_pb_row column_structure=\u00a0\u00bb1_3,1_3,1_3&Prime; _builder_version=\u00a0\u00bb4.19.4&Prime; _module_preset=\u00a0\u00bbdefault\u00a0\u00bb animation_style=\u00a0\u00bbfade\u00a0\u00bb global_colors_info=\u00a0\u00bb{}\u00a0\u00bb][et_pb_column type=\u00a0\u00bb1_3&Prime; _builder_version=\u00a0\u00bb4.19.4&Prime; _module_preset=\u00a0\u00bbdefault\u00a0\u00bb global_colors_info=\u00a0\u00bb{}\u00a0\u00bb][et_pb_testimonial portrait_url=\u00a0\u00bbhttps:\/\/divine-id.site\/SFNR\/2025\/wp-content\/uploads\/2023\/01\/estelle.jpg\u00a0\u00bb quote_icon_color=\u00a0\u00bb#FFFFFF\u00a0\u00bb quote_icon_background_color=\u00a0\u00bb#FFFFFF\u00a0\u00bb font_icon=\u00a0\u00bb&#xf05a;||fa||900&Prime; portrait_width=\u00a0\u00bb115px\u00a0\u00bb portrait_height=\u00a0\u00bb117px\u00a0\u00bb _builder_version=\u00a0\u00bb4.19.4&Prime; _module_preset=\u00a0\u00bbdefault\u00a0\u00bb body_text_color=\u00a0\u00bb#000000&Prime; background_color=\u00a0\u00bbrgba(253,254,247,0.31)\u00a0\u00bb global_colors_info=\u00a0\u00bb{}\u00a0\u00bb]<\/p>\n<h3 style=\"text-align: center;\"><strong>Estelle Bertrand<\/strong><\/h3>\n<div class=\"person-author\" style=\"text-align: center;\">\n<h4 class=\"person-author-wrapper\"><strong><span class=\"person-title\">Chef de projet<\/span><\/strong><\/h4>\n<\/div>\n<div class=\"person-content fusion-clearfix\" style=\"text-align: center;\"><a href=\"mailto:ebertrand@divine-id.com\">ebertrand@divine-id.com<\/a><br \/>+33 (0)4 91 01 21 00<br \/>+33 (0)6 46 10 48 26<\/div>\n<p>[\/et_pb_testimonial][\/et_pb_column][et_pb_column type=\u00a0\u00bb1_3&Prime; _builder_version=\u00a0\u00bb4.19.4&Prime; _module_preset=\u00a0\u00bbdefault\u00a0\u00bb global_colors_info=\u00a0\u00bb{}\u00a0\u00bb][et_pb_testimonial portrait_url=\u00a0\u00bbhttps:\/\/divine-id.site\/SFNR\/2025\/wp-content\/uploads\/2023\/03\/chloe.jpg\u00a0\u00bb quote_icon_color=\u00a0\u00bb#FFFFFF\u00a0\u00bb quote_icon_background_color=\u00a0\u00bb#FFFFFF\u00a0\u00bb font_icon=\u00a0\u00bb&#xf05a;||fa||900&Prime; portrait_width=\u00a0\u00bb115px\u00a0\u00bb portrait_height=\u00a0\u00bb117px\u00a0\u00bb _builder_version=\u00a0\u00bb4.19.4&Prime; _module_preset=\u00a0\u00bbdefault\u00a0\u00bb body_text_color=\u00a0\u00bb#000000&Prime; background_color=\u00a0\u00bbrgba(253,254,247,0.31)\u00a0\u00bb global_colors_info=\u00a0\u00bb{}\u00a0\u00bb]<\/p>\n<div class=\"person-author\">\n<h3 class=\"person-author-wrapper\" style=\"text-align: center;\"><strong><span class=\"person-name\">Chlo\u00e9 Lopez<\/span><\/strong><\/h3>\n<h5 class=\"person-author-wrapper\" style=\"text-align: center;\"><strong><span class=\"person-title\">Orateurs et inscriptions h\u00e9bergement<\/span><\/strong><\/h5>\n<\/div>\n<div class=\"person-content fusion-clearfix\" style=\"text-align: center;\"><a href=\"mailto:clopez@divine-id.com\">clopez@divine-id.com<\/a><br \/>+33 (0)4 91 01 21 00<br \/>+33 (0)6 13 96 08 70<\/div>\n<p>[\/et_pb_testimonial][\/et_pb_column][et_pb_column type=\u00a0\u00bb1_3&Prime; _builder_version=\u00a0\u00bb4.19.4&Prime; _module_preset=\u00a0\u00bbdefault\u00a0\u00bb global_colors_info=\u00a0\u00bb{}\u00a0\u00bb][et_pb_testimonial portrait_url=\u00a0\u00bbhttps:\/\/divine-id.site\/SFNR\/2025\/wp-content\/uploads\/2023\/03\/marine.jpg\u00a0\u00bb quote_icon_color=\u00a0\u00bb#FFFFFF\u00a0\u00bb quote_icon_background_color=\u00a0\u00bb#FFFFFF\u00a0\u00bb font_icon=\u00a0\u00bb&#xf05a;||fa||900&Prime; portrait_width=\u00a0\u00bb115px\u00a0\u00bb portrait_height=\u00a0\u00bb117px\u00a0\u00bb _builder_version=\u00a0\u00bb4.19.4&Prime; _module_preset=\u00a0\u00bbdefault\u00a0\u00bb body_text_color=\u00a0\u00bb#000000&Prime; background_color=\u00a0\u00bbrgba(253,254,247,0.31)\u00a0\u00bb global_colors_info=\u00a0\u00bb{}\u00a0\u00bb]<\/p>\n<div class=\"person-author\">\n<h3 class=\"person-author-wrapper\" style=\"text-align: center;\"><strong><span class=\"person-name\">Marine Balandras<\/span><\/strong><\/h3>\n<h4 class=\"person-author-wrapper\" style=\"text-align: center;\"><strong><span class=\"person-title\">Charg\u00e9e des subventions<\/span><\/strong><\/h4>\n<\/div>\n<div class=\"person-content fusion-clearfix\" style=\"text-align: center;\"><a href=\"mailto:mbalandras@divine-id.com\">mbalandras@divine-id.com<\/a><br \/>+33(0) 4 91 57 19 65<\/div>\n<p>[\/et_pb_testimonial][\/et_pb_column][\/et_pb_row][\/et_pb_section]<\/p>\n","protected":false},"excerpt":{"rendered":"<p>Auditorium08:00 Accueil caf\u00e9 sur les halls d\u2019exposition et visites des stands08:30 Pathologie de la substance blancheMod\u00e9rateurs : Alexandra Ntorkou, Charles Joris Roux, Natalia Shor 08:30 Imagerie des maladies inflammatoires p\u00e9diatriques. Kumaran Deiva, In\u00e8s Mannes09:00 Imagerie des leucodystrophies de l\u2019enfant. Charles-Joris Roux09:30 Les nouveaux crit\u00e8res diagnostiques de SEP Mc Donald 2024.Christine Lebrun-Frenay, Lydiane Mondot10:00 Quel suivi [&hellip;]<\/p>\n","protected":false},"author":3,"featured_media":0,"parent":297,"menu_order":0,"comment_status":"closed","ping_status":"closed","template":"","meta":{"_et_pb_use_builder":"on","_et_pb_old_content":"","_et_gb_content_width":"","footnotes":""},"class_list":["post-1425","page","type-page","status-publish","hentry"],"_links":{"self":[{"href":"https:\/\/divine-id.site\/SFNR\/2025\/wp-json\/wp\/v2\/pages\/1425","targetHints":{"allow":["GET"]}}],"collection":[{"href":"https:\/\/divine-id.site\/SFNR\/2025\/wp-json\/wp\/v2\/pages"}],"about":[{"href":"https:\/\/divine-id.site\/SFNR\/2025\/wp-json\/wp\/v2\/types\/page"}],"author":[{"embeddable":true,"href":"https:\/\/divine-id.site\/SFNR\/2025\/wp-json\/wp\/v2\/users\/3"}],"replies":[{"embeddable":true,"href":"https:\/\/divine-id.site\/SFNR\/2025\/wp-json\/wp\/v2\/comments?post=1425"}],"version-history":[{"count":0,"href":"https:\/\/divine-id.site\/SFNR\/2025\/wp-json\/wp\/v2\/pages\/1425\/revisions"}],"up":[{"embeddable":true,"href":"https:\/\/divine-id.site\/SFNR\/2025\/wp-json\/wp\/v2\/pages\/297"}],"wp:attachment":[{"href":"https:\/\/divine-id.site\/SFNR\/2025\/wp-json\/wp\/v2\/media?parent=1425"}],"curies":[{"name":"wp","href":"https:\/\/api.w.org\/{rel}","templated":true}]}}