{"id":410,"date":"2023-01-30T14:29:37","date_gmt":"2023-01-30T14:29:37","guid":{"rendered":"https:\/\/divine-id.site\/SFNR\/2025\/?page_id=410"},"modified":"2025-03-10T17:26:50","modified_gmt":"2025-03-10T17:26:50","slug":"eposters","status":"publish","type":"page","link":"https:\/\/divine-id.site\/SFNR\/2025\/eposters\/","title":{"rendered":"Eposters"},"content":{"rendered":"<p>[et_pb_section fb_built=\u00a0\u00bb1&Prime; disabled_on=\u00a0\u00bbon|off|off\u00a0\u00bb admin_label=\u00a0\u00bbHeader\u00a0\u00bb _builder_version=\u00a0\u00bb4.27.0&Prime; _module_preset=\u00a0\u00bbdefault\u00a0\u00bb background_color=\u00a0\u00bbRGBA(255,255,255,0)\u00a0\u00bb background_enable_image=\u00a0\u00bboff\u00a0\u00bb parallax=\u00a0\u00bbon\u00a0\u00bb background_enable_video_mp4=\u00a0\u00bboff\u00a0\u00bb custom_padding=\u00a0\u00bb0px||0px||false|false\u00a0\u00bb border_color_all=\u00a0\u00bb#F6B12B\u00a0\u00bb border_width_top=\u00a0\u00bb15px\u00a0\u00bb border_color_top=\u00a0\u00bb#F3AEB8&Prime; border_color_bottom=\u00a0\u00bbRGBA(255,255,255,0)\u00a0\u00bb border_style_bottom=\u00a0\u00bbnone\u00a0\u00bb locked=\u00a0\u00bboff\u00a0\u00bb global_colors_info=\u00a0\u00bb{}\u00a0\u00bb][et_pb_row _builder_version=\u00a0\u00bb4.27.0&Prime; _module_preset=\u00a0\u00bbdefault\u00a0\u00bb global_colors_info=\u00a0\u00bb{}\u00a0\u00bb][et_pb_column type=\u00a0\u00bb4_4&Prime; _builder_version=\u00a0\u00bb4.19.4&Prime; _module_preset=\u00a0\u00bbdefault\u00a0\u00bb global_colors_info=\u00a0\u00bb{}\u00a0\u00bb][et_pb_post_title meta=\u00a0\u00bboff\u00a0\u00bb _builder_version=\u00a0\u00bb4.27.0&Prime; _module_preset=\u00a0\u00bbdefault\u00a0\u00bb title_font=\u00a0\u00bbBebas Neue|||on|||||\u00a0\u00bb title_text_align=\u00a0\u00bbcenter\u00a0\u00bb title_text_color=\u00a0\u00bb#F3AEB8&Prime; title_font_size=\u00a0\u00bb60px\u00a0\u00bb title_letter_spacing=\u00a0\u00bb8px\u00a0\u00bb animation_style=\u00a0\u00bbslide\u00a0\u00bb animation_direction=\u00a0\u00bbleft\u00a0\u00bb animation_duration=\u00a0\u00bb350ms\u00a0\u00bb animation_intensity_slide=\u00a0\u00bb5%\u00a0\u00bb global_colors_info=\u00a0\u00bb{}\u00a0\u00bb][\/et_pb_post_title][\/et_pb_column][\/et_pb_row][\/et_pb_section][et_pb_section fb_built=\u00a0\u00bb1&Prime; _builder_version=\u00a0\u00bb4.27.0&Prime; _module_preset=\u00a0\u00bbdefault\u00a0\u00bb border_style_all=\u00a0\u00bbnone\u00a0\u00bb global_colors_info=\u00a0\u00bb{}\u00a0\u00bb][et_pb_row _builder_version=\u00a0\u00bb4.19.4&Prime; _module_preset=\u00a0\u00bbdefault\u00a0\u00bb global_colors_info=\u00a0\u00bb{}\u00a0\u00bb][et_pb_column type=\u00a0\u00bb4_4&Prime; _builder_version=\u00a0\u00bb4.19.4&Prime; _module_preset=\u00a0\u00bbdefault\u00a0\u00bb global_colors_info=\u00a0\u00bb{}\u00a0\u00bb][et_pb_text _builder_version=\u00a0\u00bb4.27.0&Prime; _module_preset=\u00a0\u00bbdefault\u00a0\u00bb global_colors_info=\u00a0\u00bb{}\u00a0\u00bb]<\/p>\n<p style=\"text-align: center;\"><strong>Durant le congr\u00e8s, retrouvez tous les Eposters sur les \u00e9crans digitaux sur le <a href=\"https:\/\/divine-id.site\/SFNR\/2025\/hall-dexposition\/\">hall d\u2019exposition<\/a> c\u00f4t\u00e9 Seine.<\/strong><\/p>\n<p>[\/et_pb_text][et_pb_text _builder_version=\u00a0\u00bb4.27.0&Prime; _module_preset=\u00a0\u00bbdefault\u00a0\u00bb hover_enabled=\u00a0\u00bb0&Prime; global_colors_info=\u00a0\u00bb{}\u00a0\u00bb sticky_enabled=\u00a0\u00bb0&Prime;]<\/p>\n<p>Enc\u00e9phalopathie toxique : quand l\u2019IRM d\u00e9voile les myst\u00e8res de la neurotoxicit\u00e9.<br \/><span style=\"color: #f3aeb8;\">Hajar ANDOUR, Hamza BOUAYAD, Meriem FIKRI, Nejwa Ech-Cherif KETTANI, Rababe LAKHOUIT, Mohamed JIDDANE, Firdaous TOUARSA<\/span><\/p>\n<p>SEP, NMO, MOGAD : Lever le voile sur la n\u00e9vrite optique.<br \/><span style=\"color: #f3aeb8;\">Hajar ANDOUR, Hamza BOUAYAD, Mohamed HASSAN, Mohamed JIDDANE, Loua\u00ef SEGHINI, Firdaous TOUARSA<\/span><\/p>\n<p>Apport de l\u2019IRM dans le diagnostic des causes structurelles de l\u2019\u00e9pilepsie chez l\u2019enfant en Afrique subsaharienne.<br \/><span style=\"color: #f3aeb8;\">Anhum KONAN, Zamble OD TRA BI, Idrissa GARBA, Ahoubougabe WB BATCHAM, Aime N GNAOUE, Alexis V KONAN<\/span><\/p>\n<p>Patterns radiologiques de la panenc\u00e9phalite scl\u00e9rosante subaigu\u00eb.<br \/><span style=\"color: #f3aeb8;\">Meriem BEN HAFSA, Amine BEN LAKHAL, Hanene BENRHOUMA, Insaf DKHIL, Soumaya JELASSI, Ichraf KRAOUA, Zouhour MILADI, Sonia NAGI<\/span><\/p>\n<p>Twig-like middle cerebral artery mimicking moyamoya syndrome: A case report and literature review.<br \/><span style=\"color: #f3aeb8;\">Asma BEN KHALIFA, Meriem BEN HAFSA, Ines BOUZAOUACHE, Adonis HALOUANI, Soumaya JELASSI, Achref JELASSI, Sonia NAGI <\/span><\/p>\n<p>Maladie de Gorham-Stout : \u00e0 propos d\u2019un cas.<br \/><span style=\"color: #f3aeb8;\">Ines BOUZAOUACHE, Insaf DKHIL, Soumaya JELASSI, Dorsaf NOURI, Sonia NAGI<\/span><\/p>\n<p>Le signe du pancake dans la my\u00e9lopathie cervicarthrosique.<br \/><span style=\"color: #f3aeb8;\">Ines BOUZAOUACHE, Insaf DKHIL, Soumaya JELASSI, Dorsaf NOURI, Sonia NAGI<\/span><\/p>\n<p>Le retard psychomoteur chez l\u00b4enfant : r\u00f4le et apport de l\u2019IRM c\u00e9r\u00e9brale.<br \/><span style=\"color: #f3aeb8;\">Siham ALAOUI RACHDI, Chaimae BABA, Sihame CHAHBOUNE, Salma ERGUIAGUE, Hajar KOURNIF, Saad TATARI, Asmae OULAD AMAR<\/span><\/p>\n<p>Analyse multimodale en IRM des m\u00e9triques c\u00e9r\u00e9brales associ\u00e9es \u00e0 la r\u00e9mission de la d\u00e9pression.<br \/><span style=\"color: #f3aeb8;\">V\u00e9ronique BRAND-ARPON, Guillaume CLAIN, Philippe COURTET, Jeremy DEVERDUN, D\u00e9borah DUCASSE, Emmanuelle LE BARS, Manon MALESTROIT, Emilie OLIE<\/span><\/p>\n<p>Accidents vasculaires c\u00e9r\u00e9braux isch\u00e9miques : nouvelle m\u00e9thode d\u2019estimation du seuil d\u2019ADC pour d\u00e9limiter le coeur isch\u00e9mique en IRM.<br \/><span style=\"color: #f3aeb8;\">Clara COHEN, Jean-Claude BARON, Wagih BEN HASSEN, Cl\u00e9ment DEBACKER, Alice LE BERRE, Catherine OPPENHEIM, Joseph BENZAKOUN<\/span><\/p>\n<p>Malformations art\u00e9rio-veineuses m\u00e9dullaires : TWIST ou ARM Biphasique ?<br \/><span style=\"color: #f3aeb8;\">Neesmah BADAT, Anne BOULIN, St\u00e9phanie CONDETTE-AULIAC, Arturo CONSOLI, Alexia GENCE BRENEY, Julie GRATIEUX, Alexandre HERAUD, Georges RODESCH<\/span><\/p>\n<p>Manifestations spectroscopiques et m\u00e9taboliques des anomalies c\u00e9r\u00e9brales chez des patients atteints de \u00ab COVID long \u00bb pr\u00e9sentant des complications neurologiques persistantes.<br \/><span style=\"color: #f3aeb8;\">Claire ANDREJAK, Daniela ANDRIUTA, Salem BOUSSIDA, Cyril BROUTIN, Jean-Marc CONSTANS, Nicolas DELEVAL, Antoine GALMICHE, Olivier GODEFROY, Catherine LE BRAS, Julien MAIZEL, Serge METANBOU, Valery SALLE, Ahed ZEDAN, Amine ZEMANI<\/span><\/p>\n<p>Segmentation automatis\u00e9e et \u00e9tude de la trophicit\u00e9 c\u00e9r\u00e9brale dans le cadre du diagnostic de Maladie a corps de Lewy.<br \/><span style=\"color: #f3aeb8;\">Emmanuel COGNAT, Christine DELMAIRE, Julien DUMURGIER, Claire HOURREGUE, Esteban MUNOZ, Claire PAQUET, Jean Claude SADIK, Julien SAVATOVSKY<\/span><\/p>\n<p>Approche diagnostique d&rsquo;un \u00e9paississement m\u00e9ning\u00e9.<br \/><span style=\"color: #f3aeb8;\">Sanae AMALIK, Ibrahima DIALLO, Rachida LATIB, Kaoutar MASLOUHI, Youssef OMOR, Wend-Yam Mohamed TRAORE, Fatima ZAHRA LAAMRANI<\/span><\/p>\n<p>L&rsquo;IRM musculaire au cours des myopathies h\u00e9r\u00e9ditaires : \u00e9valuation d&rsquo;algorithme.<br \/><span style=\"color: #f3aeb8;\">Meriem BEN HAFSA, Thouraya BEN YOUNES, Hanene BENRHOUMA, Insaf DKHIL, Soumaya JELASSI, Ichraf KRAOUA, Sonia NAGI<\/span><\/p>\n<p>Guide pratique des urgences neurologiques en oncologie.<br \/><span style=\"color: #f3aeb8;\">Soukaina BAHHA, Salma EL AOUADI, Rachida LATIB, Loubna MESSARI, Youssef OMOR<\/span><\/p>\n<p>Atrophie c\u00e9r\u00e9brale et progression de la scl\u00e9rose en plaques (SEP).<br \/><span style=\"color: #f3aeb8;\">Achraf EL OUATI, Kenza GOURRAM, Mohamed LABIED, Ghizlane LEMBARKI, Samira LEZAR, Chourouk MOUNTASSIR, Mouana SABIRI<\/span><\/p>\n<p>Comment vous en sortir avec vos microbleeds ?<br \/><span style=\"color: #f3aeb8;\">Dina EL MERNISSI, Mohamed LABIED, Ghizlane LEMBARKI, Samira LEZAR, Chourouk MOUNTASSIR, Mouana SABIRI<\/span><\/p>\n<p>L\u2019imagerie post-th\u00e9rapeutique du cancer du cavum : Un guide pratique.<br \/><span style=\"color: #f3aeb8;\">Sanae AMALIK, Samia AMAR, Boutaina ESSAHER,Rachida LATIB, Youssef OMOR, Yahya SQALLI HOUSSAINI, Fatima ZAHRA LAAMRANI<\/span><\/p>\n<p>Imagerie des m\u00e9tastases orbitaires : caract\u00e9ristiques et r\u00f4le du diagnostic multimodal.<br \/><span style=\"color: #f3aeb8;\">Sanae AMALIK, Sara CHERKAOUI, Hatim ESSABER, Asmaa FARIYOU, Rachida LATIB, Youssef OMOR, Fatima ZAHRAE LAAMRANI<\/span><\/p>\n<p>IRM de l\u2019AVC isch\u00e9mique avec microbleeds : quand faut-il thrombolyser ?<br \/><span style=\"color: #f3aeb8;\">Kenza GOURRAM<\/span><\/p>\n<p>Imagerie de la neurosarco\u00efdose : points forts en IRM (\u00c0 propos de 16 cas).<br \/><span style=\"color: #f3aeb8;\">Zineb GOURRAM, Mohamed LABIED, Ghizlane LEMBARKI, Samira LEZAR, Chourouk MOUNTASSIR, Mouana SABIRI<\/span><\/p>\n<p>Enc\u00e9phalopathie de Wernicke : pr\u00e9sentation typique et atypique en imagerie (\u00c0 propos de 10 cas).<br \/><span style=\"color: #f3aeb8;\">Zineb GOURRAM, Mohamed LABIED, Ghizlane LEMBARKI, Samira LEZAR, Chourouk MOUNTASSIR, Mouana SABIRI<\/span><\/p>\n<p>De front : affronter le lymphome du syst\u00e8me nerveux central.<br \/><span style=\"color: #f3aeb8;\">Ismail HALFI, Mohamed JIDDANE, Firdaous TOUARSA<\/span><\/p>\n<p>Caract\u00e9ristiques IRM de la neurotoxicit\u00e9 centrale li\u00e9e \u00e0 la chimioth\u00e9rapie : revue illustr\u00e9e.<br \/><span style=\"color: #f3aeb8;\">Ismail HALFI, Mohamed JIDDANE, Firdaous TOUARSA<\/span><\/p>\n<p>IRM des tumeurs sellaires et supra sellaires : quel int\u00e9r\u00eat ?<br \/><span style=\"color: #f3aeb8;\">Youssef BOUKTIB, Badr BOUTAKIOUTE, Najat CHERIF, Hajar DAHMAN, Ayoub EL HAJJAMI, Idrissi GANOUNI, Imane KAZOUINI, Mariem OUALI IDRISSI<\/span><\/p>\n<p>Caract\u00e9ristiques IRM de la maladie Neurobeh\u00e7et : \u00e0 propos de 10 cas.<br \/><span style=\"color: #f3aeb8;\">Salaheddine MOUADIB, Mohamed LABIED, Ghizlane LEMBARKI, Samira LEZAR, Chourouk MOUNTASSIR, Mouana SABIRI<\/span><\/p>\n<p>Neuro-imagerie : instrument cl\u00e9 dans le diagnostic et l\u2019\u00e9valuation pronostique des l\u00e9sions axonales diffuses.<br \/><span style=\"color: #f3aeb8;\">Mohamed LABIED, Ghizlane LEMBARKI, Samira LEZAR, Salaheddine MOUADIB, Chourouk MOUNTASSIR, Mouana SABIRI<\/span><\/p>\n<p>Association entre trophicit\u00e9 du muscle temporal et pronostic fonctionnel des AVC h\u00e9morragiques.<br \/><span style=\"color: #f3aeb8;\">Gr\u00e9goire BOULOUIS, Clara COHEN, Olivier CURTINOT, Tasnym MAGHFOUR, Simon NATAF, Canan OZSANCAK, Marco PASI<\/span><\/p>\n<p>Ultra-high resolution quantitative susceptibility mapping at 7 Tesla in a clinical protocol.<br \/><span style=\"color: #f3aeb8;\">Felix Tobias KURZ, Karl-Olof LOVBLAD, Martin NDENGERA<\/span><\/p>\n<p>Revue iconographique des \u00e9tiologies de l\u2019Epilepsie chez l\u2019enfant.<br \/><span style=\"color: #f3aeb8;\">Asmae OULAD AMAR<\/span><\/p>\n<p>Evaluation du potentiel diagnostique de la radiomique en cas d\u2019enc\u00e9phalite sans l\u00e9sion visible en IRM.<br \/><span style=\"color: #f3aeb8;\">Sandra RAINERO<\/span><\/p>\n<p>Suivi post-th\u00e9rapeutique des tumeurs c\u00e9r\u00e9brales : apport d\u00e9cisif de l\u2019imagerie multimodale.<br \/><span style=\"color: #f3aeb8;\">Sanae AMALIK, Ibrahima DIALLO DOKAL, Soumya EL GRAINI, Rachida LATIB, Youssef OMOR, Hamza RETAL, Fatima ZAHRAE LAAMRANI<\/span><\/p>\n<p>Imagerie de perfusion c\u00e9r\u00e9brale : L&rsquo;essentiel pour tout comprendre.<br \/><span style=\"color: #f3aeb8;\">Sanae AMALIK, Ibrahima DIALLO DOKAL, Soumya EL GRAINI, Rachida LATIB, Youssef OMOR, Hamza RETAL, Fatima ZAHRAE LAAMRANI<\/span><\/p>\n<p>Imagerie des m\u00e9tastases c\u00e9r\u00e9brales du CBNPC.<br \/><span style=\"color: #f3aeb8;\">Sanae AMALIK, Sara CHERKAOUI, Soumya EL GRAINI, Rachida LATIB, Youssef OMOR, Hamza RETAL<\/span><\/p>\n<p>Pathologies du corps calleux.<br \/><span style=\"color: #f3aeb8;\">Mohamed LABIED, Ghizlane LEMBARKI, Samira LEZAR, Chourouk MOUNTASSIR, Mouna SABIRI, Otmane SOUSSI<\/span><\/p>\n<p>Essential palatal tremor following COVID-19 vaccine: a case report.<br \/><span style=\"color: #f3aeb8;\">Nawal ADALI, Sara LAADAMI, Yahya NAJI, Khalil TOUMI<\/span><\/p>\n<p>[\/et_pb_text][\/et_pb_column][\/et_pb_row][\/et_pb_section][et_pb_section fb_built=\u00a0\u00bb1&Prime; fullwidth=\u00a0\u00bbon\u00a0\u00bb _builder_version=\u00a0\u00bb4.19.4&Prime; _module_preset=\u00a0\u00bbdefault\u00a0\u00bb global_module=\u00a0\u00bb270&Prime; saved_tabs=\u00a0\u00bball\u00a0\u00bb global_colors_info=\u00a0\u00bb{}\u00a0\u00bb][\/et_pb_section]<\/p>\n","protected":false},"excerpt":{"rendered":"<p>Durant le congr\u00e8s, retrouvez tous les Eposters sur les \u00e9crans digitaux sur le hall d\u2019exposition c\u00f4t\u00e9 Seine.Enc\u00e9phalopathie toxique : quand l\u2019IRM d\u00e9voile les myst\u00e8res de la neurotoxicit\u00e9.Hajar ANDOUR, Hamza BOUAYAD, Meriem FIKRI, Nejwa Ech-Cherif KETTANI, Rababe LAKHOUIT, Mohamed JIDDANE, Firdaous TOUARSA SEP, NMO, MOGAD : Lever le voile sur la n\u00e9vrite optique.Hajar ANDOUR, Hamza BOUAYAD, [&hellip;]<\/p>\n","protected":false},"author":3,"featured_media":0,"parent":0,"menu_order":0,"comment_status":"closed","ping_status":"closed","template":"","meta":{"_et_pb_use_builder":"on","_et_pb_old_content":"","_et_gb_content_width":"","footnotes":""},"class_list":["post-410","page","type-page","status-publish","hentry"],"_links":{"self":[{"href":"https:\/\/divine-id.site\/SFNR\/2025\/wp-json\/wp\/v2\/pages\/410","targetHints":{"allow":["GET"]}}],"collection":[{"href":"https:\/\/divine-id.site\/SFNR\/2025\/wp-json\/wp\/v2\/pages"}],"about":[{"href":"https:\/\/divine-id.site\/SFNR\/2025\/wp-json\/wp\/v2\/types\/page"}],"author":[{"embeddable":true,"href":"https:\/\/divine-id.site\/SFNR\/2025\/wp-json\/wp\/v2\/users\/3"}],"replies":[{"embeddable":true,"href":"https:\/\/divine-id.site\/SFNR\/2025\/wp-json\/wp\/v2\/comments?post=410"}],"version-history":[{"count":0,"href":"https:\/\/divine-id.site\/SFNR\/2025\/wp-json\/wp\/v2\/pages\/410\/revisions"}],"wp:attachment":[{"href":"https:\/\/divine-id.site\/SFNR\/2025\/wp-json\/wp\/v2\/media?parent=410"}],"curies":[{"name":"wp","href":"https:\/\/api.w.org\/{rel}","templated":true}]}}