{"id":418,"date":"2023-01-30T14:38:49","date_gmt":"2023-01-30T14:38:49","guid":{"rendered":"https:\/\/divine-id.site\/SFNR\/2025\/?page_id=418"},"modified":"2025-03-04T15:32:08","modified_gmt":"2025-03-04T15:32:08","slug":"faculte","status":"publish","type":"page","link":"https:\/\/divine-id.site\/SFNR\/2025\/faculte\/","title":{"rendered":"Facult\u00e9"},"content":{"rendered":"<p>[et_pb_section fb_built=\u00a0\u00bb1&Prime; disabled_on=\u00a0\u00bbon|off|off\u00a0\u00bb admin_label=\u00a0\u00bbHeader\u00a0\u00bb _builder_version=\u00a0\u00bb4.19.4&Prime; _module_preset=\u00a0\u00bbdefault\u00a0\u00bb background_color=\u00a0\u00bbRGBA(255,255,255,0)\u00a0\u00bb background_enable_image=\u00a0\u00bboff\u00a0\u00bb parallax=\u00a0\u00bbon\u00a0\u00bb background_enable_video_mp4=\u00a0\u00bboff\u00a0\u00bb custom_padding=\u00a0\u00bb0px||0px||false|false\u00a0\u00bb border_width_top=\u00a0\u00bb15px\u00a0\u00bb border_color_top=\u00a0\u00bb#F6B12B\u00a0\u00bb locked=\u00a0\u00bboff\u00a0\u00bb global_colors_info=\u00a0\u00bb{}\u00a0\u00bb][et_pb_row _builder_version=\u00a0\u00bb4.19.4&Prime; _module_preset=\u00a0\u00bbdefault\u00a0\u00bb global_colors_info=\u00a0\u00bb{}\u00a0\u00bb][et_pb_column type=\u00a0\u00bb4_4&Prime; _builder_version=\u00a0\u00bb4.19.4&Prime; _module_preset=\u00a0\u00bbdefault\u00a0\u00bb global_colors_info=\u00a0\u00bb{}\u00a0\u00bb][et_pb_post_title meta=\u00a0\u00bboff\u00a0\u00bb _builder_version=\u00a0\u00bb4.19.4&Prime; _module_preset=\u00a0\u00bbdefault\u00a0\u00bb title_font=\u00a0\u00bbBebas Neue|||on|||||\u00a0\u00bb title_text_align=\u00a0\u00bbcenter\u00a0\u00bb title_text_color=\u00a0\u00bb#F6B12B\u00a0\u00bb title_font_size=\u00a0\u00bb60px\u00a0\u00bb title_letter_spacing=\u00a0\u00bb8px\u00a0\u00bb animation_style=\u00a0\u00bbslide\u00a0\u00bb animation_direction=\u00a0\u00bbleft\u00a0\u00bb animation_duration=\u00a0\u00bb350ms\u00a0\u00bb animation_intensity_slide=\u00a0\u00bb5%\u00a0\u00bb global_colors_info=\u00a0\u00bb{}\u00a0\u00bb][\/et_pb_post_title][et_pb_text _builder_version=\u00a0\u00bb4.27.0&Prime; _module_preset=\u00a0\u00bbdefault\u00a0\u00bb global_colors_info=\u00a0\u00bb{}\u00a0\u00bb]<\/p>\n<p style=\"text-align: center;\">D\u00e9couvrez la facult\u00e9 2025 :<\/p>\n<p>[\/et_pb_text][\/et_pb_column][\/et_pb_row][\/et_pb_section][et_pb_section fb_built=\u00a0\u00bb1&Prime; disabled_on=\u00a0\u00bboff|off|off\u00a0\u00bb _builder_version=\u00a0\u00bb4.22.1&Prime; _module_preset=\u00a0\u00bbdefault\u00a0\u00bb global_colors_info=\u00a0\u00bb{}\u00a0\u00bb][et_pb_row column_structure=\u00a0\u00bb1_2,1_2&Prime; _builder_version=\u00a0\u00bb4.19.4&Prime; _module_preset=\u00a0\u00bbdefault\u00a0\u00bb global_colors_info=\u00a0\u00bb{}\u00a0\u00bb][et_pb_column type=\u00a0\u00bb1_2&Prime; _builder_version=\u00a0\u00bb4.19.4&Prime; _module_preset=\u00a0\u00bbdefault\u00a0\u00bb global_colors_info=\u00a0\u00bb{}\u00a0\u00bb][et_pb_text _builder_version=\u00a0\u00bb4.27.0&Prime; _module_preset=\u00a0\u00bbdefault\u00a0\u00bb hover_enabled=\u00a0\u00bb0&Prime; global_colors_info=\u00a0\u00bb{}\u00a0\u00bb sticky_enabled=\u00a0\u00bb0&Prime;]<\/p>\n<p>Thibault AGRIPNIDIS, Marseille<br \/>Marianne ALISON, Paris<br \/>Julien ALLARD, Paris<br \/>Ren\u00e9 ANXIONNAT, Nancy<br \/>Maria ARGYROPOULOU, Ath\u00e8nes, Gr\u00e8ce<br \/>Arnaud ATTYE, Grenoble<br \/>Blanche BAPST, Cr\u00e9teil<br \/>Xavier BARREAU, Bordeaux<br \/>Ludivine BELY, Paris<br \/>Douraied BEN SALEM, Brest<br \/>J\u00e9r\u00f4me BERGE, Bordeaux<br \/>Didier BESSIS, Montpellier<br \/>Gauthier BINNINGER, Tours<br \/>Alessandra BIONDI, Besan\u00e7on<br \/>Annouk BISDORFF, Paris<br \/>Rapha\u00ebl BLANC, Paris<br \/>Nathalie BODDAERT, Paris<br \/>Alain BONAF\u00c9, Montpellier<br \/>Baptiste BONNET, Villejuif<br \/>Fabrice BONNEVILLE, Toulouse<br \/>Gr\u00e9goire BOULOUIS, Tours<br \/>Claire BOUTET, Saint-Etienne<br \/>Charlotte BOYER, Montpellier<br \/>Martin BRETZNEZ, Lille<br \/>Francis BRUNELLE, Paris<br \/>Marie-Pierre BUNY, Reims<br \/>Julien BUREL, Rouen<br \/>Arnaud CACHIA, Paris<br \/>Federico CAGNAZZO, Montpellier<br \/>Guillaume CANAUD, Paris<br \/>Jildaz CAROFF, Paris<br \/>Mathilde CARRIERE, Montpellier<br \/>Aline CARSIN, Reims<br \/>Hugo CASELLES \u2013 DUPRE, Paris<br \/>Roberto CAZZATO, Strasbourg<br \/>Emmanuel CHABERT, Clermont-Ferrand<br \/>Agathe CHAMMAS, Strasbourg<br \/>Thomas CHECKOURI, Montpellier<br \/>Fr\u00e9d\u00e9ric CLAREN\u00c7ON, Paris<br \/>Carole CLAVIER MICHEAU, Montpellier<br \/>Arthur COGET, Montpellier<br \/>Vincent COSTALAT, Montpellier<br \/>Volodia DANGOULOFF-ROS, Paris<br \/>Cyril DARGAZANLI, Montpellier<br \/>Kumaran DEIVA, Paris<br \/>Jean DELMAS, Bordeaux<br \/>Kelly DELOTTE, Marseille<br \/>Romain DEMAISON, Grenoble<br \/>Eve DENIS, Montpellier<br \/>Fabien DE OLIVEIRA, N\u00eemes<br \/>Hubert DESAL, Nantes<br \/>Chlo\u00e9 DE SANTI, Marseille<br \/>Edouard DE SOUSA, Lille<br \/>Didier DORMONT, Paris<br \/>Julien DUCASSE, Paris<br \/>Julien FRANDON, N\u00eemes<br \/>Damien GALANAUD, Paris<br \/>Gr\u00e9gory GASCOU, Montpellier<br \/>Jean-Christophe GENTRIC, Brest<br \/>Nadine GIRARD, Marseille<br \/>Malo GOAPPER, Montpellier<br \/>Benjamin GORY, Nancy<br \/>Jacques GRILL, Paris<\/p>\n<p>[\/et_pb_text][\/et_pb_column][et_pb_column type=\u00a0\u00bb1_2&Prime; _builder_version=\u00a0\u00bb4.19.4&Prime; _module_preset=\u00a0\u00bbdefault\u00a0\u00bb global_colors_info=\u00a0\u00bb{}\u00a0\u00bb][et_pb_text _builder_version=\u00a0\u00bb4.27.0&Prime; _module_preset=\u00a0\u00bbdefault\u00a0\u00bb hover_enabled=\u00a0\u00bb0&Prime; global_colors_info=\u00a0\u00bb{}\u00a0\u00bb sticky_enabled=\u00a0\u00bb0&Prime;]<\/p>\n<p>Lelio GUIDA, Paris<br \/>Jean-Fran\u00e7ois HAK, Marseille<br \/>Riyad HANAFI, Lille<br \/>Denis HERBRETEAU, Tours<br \/>B\u00e9atrice JAMAULT, Amiens<br \/>Michel KOENIG, Montpellier<br \/>Manoelle KOSSOROTOFF, Paris<br \/>Alexandre KRAINIK, Grenoble<br \/>Sidney KRYSTAL, Paris<br \/>Gr\u00e9gory KUCHCINSKI, Lille<br \/>Fran\u00e7ois LAFITTE, Paris<br \/>Bertrant LAPERGUE, Suresnes<br \/>Emmanuelle LE BARS, Montpellier<br \/>Alice LE BERRE, Paris<br \/>Nicolas LEBOUCQ, Montpellier<br \/>Christine LEBRUN-FRENAY, Nice<br \/>St\u00e9phane LEH\u00c9RICY, Paris<br \/>Augustin LECLER, Paris<br \/>Pierre &#8211; Henri LEFEVRE, Montpellier<br \/>Rapha\u00ebl LEVY, Paris<br \/>Liang LIAO, Nancy<br \/>Nicolas LONJON, Montpellier<br \/>Emmanuel MANDONNET, Paris<br \/>In\u00e8s MANNES, Paris<br \/>Gaultier MARNAT, Bordeaux<br \/>Bernard MATHON, Paris<br \/>Charles MELLERIO, Saint-Denis<br \/>Nicolas MENJOT DE CHAMPFLEUR, Montpellier<br \/>Justine MERIADEC, Montpellier<br \/>Fanny MOCHEL, Paris<br \/>Lydiane MONDOT, Nice<br \/>Baptiste MOREL, Tours<br \/>Jacques MORET, Paris<br \/>S\u00e9verine MOYNAT, Paris<br \/>Olivier NAGGARA, Paris<br \/>Alexandra NTORKOU, Paris<br \/>Laurent PIEROT, Reims<br \/>Charline PITOIS, Reims<br \/>Jean-Pierre PRUVO, Lille<br \/>Nadya PYATIGORSKAYA, Paris<br \/>Charles RAYBAUD, Marseille<br \/>Margaux ROQUES, Toulouse<br \/>Andr\u00e9a ROSSI, G\u00eanes, Italie<br \/>Agathe ROUBERTIE, Montpellier<br \/>Aymeric ROUCHAUD, Limoges<br \/>Thomas ROUJEAU, Montpellier<br \/>Charles Joris ROUX, Montpellier<br \/>Maurice RUDEL, Saint-Laurent du Var<br \/>Thomas SAMOYEAU, Paris<br \/>Natalia SHOR, Paris<br \/>Eimad SHOTAR, Paris<br \/>Adnan SIDDIQUI, Buffalo, Etats-Unis<br \/>Cassandre SILVA PEREIRA, Paris<br \/>Laurent SPELLE, Paris<br \/>Beno\u00eet TESTUD, Marseille<br \/>Jean-No\u00ebl VALLEE, Paris<br \/>Pascale VARLET, Paris<br \/>Quentin VARNIER, Montpellier<\/p>\n<p>[\/et_pb_text][\/et_pb_column][\/et_pb_row][\/et_pb_section]<\/p>\n","protected":false},"excerpt":{"rendered":"<p>D\u00e9couvrez la facult\u00e9 2025 :Thibault AGRIPNIDIS, MarseilleMarianne ALISON, ParisJulien ALLARD, ParisRen\u00e9 ANXIONNAT, NancyMaria ARGYROPOULOU, Ath\u00e8nes, Gr\u00e8ceArnaud ATTYE, GrenobleBlanche BAPST, Cr\u00e9teilXavier BARREAU, BordeauxLudivine BELY, ParisDouraied BEN SALEM, BrestJ\u00e9r\u00f4me BERGE, BordeauxDidier BESSIS, MontpellierGauthier BINNINGER, ToursAlessandra BIONDI, Besan\u00e7onAnnouk BISDORFF, ParisRapha\u00ebl BLANC, ParisNathalie BODDAERT, ParisAlain BONAF\u00c9, MontpellierBaptiste BONNET, VillejuifFabrice BONNEVILLE, ToulouseGr\u00e9goire BOULOUIS, ToursClaire BOUTET, Saint-EtienneCharlotte BOYER, MontpellierMartin BRETZNEZ, LilleFrancis [&hellip;]<\/p>\n","protected":false},"author":3,"featured_media":0,"parent":0,"menu_order":0,"comment_status":"closed","ping_status":"closed","template":"","meta":{"_et_pb_use_builder":"on","_et_pb_old_content":"","_et_gb_content_width":"","footnotes":""},"class_list":["post-418","page","type-page","status-publish","hentry"],"_links":{"self":[{"href":"https:\/\/divine-id.site\/SFNR\/2025\/wp-json\/wp\/v2\/pages\/418","targetHints":{"allow":["GET"]}}],"collection":[{"href":"https:\/\/divine-id.site\/SFNR\/2025\/wp-json\/wp\/v2\/pages"}],"about":[{"href":"https:\/\/divine-id.site\/SFNR\/2025\/wp-json\/wp\/v2\/types\/page"}],"author":[{"embeddable":true,"href":"https:\/\/divine-id.site\/SFNR\/2025\/wp-json\/wp\/v2\/users\/3"}],"replies":[{"embeddable":true,"href":"https:\/\/divine-id.site\/SFNR\/2025\/wp-json\/wp\/v2\/comments?post=418"}],"version-history":[{"count":0,"href":"https:\/\/divine-id.site\/SFNR\/2025\/wp-json\/wp\/v2\/pages\/418\/revisions"}],"wp:attachment":[{"href":"https:\/\/divine-id.site\/SFNR\/2025\/wp-json\/wp\/v2\/media?parent=418"}],"curies":[{"name":"wp","href":"https:\/\/api.w.org\/{rel}","templated":true}]}}